{"id":161,"date":"2014-01-16T22:51:11","date_gmt":"2014-01-17T05:51:11","guid":{"rendered":"http:\/\/www.berthoudhistoricalsociety.org\/BHS_Wordpress\/homesteading\/"},"modified":"2019-07-31T13:31:04","modified_gmt":"2019-07-31T19:31:04","slug":"business-2-4","status":"publish","type":"page","link":"https:\/\/berthoudhistoricalsociety.org\/de\/business-2-4\/","title":{"rendered":"Railroad"},"content":{"rendered":"<div data-elementor-type=\"wp-post\" data-elementor-id=\"161\" class=\"elementor elementor-161\" data-elementor-post-type=\"page\">\n\t\t\t\t\t\t<section class=\"elementor-section elementor-top-section elementor-element elementor-element-04bb6bd elementor-section-boxed elementor-section-height-default elementor-section-height-default\" data-id=\"04bb6bd\" data-element_type=\"section\" data-e-type=\"section\">\n\t\t\t\t\t\t<div class=\"elementor-container elementor-column-gap-default\">\n\t\t\t\t\t<div class=\"elementor-column elementor-col-100 elementor-top-column elementor-element elementor-element-e77b2c3\" data-id=\"e77b2c3\" data-element_type=\"column\" data-e-type=\"column\">\n\t\t\t<div class=\"elementor-widget-wrap elementor-element-populated\">\n\t\t\t\t\t\t<div class=\"elementor-element elementor-element-ea82e01 elementor-widget elementor-widget-text-editor\" data-id=\"ea82e01\" data-element_type=\"widget\" data-e-type=\"widget\" data-widget_type=\"text-editor.default\">\n\t\t\t\t<div class=\"elementor-widget-container\">\n\t\t\t\t\t\t\t\t\t<h1><em>Auf Wunsch der Eisenbahn verlegt<\/em><\/h1>\t\t\t\t\t\t\t\t<\/div>\n\t\t\t\t<\/div>\n\t\t\t\t\t<\/div>\n\t\t<\/div>\n\t\t\t\t\t<\/div>\n\t\t<\/section>\n\t\t\t\t<section class=\"elementor-section elementor-top-section elementor-element elementor-element-eecad01 elementor-section-boxed elementor-section-height-default elementor-section-height-default\" data-id=\"eecad01\" data-element_type=\"section\" data-e-type=\"section\">\n\t\t\t\t\t\t<div class=\"elementor-container elementor-column-gap-default\">\n\t\t\t\t\t<div class=\"elementor-column elementor-col-33 elementor-top-column elementor-element elementor-element-33cc97b\" data-id=\"33cc97b\" data-element_type=\"column\" data-e-type=\"column\">\n\t\t\t<div class=\"elementor-widget-wrap elementor-element-populated\">\n\t\t\t\t\t\t<div class=\"elementor-element elementor-element-c735c7f elementor-widget elementor-widget-text-editor\" data-id=\"c735c7f\" data-element_type=\"widget\" data-e-type=\"widget\" data-widget_type=\"text-editor.default\">\n\t\t\t\t<div class=\"elementor-widget-container\">\n\t\t\t\t\t\t\t\t\t<p><img fetchpriority=\"high\" decoding=\"async\" class=\"aligncenter\" src=\"https:\/\/berthoudhistoricalsociety.org\/images\/IMG-Railroad.jpg\" alt=\"\" width=\"450\" height=\"349\" \/><\/p>\t\t\t\t\t\t\t\t<\/div>\n\t\t\t\t<\/div>\n\t\t\t\t\t<\/div>\n\t\t<\/div>\n\t\t\t\t<div class=\"elementor-column elementor-col-66 elementor-top-column elementor-element elementor-element-d2f2341\" data-id=\"d2f2341\" data-element_type=\"column\" data-e-type=\"column\">\n\t\t\t<div class=\"elementor-widget-wrap elementor-element-populated\">\n\t\t\t\t\t\t<div class=\"elementor-element elementor-element-52670cf elementor-widget elementor-widget-text-editor\" data-id=\"52670cf\" data-element_type=\"widget\" data-e-type=\"widget\" data-widget_type=\"text-editor.default\">\n\t\t\t\t<div class=\"elementor-widget-container\">\n\t\t\t\t\t\t\t\t\t<p align=\"left\">Die ersten Gleise, die 1877 \u00fcber das Little Thompson Valley verlegt wurden, halfen der Colorado Central Railroad, ihre Strecke zwischen Longmont, Colorado und Cheyenne, Wyoming, zu verbinden. In der Siedlung Berthoud am Grund des Little Thompson River baute das Unternehmen ein Haus f\u00fcr seine Streckenmannschaft und lie\u00df einen G\u00fcterwagen entgleisen, um ihn als provisorisches Depot zu nutzen.<\/p><p align=\"left\">Als festgestellt wurde, dass Lokomotiven Schwierigkeiten hatten, die n\u00f6tige Energie zu erzeugen, um vom Flussbett aufzusteigen, lie\u00dfen die Beamten wissen, dass die Stadt auf h\u00f6her gelegenes Gel\u00e4nde verlegt werden m\u00fcsse oder der Zug nicht mehr in der Gegend halten w\u00fcrde. Um der Eisenbahn Platz zu bieten, wurde die Stadt im Winter 1883\/84 verlegt.<\/p><p align=\"center\"><img decoding=\"async\" src=\"https:\/\/berthoudhistoricalsociety.org\/images\/IMG-Railroad3.jpg\" alt=\"\" width=\"450\" height=\"260\" \/><\/p><p align=\"left\">Am neuen Standort der Stadt verzweigten sich Gleisanschl\u00fcsse zu Getreidesilos und einer Getreidem\u00fchle, die den Mittelpunkt eines Gesch\u00e4ftsviertels in der Innenstadt bildeten, das von Personen- und G\u00fcterz\u00fcgen der Colorado &amp; Southern Railroad bedient wurde.<\/p><p align=\"left\">Berthoud pflegte ein gespanntes Verh\u00e4ltnis zur Eisenbahn, das 1905 ans Licht kam, als die lokale Boulevardzeitung sich beschwerte: \u201eEs scheint fast Zeitverschwendung, etwas \u00fcber den Zustand des Warteraums im Depot in Berthoud zu sagen. Er ist eine Schande f\u00fcr die Stadt. Die C. &amp; S. Railway ist es dieser Gemeinde schuldig, ihren Kunden komfortable Unterk\u00fcnfte zur Verf\u00fcgung zu stellen, aber derzeit gibt es nicht genug Platz, um mehr als ein halbes Dutzend Menschen unterzubringen. Damen, die das Pech haben, auf einen Zug warten zu m\u00fcssen, gehen nicht in den schmuddeligen Warteraum, der f\u00fcr die \u00d6ffentlichkeit vorgesehen ist. Sie sind gezwungen, in nahe gelegenen Gesch\u00e4ften zu warten, bis der Zug in Sicht kommt, und dann zu ihm zu rennen. Es kommt so selten vor, dass ein C. &amp; S.-Zug p\u00fcnktlich ankommt, dass ein anst\u00e4ndiger Warteraum notwendig ist.\u201c<\/p><p align=\"center\"><img decoding=\"async\" src=\"https:\/\/berthoudhistoricalsociety.org\/images\/IMG-Railroad2.jpg\" alt=\"\" width=\"450\" height=\"300\" \/><\/p><p align=\"left\">Der Personenverkehr wurde bis in die 40er Jahre fortgef\u00fchrt, wurde dann aber durch G\u00fcterz\u00fcge der Burlington Northern and Santa Fe (BSNF Railway) abgel\u00f6st, die die Eisenbahnlinie auch heute noch nutzen.<\/p>\t\t\t\t\t\t\t\t<\/div>\n\t\t\t\t<\/div>\n\t\t\t\t\t<\/div>\n\t\t<\/div>\n\t\t\t\t\t<\/div>\n\t\t<\/section>\n\t\t\t\t<\/div>","protected":false},"excerpt":{"rendered":"<p>Relocated at the Railroad&#8217;s Request The first tracks laid across the Little Thompson Valley in 1877 helped the Colorado Central Railroad connect its line between Longmont, Colorado and Cheyenne, Wyoming. [&hellip;]<\/p>\n","protected":false},"author":2,"featured_media":0,"parent":0,"menu_order":0,"comment_status":"closed","ping_status":"closed","template":"","meta":{"_price":"","_stock":"","_tribe_ticket_header":"","_tribe_default_ticket_provider":"","_tribe_ticket_capacity":"0","_ticket_start_date":"","_ticket_end_date":"","_tribe_ticket_show_description":"","_tribe_ticket_show_not_going":false,"_tribe_ticket_use_global_stock":"","_tribe_ticket_global_stock_level":"","_global_stock_mode":"","_global_stock_cap":"","_tribe_rsvp_for_event":"","_tribe_ticket_going_count":"","_tribe_ticket_not_going_count":"","_tribe_tickets_list":"[]","_tribe_ticket_has_attendee_info_fields":false,"footnotes":"","_tec_slr_enabled":"","_tec_slr_layout":""},"class_list":["post-161","page","type-page","status-publish","hentry"],"ticketed":false,"_links":{"self":[{"href":"https:\/\/berthoudhistoricalsociety.org\/de\/wp-json\/wp\/v2\/pages\/161","targetHints":{"allow":["GET"]}}],"collection":[{"href":"https:\/\/berthoudhistoricalsociety.org\/de\/wp-json\/wp\/v2\/pages"}],"about":[{"href":"https:\/\/berthoudhistoricalsociety.org\/de\/wp-json\/wp\/v2\/types\/page"}],"author":[{"embeddable":true,"href":"https:\/\/berthoudhistoricalsociety.org\/de\/wp-json\/wp\/v2\/users\/2"}],"replies":[{"embeddable":true,"href":"https:\/\/berthoudhistoricalsociety.org\/de\/wp-json\/wp\/v2\/comments?post=161"}],"version-history":[{"count":0,"href":"https:\/\/berthoudhistoricalsociety.org\/de\/wp-json\/wp\/v2\/pages\/161\/revisions"}],"wp:attachment":[{"href":"https:\/\/berthoudhistoricalsociety.org\/de\/wp-json\/wp\/v2\/media?parent=161"}],"curies":[{"name":"wp","href":"https:\/\/api.w.org\/{rel}","templated":true}]}}