{"id":196,"date":"2013-12-17T05:57:49","date_gmt":"2013-12-17T12:57:49","guid":{"rendered":"http:\/\/www.berthoudhistoricalsociety.org\/BHS_Wordpress\/agriculture-3\/"},"modified":"2019-07-31T13:27:20","modified_gmt":"2019-07-31T19:27:20","slug":"agriculture-3","status":"publish","type":"page","link":"https:\/\/berthoudhistoricalsociety.org\/de\/agriculture-3\/","title":{"rendered":"Agriculture"},"content":{"rendered":"<div data-elementor-type=\"wp-post\" data-elementor-id=\"196\" class=\"elementor elementor-196\" data-elementor-post-type=\"page\">\n\t\t\t\t\t\t<section class=\"elementor-section elementor-top-section elementor-element elementor-element-117d8f1 elementor-section-boxed elementor-section-height-default elementor-section-height-default\" data-id=\"117d8f1\" data-element_type=\"section\" data-e-type=\"section\">\n\t\t\t\t\t\t<div class=\"elementor-container elementor-column-gap-default\">\n\t\t\t\t\t<div class=\"elementor-column elementor-col-100 elementor-top-column elementor-element elementor-element-1c98787\" data-id=\"1c98787\" data-element_type=\"column\" data-e-type=\"column\">\n\t\t\t<div class=\"elementor-widget-wrap elementor-element-populated\">\n\t\t\t\t\t\t<div class=\"elementor-element elementor-element-9c2bbf2 elementor-widget elementor-widget-text-editor\" data-id=\"9c2bbf2\" data-element_type=\"widget\" data-e-type=\"widget\" data-widget_type=\"text-editor.default\">\n\t\t\t\t<div class=\"elementor-widget-container\">\n\t\t\t\t\t\t\t\t\t<h1><em>Wheat, Water, Alfalfa and Beets<\/em><\/h1>\t\t\t\t\t\t\t\t<\/div>\n\t\t\t\t<\/div>\n\t\t\t\t\t<\/div>\n\t\t<\/div>\n\t\t\t\t\t<\/div>\n\t\t<\/section>\n\t\t\t\t<section class=\"elementor-section elementor-top-section elementor-element elementor-element-3d0fdce elementor-section-boxed elementor-section-height-default elementor-section-height-default\" data-id=\"3d0fdce\" data-element_type=\"section\" data-e-type=\"section\">\n\t\t\t\t\t\t<div class=\"elementor-container elementor-column-gap-default\">\n\t\t\t\t\t<div class=\"elementor-column elementor-col-33 elementor-top-column elementor-element elementor-element-8bf7fe0\" data-id=\"8bf7fe0\" data-element_type=\"column\" data-e-type=\"column\">\n\t\t\t<div class=\"elementor-widget-wrap elementor-element-populated\">\n\t\t\t\t\t\t<div class=\"elementor-element elementor-element-49e7f36 elementor-widget elementor-widget-text-editor\" data-id=\"49e7f36\" data-element_type=\"widget\" data-e-type=\"widget\" data-widget_type=\"text-editor.default\">\n\t\t\t\t<div class=\"elementor-widget-container\">\n\t\t\t\t\t\t\t\t\t<p><img fetchpriority=\"high\" decoding=\"async\" class=\"aligncenter\" src=\"https:\/\/berthoudhistoricalsociety.org\/images\/IMG-Agriculture-Irrigation.jpg\" alt=\"\" width=\"300\" height=\"449\" \/><\/p>\t\t\t\t\t\t\t\t<\/div>\n\t\t\t\t<\/div>\n\t\t\t\t\t<\/div>\n\t\t<\/div>\n\t\t\t\t<div class=\"elementor-column elementor-col-66 elementor-top-column elementor-element elementor-element-c0f20ba\" data-id=\"c0f20ba\" data-element_type=\"column\" data-e-type=\"column\">\n\t\t\t<div class=\"elementor-widget-wrap elementor-element-populated\">\n\t\t\t\t\t\t<div class=\"elementor-element elementor-element-ea2c853 elementor-widget elementor-widget-text-editor\" data-id=\"ea2c853\" data-element_type=\"widget\" data-e-type=\"widget\" data-widget_type=\"text-editor.default\">\n\t\t\t\t<div class=\"elementor-widget-container\">\n\t\t\t\t\t\t\t\t\t<p align=\"left\">Das Ackerland des Little Thompson Valley liegt in der trockenen Region, die Major Stephen Long 1820 als \u201edie gro\u00dfe amerikanische W\u00fcste\u201c beschrieb, und f\u00fcr den Anbau von Feldfr\u00fcchten war eine regelm\u00e4\u00dfige Bew\u00e4sserung im Sommer erforderlich.<\/p><p align=\"left\">James Eaglin wurde 1866 der erste Bauer des Tals, als er auf seinem neu erworbenen Geh\u00f6ft am Grund des Little Thompson River Weizen anpflanzte. Als Eaglin 1869 Wasserrechte f\u00fcr den Fluss beantragte, legte er den Grundstein f\u00fcr das System organisierter \u201eGrabenunternehmen\u201c, die w\u00e4hrend der Fr\u00fchjahrsschmelze weiterhin Wasser aus dem Fluss sammeln und es f\u00fcr die Bew\u00e4sserung in den trockenen Sommermonaten speichern.<\/p><p align=\"left\">W\u00e4hrend Weizen die erste Feldfrucht war, die im Little Thompson Valley angebaut wurde, wurde Luzerne in den 1890er Jahren zu einer wichtigen Feldfrucht, als man entdeckte, dass man sie als Futtermittel zur gewinnbringenden Schafmast verwenden konnte. Bis 1905, als die Bauern der Gegend \u00fcber 63.000 L\u00e4mmer auf den Markt brachten, hatte sich Berthoud zu einem gesch\u00e4ftigen landwirtschaftlichen Zentrum des Larimer County entwickelt, das f\u00fcr seine wohlhabenden Bauern bekannt war.<\/p><p align=\"center\"><img decoding=\"async\" src=\"https:\/\/berthoudhistoricalsociety.org\/images\/IMG-Agriculture-sheep.jpg\" alt=\"\" width=\"400\" height=\"314\" \/><\/p><p align=\"left\">Dieser Wohlstand wurde Anfang des 20. Jahrhunderts noch verst\u00e4rkt, als die Great Western Sugar Company Zuckerr\u00fcben in Nord-Colorado einf\u00fchrte und Eisenbahnen und Fabriken baute, um die Industrie zu entwickeln. Die Anbauer von Berthoud lieferten die R\u00fcben an mehrere l\u00e4ndliche M\u00fclldeponien, wo die R\u00fcben in G\u00fcterwagen verladen und zu Zuckerfabriken im nahegelegenen Loveland und Longmont transportiert wurden.<\/p><p align=\"center\"><img decoding=\"async\" src=\"https:\/\/berthoudhistoricalsociety.org\/images\/IMG-Agriculture-beetwagon.jpg\" alt=\"\" width=\"400\" height=\"303\" \/><\/p><p align=\"left\">Die Landwirtschaft tr\u00e4gt weiterhin zum Erbe des Little Thompson Valley bei, auch wenn die allm\u00e4hliche Urbanisierung die Verf\u00fcgbarkeit von Wasser und Ackerland stark eingeschr\u00e4nkt hat.<\/p>\t\t\t\t\t\t\t\t<\/div>\n\t\t\t\t<\/div>\n\t\t\t\t\t<\/div>\n\t\t<\/div>\n\t\t\t\t\t<\/div>\n\t\t<\/section>\n\t\t\t\t<\/div>","protected":false},"excerpt":{"rendered":"<p>Wheat, Water, Alfalfa and Beets Located in the arid region Major Stephen Long described in 1820 as \u201cThe Great American Desert,\u201d the farm land of the Little Thompson Valley required [&hellip;]<\/p>\n","protected":false},"author":2,"featured_media":0,"parent":0,"menu_order":0,"comment_status":"closed","ping_status":"closed","template":"","meta":{"_price":"","_stock":"","_tribe_ticket_header":"","_tribe_default_ticket_provider":"","_tribe_ticket_capacity":"0","_ticket_start_date":"","_ticket_end_date":"","_tribe_ticket_show_description":"","_tribe_ticket_show_not_going":false,"_tribe_ticket_use_global_stock":"","_tribe_ticket_global_stock_level":"","_global_stock_mode":"","_global_stock_cap":"","_tribe_rsvp_for_event":"","_tribe_ticket_going_count":"","_tribe_ticket_not_going_count":"","_tribe_tickets_list":"[]","_tribe_ticket_has_attendee_info_fields":false,"footnotes":"","_tec_slr_enabled":"","_tec_slr_layout":""},"class_list":["post-196","page","type-page","status-publish","hentry"],"ticketed":false,"_links":{"self":[{"href":"https:\/\/berthoudhistoricalsociety.org\/de\/wp-json\/wp\/v2\/pages\/196","targetHints":{"allow":["GET"]}}],"collection":[{"href":"https:\/\/berthoudhistoricalsociety.org\/de\/wp-json\/wp\/v2\/pages"}],"about":[{"href":"https:\/\/berthoudhistoricalsociety.org\/de\/wp-json\/wp\/v2\/types\/page"}],"author":[{"embeddable":true,"href":"https:\/\/berthoudhistoricalsociety.org\/de\/wp-json\/wp\/v2\/users\/2"}],"replies":[{"embeddable":true,"href":"https:\/\/berthoudhistoricalsociety.org\/de\/wp-json\/wp\/v2\/comments?post=196"}],"version-history":[{"count":0,"href":"https:\/\/berthoudhistoricalsociety.org\/de\/wp-json\/wp\/v2\/pages\/196\/revisions"}],"wp:attachment":[{"href":"https:\/\/berthoudhistoricalsociety.org\/de\/wp-json\/wp\/v2\/media?parent=196"}],"curies":[{"name":"wp","href":"https:\/\/api.w.org\/{rel}","templated":true}]}}