{"id":250,"date":"2014-01-16T22:51:11","date_gmt":"2014-01-17T05:51:11","guid":{"rendered":"http:\/\/www.berthoudhistoricalsociety.org\/BHS_Wordpress\/people\/"},"modified":"2019-07-31T12:39:59","modified_gmt":"2019-07-31T18:39:59","slug":"photo-gallery","status":"publish","type":"page","link":"https:\/\/berthoudhistoricalsociety.org\/de\/photo-gallery\/","title":{"rendered":"Photo Gallery"},"content":{"rendered":"<div data-elementor-type=\"wp-post\" data-elementor-id=\"250\" class=\"elementor elementor-250\" data-elementor-post-type=\"page\">\n\t\t\t\t\t\t<section class=\"elementor-section elementor-top-section elementor-element elementor-element-b12df1e elementor-section-boxed elementor-section-height-default elementor-section-height-default\" data-id=\"b12df1e\" data-element_type=\"section\" data-e-type=\"section\">\n\t\t\t\t\t\t<div class=\"elementor-container elementor-column-gap-default\">\n\t\t\t\t\t<div class=\"elementor-column elementor-col-100 elementor-top-column elementor-element elementor-element-4058bd2\" data-id=\"4058bd2\" data-element_type=\"column\" data-e-type=\"column\">\n\t\t\t<div class=\"elementor-widget-wrap elementor-element-populated\">\n\t\t\t\t\t\t<div class=\"elementor-element elementor-element-59a6a75 elementor-widget elementor-widget-text-editor\" data-id=\"59a6a75\" data-element_type=\"widget\" data-e-type=\"widget\" data-widget_type=\"text-editor.default\">\n\t\t\t\t<div class=\"elementor-widget-container\">\n\t\t\t\t\t\t\t\t\t<h1><em>Fotos enth\u00fcllen McCartys Berthoud-Vergangenheit<\/em><\/h1>\t\t\t\t\t\t\t\t<\/div>\n\t\t\t\t<\/div>\n\t\t\t\t\t<\/div>\n\t\t<\/div>\n\t\t\t\t\t<\/div>\n\t\t<\/section>\n\t\t\t\t<section class=\"elementor-section elementor-top-section elementor-element elementor-element-61dc798 elementor-section-boxed elementor-section-height-default elementor-section-height-default\" data-id=\"61dc798\" data-element_type=\"section\" data-e-type=\"section\">\n\t\t\t\t\t\t<div class=\"elementor-container elementor-column-gap-default\">\n\t\t\t\t\t<div class=\"elementor-column elementor-col-33 elementor-top-column elementor-element elementor-element-5afbfd6\" data-id=\"5afbfd6\" data-element_type=\"column\" data-e-type=\"column\">\n\t\t\t<div class=\"elementor-widget-wrap elementor-element-populated\">\n\t\t\t\t\t\t<div class=\"elementor-element elementor-element-df4f4a8 elementor-widget elementor-widget-text-editor\" data-id=\"df4f4a8\" data-element_type=\"widget\" data-e-type=\"widget\" data-widget_type=\"text-editor.default\">\n\t\t\t\t<div class=\"elementor-widget-container\">\n\t\t\t\t\t\t\t\t\t<p><img fetchpriority=\"high\" decoding=\"async\" class=\"aligncenter\" src=\"https:\/\/berthoudhistoricalsociety.org\/images\/IMG-McCartyLogo.jpg\" alt=\"\" width=\"237\" height=\"218\" \/><\/p>\t\t\t\t\t\t\t\t<\/div>\n\t\t\t\t<\/div>\n\t\t\t\t\t<\/div>\n\t\t<\/div>\n\t\t\t\t<div class=\"elementor-column elementor-col-66 elementor-top-column elementor-element elementor-element-f8a58bf\" data-id=\"f8a58bf\" data-element_type=\"column\" data-e-type=\"column\">\n\t\t\t<div class=\"elementor-widget-wrap elementor-element-populated\">\n\t\t\t\t\t\t<div class=\"elementor-element elementor-element-a3cb323 elementor-widget elementor-widget-text-editor\" data-id=\"a3cb323\" data-element_type=\"widget\" data-e-type=\"widget\" data-widget_type=\"text-editor.default\">\n\t\t\t\t<div class=\"elementor-widget-container\">\n\t\t\t\t\t\t\t\t\t<p align=\"center\"><img decoding=\"async\" src=\"https:\/\/berthoudhistoricalsociety.org\/images\/IMG-McCartyPhoto1.jpg\" alt=\"\" width=\"450\" height=\"254\" \/><\/p><p align=\"left\">Im Fr\u00fchjahr 1899 verlegte Dr. DW McCarty (rechts stehend) seine Praxis von seiner Drogerie in der Third Street in ein 16\u00d724 Fu\u00df gro\u00dfes B\u00fcrogeb\u00e4ude in der Massachusetts Avenue 338, das der Bauunternehmer SF Curtis aus Berthoud f\u00fcr $1.000 errichtet hatte.<\/p><p align=\"center\"><img decoding=\"async\" src=\"https:\/\/berthoudhistoricalsociety.org\/images\/IMG-McCartyPhoto2.jpg\" alt=\"\" width=\"450\" height=\"249\" \/><\/p><p align=\"left\">Bevor die Br\u00fcder Floyd und Elmer Clymer 1910 eine Fahrt quer durchs Land nach Spokane wagten, posierten sie f\u00fcr Fotografen vor der Foresman &amp; McCarty Drugstore in der Third Street in Berthoud.<\/p><p align=\"center\"><img loading=\"lazy\" decoding=\"async\" src=\"https:\/\/berthoudhistoricalsociety.org\/images\/IMG-McCartyPhoto3.jpg\" alt=\"\" width=\"450\" height=\"258\" \/><\/p><p align=\"left\">Kinder ranken sich um einen Maibaum vor der Berthoud School, ca. 1917. Helen McCarty (vorne im Vordergrund) drehte sich zum Fotografen um.<\/p><p align=\"center\"><img loading=\"lazy\" decoding=\"async\" src=\"https:\/\/berthoudhistoricalsociety.org\/images\/IMG-McCartyPhoto4.jpg\" alt=\"\" width=\"450\" height=\"303\" \/><\/p><p align=\"left\">Mrs. Jennie McCarty war w\u00e4hrend des Ersten Weltkriegs ein treues Mitglied der Hilfsorganisation des Roten Kreuzes von Berthoud. In den Jahren 1917 und 1918 geh\u00f6rte sie zu den Leiterinnen einer N\u00e4hgruppe, die sich in der Freimaurerhalle traf, um Kleidung und Erste-Hilfe-Material f\u00fcr die Soldaten des Landes herzustellen.<\/p>\t\t\t\t\t\t\t\t<\/div>\n\t\t\t\t<\/div>\n\t\t\t\t\t<\/div>\n\t\t<\/div>\n\t\t\t\t\t<\/div>\n\t\t<\/section>\n\t\t\t\t<\/div>","protected":false},"excerpt":{"rendered":"<p>Photos Reveal McCartys&#8217; Berthoud Heritage In the spring of 1899 Dr. D.W. McCarty (standing on right) moved his practice from his drugstore on Third street to a 16&#215;24-foot office building [&hellip;]<\/p>\n","protected":false},"author":2,"featured_media":0,"parent":0,"menu_order":0,"comment_status":"closed","ping_status":"closed","template":"","meta":{"_price":"","_stock":"","_tribe_ticket_header":"","_tribe_default_ticket_provider":"","_tribe_ticket_capacity":"0","_ticket_start_date":"","_ticket_end_date":"","_tribe_ticket_show_description":"","_tribe_ticket_show_not_going":false,"_tribe_ticket_use_global_stock":"","_tribe_ticket_global_stock_level":"","_global_stock_mode":"","_global_stock_cap":"","_tribe_rsvp_for_event":"","_tribe_ticket_going_count":"","_tribe_ticket_not_going_count":"","_tribe_tickets_list":"[]","_tribe_ticket_has_attendee_info_fields":false,"footnotes":"","_tec_slr_enabled":"","_tec_slr_layout":""},"class_list":["post-250","page","type-page","status-publish","hentry"],"ticketed":false,"_links":{"self":[{"href":"https:\/\/berthoudhistoricalsociety.org\/de\/wp-json\/wp\/v2\/pages\/250","targetHints":{"allow":["GET"]}}],"collection":[{"href":"https:\/\/berthoudhistoricalsociety.org\/de\/wp-json\/wp\/v2\/pages"}],"about":[{"href":"https:\/\/berthoudhistoricalsociety.org\/de\/wp-json\/wp\/v2\/types\/page"}],"author":[{"embeddable":true,"href":"https:\/\/berthoudhistoricalsociety.org\/de\/wp-json\/wp\/v2\/users\/2"}],"replies":[{"embeddable":true,"href":"https:\/\/berthoudhistoricalsociety.org\/de\/wp-json\/wp\/v2\/comments?post=250"}],"version-history":[{"count":0,"href":"https:\/\/berthoudhistoricalsociety.org\/de\/wp-json\/wp\/v2\/pages\/250\/revisions"}],"wp:attachment":[{"href":"https:\/\/berthoudhistoricalsociety.org\/de\/wp-json\/wp\/v2\/media?parent=250"}],"curies":[{"name":"wp","href":"https:\/\/api.w.org\/{rel}","templated":true}]}}