{"id":13181,"date":"2020-07-11T14:03:55","date_gmt":"2020-07-11T20:03:55","guid":{"rendered":"https:\/\/www.berthoudhistoricalsociety.org\/?post_type=product&#038;p=13181"},"modified":"2020-07-12T16:41:32","modified_gmt":"2020-07-12T22:41:32","slug":"peas-and-cauliflower-salad","status":"publish","type":"product","link":"https:\/\/berthoudhistoricalsociety.org\/de\/produkt\/peas-and-cauliflower-salad\/","title":{"rendered":"Erbsen-Blumenkohl-Salat"},"content":{"rendered":"","protected":false},"excerpt":{"rendered":"<p>Holen Sie das Kochbuch Ihrer Gro\u00dfmutter heraus. Kein Familienpicknick ist komplett ohne einen bunten Erbsen-Blumenkohl-Salat! Dieses beliebte Gericht aus dem Mittleren Westen besteht aus zart-knackigem Blumenkohl mit Erbsen und roten Zwiebeln, vermischt mit einem leicht ges\u00fc\u00dften Mayonnaise-Dressing und einer Prise Cheddar-K\u00e4se obendrauf. (Glutenfrei)<\/p>","protected":false},"featured_media":13182,"template":"","meta":{"_price":"6","_stock":null,"_tribe_ticket_header":"","_tribe_default_ticket_provider":"","_tribe_ticket_capacity":"28","_ticket_start_date":"","_ticket_end_date":"","_tribe_ticket_show_description":"","_tribe_ticket_show_not_going":false,"_tribe_ticket_use_global_stock":"","_tribe_ticket_global_stock_level":"","_global_stock_mode":"","_global_stock_cap":"","_tribe_rsvp_for_event":"","_tribe_ticket_going_count":"","_tribe_ticket_not_going_count":"","_tribe_tickets_list":"[]","_tribe_ticket_has_attendee_info_fields":false,"_tec_slr_enabled":"","_tec_slr_layout":""},"product_brand":[],"product_cat":[55,53],"product_tag":[],"class_list":{"0":"post-13181","1":"product","2":"type-product","3":"status-publish","4":"has-post-thumbnail","6":"product_cat-box-social","7":"product_cat-box-social-sides","9":"first","10":"instock","11":"shipping-taxable","12":"purchasable","13":"product-type-simple"},"_links":{"self":[{"href":"https:\/\/berthoudhistoricalsociety.org\/de\/wp-json\/wp\/v2\/product\/13181","targetHints":{"allow":["GET"]}}],"collection":[{"href":"https:\/\/berthoudhistoricalsociety.org\/de\/wp-json\/wp\/v2\/product"}],"about":[{"href":"https:\/\/berthoudhistoricalsociety.org\/de\/wp-json\/wp\/v2\/types\/product"}],"wp:featuredmedia":[{"embeddable":true,"href":"https:\/\/berthoudhistoricalsociety.org\/de\/wp-json\/wp\/v2\/media\/13182"}],"wp:attachment":[{"href":"https:\/\/berthoudhistoricalsociety.org\/de\/wp-json\/wp\/v2\/media?parent=13181"}],"wp:term":[{"taxonomy":"product_brand","embeddable":true,"href":"https:\/\/berthoudhistoricalsociety.org\/de\/wp-json\/wp\/v2\/product_brand?post=13181"},{"taxonomy":"product_cat","embeddable":true,"href":"https:\/\/berthoudhistoricalsociety.org\/de\/wp-json\/wp\/v2\/product_cat?post=13181"},{"taxonomy":"product_tag","embeddable":true,"href":"https:\/\/berthoudhistoricalsociety.org\/de\/wp-json\/wp\/v2\/product_tag?post=13181"}],"curies":[{"name":"wp","href":"https:\/\/api.w.org\/{rel}","templated":true}]}}