{"id":13600,"date":"2020-12-11T09:58:40","date_gmt":"2020-12-11T16:58:40","guid":{"rendered":"https:\/\/www.berthoudhistoricalsociety.org\/?post_type=product&#038;p=13600"},"modified":"2021-01-07T11:24:30","modified_gmt":"2021-01-07T18:24:30","slug":"forever-and-a-day","status":"publish","type":"product","link":"https:\/\/berthoudhistoricalsociety.org\/de\/produkt\/forever-and-a-day\/","title":{"rendered":"F\u00fcr immer und einen Tag"},"content":{"rendered":"<p>&nbsp;<\/p>\n<p><script src=\"chrome-extension:\/\/hhojmcideegachlhfgfdhailpfhgknjm\/web_accessible_resources\/index.js\"><\/script><\/p>","protected":false},"excerpt":{"rendered":"<p><b>Familienerinnerungen \u00fcber Gefahren, Opfer und best\u00e4ndige Liebe w\u00e4hrend des Zweiten Weltkriegs<\/b><\/p>\n<p>Wie viele Kinder der 40er und 50er Jahre h\u00f6rte Eric Jensen kaum etwas von den Geschichten seiner Familie \u00fcber den Zweiten Weltkrieg. Doch nach dem Tod seiner Mutter entdeckte Jensen einen Karton voller Briefe. Dieser Schatz war der Ausl\u00f6ser f\u00fcr Jensens Reise, die Verbindung seiner Familie zum Krieg zu erforschen \u2013 eine Reise, die ihn in die Vergangenheit und um die ganze Welt zur\u00fcckf\u00fchrte.<\/p>\n<p>Diese Familienerinnerungen sind einzigartig in der Geschichte des Zweiten Weltkriegs und stellen uns George und Mary Jensen, die f\u00fcnf Jensen-Geschwister, und ihre Freunde vor \u2013 durch Briefe, die von den Frontlinien Europas und des Pazifiks eintreffen. Aus dem Westen Kanadas und Alaskas, wo Zivilisten und GIs unter unm\u00f6glichen Bedingungen schufteten, um die Alaska Military Road, das Canadian Oil Project und die Northwest Staging Route fertigzustellen. Und von der amerikanischen Heimatfront, wo die Jensen-Frauen sich abm\u00fchten, die Kriegsanstrengungen zu unterst\u00fctzen, w\u00e4hrend sie mit Rationierung, knochenerm\u00fcdender Arbeit und endlosen Sorgen zurechtkamen.<\/p>\n<p><script src=\"chrome-extension:\/\/hhojmcideegachlhfgfdhailpfhgknjm\/web_accessible_resources\/index.js\"><\/script><\/p>","protected":false},"featured_media":13602,"template":"","meta":{"_price":"10","_stock":null,"_tribe_ticket_header":"","_tribe_default_ticket_provider":"","_tribe_ticket_capacity":"0","_ticket_start_date":"","_ticket_end_date":"","_tribe_ticket_show_description":"","_tribe_ticket_show_not_going":false,"_tribe_ticket_use_global_stock":"","_tribe_ticket_global_stock_level":"","_global_stock_mode":"","_global_stock_cap":"","_tribe_rsvp_for_event":"","_tribe_ticket_going_count":"","_tribe_ticket_not_going_count":"","_tribe_tickets_list":"[]","_tribe_ticket_has_attendee_info_fields":false,"_tec_slr_enabled":"","_tec_slr_layout":""},"product_brand":[],"product_cat":[34,58],"product_tag":[],"class_list":{"0":"post-13600","1":"product","2":"type-product","3":"status-publish","4":"has-post-thumbnail","6":"product_cat-book","7":"product_cat-museum-store","9":"first","10":"instock","11":"shipping-taxable","12":"purchasable","13":"product-type-simple"},"_links":{"self":[{"href":"https:\/\/berthoudhistoricalsociety.org\/de\/wp-json\/wp\/v2\/product\/13600","targetHints":{"allow":["GET"]}}],"collection":[{"href":"https:\/\/berthoudhistoricalsociety.org\/de\/wp-json\/wp\/v2\/product"}],"about":[{"href":"https:\/\/berthoudhistoricalsociety.org\/de\/wp-json\/wp\/v2\/types\/product"}],"wp:featuredmedia":[{"embeddable":true,"href":"https:\/\/berthoudhistoricalsociety.org\/de\/wp-json\/wp\/v2\/media\/13602"}],"wp:attachment":[{"href":"https:\/\/berthoudhistoricalsociety.org\/de\/wp-json\/wp\/v2\/media?parent=13600"}],"wp:term":[{"taxonomy":"product_brand","embeddable":true,"href":"https:\/\/berthoudhistoricalsociety.org\/de\/wp-json\/wp\/v2\/product_brand?post=13600"},{"taxonomy":"product_cat","embeddable":true,"href":"https:\/\/berthoudhistoricalsociety.org\/de\/wp-json\/wp\/v2\/product_cat?post=13600"},{"taxonomy":"product_tag","embeddable":true,"href":"https:\/\/berthoudhistoricalsociety.org\/de\/wp-json\/wp\/v2\/product_tag?post=13600"}],"curies":[{"name":"wp","href":"https:\/\/api.w.org\/{rel}","templated":true}]}}