{"id":13764,"date":"2021-04-13T10:09:26","date_gmt":"2021-04-13T16:09:26","guid":{"rendered":"https:\/\/www.berthoudhistoricalsociety.org\/?post_type=product&#038;p=13764"},"modified":"2021-04-16T06:32:18","modified_gmt":"2021-04-16T12:32:18","slug":"flower-delphinium-pacific-giants-blend","status":"publish","type":"product","link":"https:\/\/berthoudhistoricalsociety.org\/de\/produkt\/flower-delphinium-pacific-giants-blend\/","title":{"rendered":"BL\u00dcTE \u2013 RITTERSPRINGER, Pacific Giants Blend"},"content":{"rendered":"","protected":false},"excerpt":{"rendered":"<p><span style=\"font-size: 10pt;\">Volle Sonne. Bl\u00fcht vom Fr\u00fchjahr bis zum Fr\u00fchsommer. 3-6 Fu\u00df hoch. Unglaublich satte Farben auf stattlichen Bl\u00fcten. Eine beeindruckende Kulisse f\u00fcr jede Landschaft oder jedes Blumenbeet.<\/span><\/p>","protected":false},"featured_media":13765,"template":"","meta":{"_price":"3.33","_stock":"0","_tribe_ticket_header":"","_tribe_default_ticket_provider":"","_tribe_ticket_capacity":"12","_ticket_start_date":"","_ticket_end_date":"","_tribe_ticket_show_description":"","_tribe_ticket_show_not_going":false,"_tribe_ticket_use_global_stock":"","_tribe_ticket_global_stock_level":"","_global_stock_mode":"","_global_stock_cap":"","_tribe_rsvp_for_event":"","_tribe_ticket_going_count":"","_tribe_ticket_not_going_count":"","_tribe_tickets_list":"[]","_tribe_ticket_has_attendee_info_fields":false,"_tec_slr_enabled":"","_tec_slr_layout":""},"product_brand":[],"product_cat":[61],"product_tag":[],"class_list":{"0":"post-13764","1":"product","2":"type-product","3":"status-publish","4":"has-post-thumbnail","6":"product_cat-2021-plant-sale","8":"first","9":"outofstock","10":"shipping-taxable","11":"purchasable","12":"product-type-simple"},"_links":{"self":[{"href":"https:\/\/berthoudhistoricalsociety.org\/de\/wp-json\/wp\/v2\/product\/13764","targetHints":{"allow":["GET"]}}],"collection":[{"href":"https:\/\/berthoudhistoricalsociety.org\/de\/wp-json\/wp\/v2\/product"}],"about":[{"href":"https:\/\/berthoudhistoricalsociety.org\/de\/wp-json\/wp\/v2\/types\/product"}],"wp:featuredmedia":[{"embeddable":true,"href":"https:\/\/berthoudhistoricalsociety.org\/de\/wp-json\/wp\/v2\/media\/13765"}],"wp:attachment":[{"href":"https:\/\/berthoudhistoricalsociety.org\/de\/wp-json\/wp\/v2\/media?parent=13764"}],"wp:term":[{"taxonomy":"product_brand","embeddable":true,"href":"https:\/\/berthoudhistoricalsociety.org\/de\/wp-json\/wp\/v2\/product_brand?post=13764"},{"taxonomy":"product_cat","embeddable":true,"href":"https:\/\/berthoudhistoricalsociety.org\/de\/wp-json\/wp\/v2\/product_cat?post=13764"},{"taxonomy":"product_tag","embeddable":true,"href":"https:\/\/berthoudhistoricalsociety.org\/de\/wp-json\/wp\/v2\/product_tag?post=13764"}],"curies":[{"name":"wp","href":"https:\/\/api.w.org\/{rel}","templated":true}]}}