{"id":14273,"date":"2021-06-23T10:37:54","date_gmt":"2021-06-23T16:37:54","guid":{"rendered":"https:\/\/www.berthoudhistoricalsociety.org\/?post_type=product&#038;p=14273"},"modified":"2021-06-24T22:03:10","modified_gmt":"2021-06-25T04:03:10","slug":"traveler-chicken-dinner-for-one","status":"publish","type":"product","link":"https:\/\/berthoudhistoricalsociety.org\/de\/produkt\/traveler-chicken-dinner-for-one\/","title":{"rendered":"Traveller Fried Chicken Abendessen f\u00fcr eine Person"},"content":{"rendered":"","protected":false},"excerpt":{"rendered":"<p><span style=\"font-weight: 400;\">Gebratenes H\u00fchnchen-Abendessen (Brust und Keule) mit Kartoffelbrei und H\u00fchnerso\u00dfe, einem gemischten gr\u00fcnen Salat mit einem Dressing Ihrer Wahl, einer weiteren Beilage Ihrer Wahl (4-Bohnen-Salat oder H\u00fcttenk\u00e4se mit Pfirsichscheiben), einem warmen Br\u00f6tchen und Honigbutter, Brot- und Buttergurken, einem St\u00fcck \u201eApfelkuchen\u201c als Dessert und einem Getr\u00e4nk Ihrer Wahl (Pink Lemonade oder Mineralwasser).<\/span><\/p>\n<p><span style=\"font-size: 24pt; color: #993300;\"><strong>BITTE W\u00c4HLEN SIE UNTEN EINE BEILAGE UND EIN SALATDRESSING:<\/strong><\/span><\/p>","protected":false},"featured_media":14274,"template":"","meta":{"_price":"40","_stock":null,"_tribe_ticket_header":"","_tribe_default_ticket_provider":"","_tribe_ticket_capacity":"2","_ticket_start_date":"","_ticket_end_date":"","_tribe_ticket_show_description":"","_tribe_ticket_show_not_going":false,"_tribe_ticket_use_global_stock":"","_tribe_ticket_global_stock_level":"","_global_stock_mode":"","_global_stock_cap":"","_tribe_rsvp_for_event":"","_tribe_ticket_going_count":"","_tribe_ticket_not_going_count":"","_tribe_tickets_list":"[]","_tribe_ticket_has_attendee_info_fields":false,"_tec_slr_enabled":"","_tec_slr_layout":""},"product_brand":[],"product_cat":[62],"product_tag":[],"class_list":{"0":"post-14273","1":"product","2":"type-product","3":"status-publish","4":"has-post-thumbnail","6":"product_cat-2021-box-social","8":"first","9":"instock","10":"shipping-taxable","11":"purchasable","12":"product-type-simple"},"_links":{"self":[{"href":"https:\/\/berthoudhistoricalsociety.org\/de\/wp-json\/wp\/v2\/product\/14273","targetHints":{"allow":["GET"]}}],"collection":[{"href":"https:\/\/berthoudhistoricalsociety.org\/de\/wp-json\/wp\/v2\/product"}],"about":[{"href":"https:\/\/berthoudhistoricalsociety.org\/de\/wp-json\/wp\/v2\/types\/product"}],"wp:featuredmedia":[{"embeddable":true,"href":"https:\/\/berthoudhistoricalsociety.org\/de\/wp-json\/wp\/v2\/media\/14274"}],"wp:attachment":[{"href":"https:\/\/berthoudhistoricalsociety.org\/de\/wp-json\/wp\/v2\/media?parent=14273"}],"wp:term":[{"taxonomy":"product_brand","embeddable":true,"href":"https:\/\/berthoudhistoricalsociety.org\/de\/wp-json\/wp\/v2\/product_brand?post=14273"},{"taxonomy":"product_cat","embeddable":true,"href":"https:\/\/berthoudhistoricalsociety.org\/de\/wp-json\/wp\/v2\/product_cat?post=14273"},{"taxonomy":"product_tag","embeddable":true,"href":"https:\/\/berthoudhistoricalsociety.org\/de\/wp-json\/wp\/v2\/product_tag?post=14273"}],"curies":[{"name":"wp","href":"https:\/\/api.w.org\/{rel}","templated":true}]}}