{"id":16500,"date":"2022-03-10T12:10:00","date_gmt":"2022-03-10T19:10:00","guid":{"rendered":"https:\/\/www.berthoudhistoricalsociety.org\/?post_type=product&#038;p=16500"},"modified":"2022-03-16T09:32:09","modified_gmt":"2022-03-16T15:32:09","slug":"sponsor-rose-desdemona","status":"publish","type":"product","link":"https:\/\/berthoudhistoricalsociety.org\/de\/produkt\/sponsor-rose-desdemona\/","title":{"rendered":"Patin f\u00fcr Rose Desdemona"},"content":{"rendered":"","protected":false},"excerpt":{"rendered":"<p><strong>DESDEMONA<\/strong> (Ausz\u00fcnden)<\/p>\n<p>Englische Strauchrose, gez\u00fcchtet von David Austin<\/p>\n<p>AM BESTEN F\u00dcR BL\u00dcTE &amp; DUFT<\/p>\n<p>Farbe: Pfirsichrosa Knospen \u00f6ffnen sich zu wundersch\u00f6nen, wei\u00dfen, kelchf\u00f6rmigen mittelgro\u00dfen Bl\u00fcten mit rosafarbenem Farbton, \u00f6fterbl\u00fchend, 52 Bl\u00fctenbl\u00e4tter<\/p>\n<p>Gr\u00f6\u00dfe: H 4 Fu\u00df B 3 Fu\u00df<\/p>\n<p>Die nach innen gebogenen Bl\u00fctenbl\u00e4tter erzeugen ein faszinierendes Spiel aus Licht und Schatten. Der starke Duft der alten Rose hat Ankl\u00e4nge von Mandelbl\u00fcte, Gurke und Zitronenschale.<\/p>","protected":false},"featured_media":16501,"template":"","meta":{"_price":"250","_stock":null,"_tribe_ticket_header":"","_tribe_default_ticket_provider":"","_tribe_ticket_capacity":"0","_ticket_start_date":"","_ticket_end_date":"","_tribe_ticket_show_description":"","_tribe_ticket_show_not_going":false,"_tribe_ticket_use_global_stock":"","_tribe_ticket_global_stock_level":"","_global_stock_mode":"","_global_stock_cap":"","_tribe_rsvp_for_event":"","_tribe_ticket_going_count":"","_tribe_ticket_not_going_count":"","_tribe_tickets_list":"[]","_tribe_ticket_has_attendee_info_fields":false,"_tec_slr_enabled":"","_tec_slr_layout":""},"product_brand":[],"product_cat":[97],"product_tag":[],"class_list":{"0":"post-16500","1":"product","2":"type-product","3":"status-publish","4":"has-post-thumbnail","6":"product_cat-rose-garden","8":"first","9":"outofstock","10":"shipping-taxable","11":"purchasable","12":"product-type-simple"},"_links":{"self":[{"href":"https:\/\/berthoudhistoricalsociety.org\/de\/wp-json\/wp\/v2\/product\/16500","targetHints":{"allow":["GET"]}}],"collection":[{"href":"https:\/\/berthoudhistoricalsociety.org\/de\/wp-json\/wp\/v2\/product"}],"about":[{"href":"https:\/\/berthoudhistoricalsociety.org\/de\/wp-json\/wp\/v2\/types\/product"}],"wp:featuredmedia":[{"embeddable":true,"href":"https:\/\/berthoudhistoricalsociety.org\/de\/wp-json\/wp\/v2\/media\/16501"}],"wp:attachment":[{"href":"https:\/\/berthoudhistoricalsociety.org\/de\/wp-json\/wp\/v2\/media?parent=16500"}],"wp:term":[{"taxonomy":"product_brand","embeddable":true,"href":"https:\/\/berthoudhistoricalsociety.org\/de\/wp-json\/wp\/v2\/product_brand?post=16500"},{"taxonomy":"product_cat","embeddable":true,"href":"https:\/\/berthoudhistoricalsociety.org\/de\/wp-json\/wp\/v2\/product_cat?post=16500"},{"taxonomy":"product_tag","embeddable":true,"href":"https:\/\/berthoudhistoricalsociety.org\/de\/wp-json\/wp\/v2\/product_tag?post=16500"}],"curies":[{"name":"wp","href":"https:\/\/api.w.org\/{rel}","templated":true}]}}