{"id":16502,"date":"2022-03-10T12:13:20","date_gmt":"2022-03-10T19:13:20","guid":{"rendered":"https:\/\/www.berthoudhistoricalsociety.org\/?post_type=product&#038;p=16502"},"modified":"2022-03-26T12:22:37","modified_gmt":"2022-03-26T18:22:37","slug":"sponsor-rose-lady-of-sharlott","status":"publish","type":"product","link":"https:\/\/berthoudhistoricalsociety.org\/de\/produkt\/sponsor-rose-lady-of-sharlott\/","title":{"rendered":"Patenschaft f\u00fcr Rose Lady von Sharlott"},"content":{"rendered":"","protected":false},"excerpt":{"rendered":"<p><strong>DAME VON SHARLOTT<\/strong> (Ausnyson)<\/p>\n<p>Englische Strauchrose, gez\u00fcchtet von David Austin<\/p>\n<p>AM BESTEN F\u00dcR DIE BL\u00dcTE<\/p>\n<p>Bl\u00fcte: Orange, \u00f6fterbl\u00fchend, mittlerer Teeduft<\/p>\n<p>Gr\u00f6\u00dfe: H 5 Fu\u00df B 4 Fu\u00df<\/p>\n<p>Gro\u00dfe, leuchtend orangerote Knospen \u00f6ffnen sich zu kelchf\u00f6rmigen Bl\u00fcten, die mit locker angeordneten, 60 orangefarbenen Bl\u00fctenbl\u00e4ttern gef\u00fcllt sind. Die umgebenden \u00e4u\u00dferen Bl\u00fctenbl\u00e4tter sind lachsrosa mit wundersch\u00f6n kontrastierenden goldgelben Unterseiten.<\/p>","protected":false},"featured_media":16503,"template":"","meta":{"_price":"250","_stock":null,"_tribe_ticket_header":"","_tribe_default_ticket_provider":"","_tribe_ticket_capacity":"0","_ticket_start_date":"","_ticket_end_date":"","_tribe_ticket_show_description":"","_tribe_ticket_show_not_going":false,"_tribe_ticket_use_global_stock":"","_tribe_ticket_global_stock_level":"","_global_stock_mode":"","_global_stock_cap":"","_tribe_rsvp_for_event":"","_tribe_ticket_going_count":"","_tribe_ticket_not_going_count":"","_tribe_tickets_list":"[]","_tribe_ticket_has_attendee_info_fields":false,"_tec_slr_enabled":"","_tec_slr_layout":""},"product_brand":[],"product_cat":[97],"product_tag":[],"class_list":{"0":"post-16502","1":"product","2":"type-product","3":"status-publish","4":"has-post-thumbnail","6":"product_cat-rose-garden","8":"first","9":"instock","10":"shipping-taxable","11":"purchasable","12":"product-type-simple"},"_links":{"self":[{"href":"https:\/\/berthoudhistoricalsociety.org\/de\/wp-json\/wp\/v2\/product\/16502","targetHints":{"allow":["GET"]}}],"collection":[{"href":"https:\/\/berthoudhistoricalsociety.org\/de\/wp-json\/wp\/v2\/product"}],"about":[{"href":"https:\/\/berthoudhistoricalsociety.org\/de\/wp-json\/wp\/v2\/types\/product"}],"wp:featuredmedia":[{"embeddable":true,"href":"https:\/\/berthoudhistoricalsociety.org\/de\/wp-json\/wp\/v2\/media\/16503"}],"wp:attachment":[{"href":"https:\/\/berthoudhistoricalsociety.org\/de\/wp-json\/wp\/v2\/media?parent=16502"}],"wp:term":[{"taxonomy":"product_brand","embeddable":true,"href":"https:\/\/berthoudhistoricalsociety.org\/de\/wp-json\/wp\/v2\/product_brand?post=16502"},{"taxonomy":"product_cat","embeddable":true,"href":"https:\/\/berthoudhistoricalsociety.org\/de\/wp-json\/wp\/v2\/product_cat?post=16502"},{"taxonomy":"product_tag","embeddable":true,"href":"https:\/\/berthoudhistoricalsociety.org\/de\/wp-json\/wp\/v2\/product_tag?post=16502"}],"curies":[{"name":"wp","href":"https:\/\/api.w.org\/{rel}","templated":true}]}}