{"id":16508,"date":"2022-03-10T12:21:48","date_gmt":"2022-03-10T19:21:48","guid":{"rendered":"https:\/\/www.berthoudhistoricalsociety.org\/?post_type=product&#038;p=16508"},"modified":"2022-03-26T12:21:38","modified_gmt":"2022-03-26T18:21:38","slug":"sponsor-rose-belindas-dream","status":"publish","type":"product","link":"https:\/\/berthoudhistoricalsociety.org\/de\/produkt\/sponsor-rose-belindas-dream\/","title":{"rendered":"Unterst\u00fctzen Sie Rose Belindas Traum"},"content":{"rendered":"","protected":false},"excerpt":{"rendered":"<p><strong>BELINDAS TRAUM<\/strong>, Strauchrose, Floribunda (1992, Dr. Robert Basye)<\/p>\n<p>Quelle: Tagawa Gardens<\/p>\n<p>Bl\u00fcte: Mittelrosa, \u00f6fterbl\u00fchend, m\u00e4\u00dfig fruchtig, mittelgro\u00dfe Bl\u00fcten, \u00f6ffnet sich zu \u00fcber 100 Bl\u00fctenbl\u00e4ttern bis zu 10 cm<\/p>\n<p>Gr\u00f6\u00dfe: H 5 Fu\u00df B 5 Fu\u00df<\/p>\n<p>Hervorragende Resistenz gegen Schwarzfleckenkrankheit, mittelgr\u00fcne Bl\u00e4tter die ganze Saison \u00fcber, formsch\u00f6ne Knospen \u00f6ffnen sich zu vollst\u00e4ndig gef\u00fcllten altmodischen Bl\u00fcten. Zone 5-9<\/p>","protected":false},"featured_media":16509,"template":"","meta":{"_price":"250","_stock":null,"_tribe_ticket_header":"","_tribe_default_ticket_provider":"","_tribe_ticket_capacity":"0","_ticket_start_date":"","_ticket_end_date":"","_tribe_ticket_show_description":"","_tribe_ticket_show_not_going":false,"_tribe_ticket_use_global_stock":"","_tribe_ticket_global_stock_level":"","_global_stock_mode":"","_global_stock_cap":"","_tribe_rsvp_for_event":"","_tribe_ticket_going_count":"","_tribe_ticket_not_going_count":"","_tribe_tickets_list":"[]","_tribe_ticket_has_attendee_info_fields":false,"_tec_slr_enabled":"","_tec_slr_layout":""},"product_brand":[],"product_cat":[97],"product_tag":[],"class_list":{"0":"post-16508","1":"product","2":"type-product","3":"status-publish","4":"has-post-thumbnail","6":"product_cat-rose-garden","8":"first","9":"instock","10":"shipping-taxable","11":"purchasable","12":"product-type-simple"},"_links":{"self":[{"href":"https:\/\/berthoudhistoricalsociety.org\/de\/wp-json\/wp\/v2\/product\/16508","targetHints":{"allow":["GET"]}}],"collection":[{"href":"https:\/\/berthoudhistoricalsociety.org\/de\/wp-json\/wp\/v2\/product"}],"about":[{"href":"https:\/\/berthoudhistoricalsociety.org\/de\/wp-json\/wp\/v2\/types\/product"}],"wp:featuredmedia":[{"embeddable":true,"href":"https:\/\/berthoudhistoricalsociety.org\/de\/wp-json\/wp\/v2\/media\/16509"}],"wp:attachment":[{"href":"https:\/\/berthoudhistoricalsociety.org\/de\/wp-json\/wp\/v2\/media?parent=16508"}],"wp:term":[{"taxonomy":"product_brand","embeddable":true,"href":"https:\/\/berthoudhistoricalsociety.org\/de\/wp-json\/wp\/v2\/product_brand?post=16508"},{"taxonomy":"product_cat","embeddable":true,"href":"https:\/\/berthoudhistoricalsociety.org\/de\/wp-json\/wp\/v2\/product_cat?post=16508"},{"taxonomy":"product_tag","embeddable":true,"href":"https:\/\/berthoudhistoricalsociety.org\/de\/wp-json\/wp\/v2\/product_tag?post=16508"}],"curies":[{"name":"wp","href":"https:\/\/api.w.org\/{rel}","templated":true}]}}