{"id":17777,"date":"2023-09-29T08:35:23","date_gmt":"2023-09-29T14:35:23","guid":{"rendered":"https:\/\/www.berthoudhistoricalsociety.org\/?post_type=product&#038;p=17777"},"modified":"2023-09-29T08:41:29","modified_gmt":"2023-09-29T14:41:29","slug":"clymer-book","status":"publish","type":"product","link":"https:\/\/berthoudhistoricalsociety.org\/de\/produkt\/clymer-book\/","title":{"rendered":"Floyd Clymer \u2013 Berthouds Kinder-Autoagent"},"content":{"rendered":"<p>&nbsp;<\/p>\n<p>&nbsp;<\/p>","protected":false},"excerpt":{"rendered":"<h2><em>Tauchen Sie ein in die\u00a0<\/em><br \/>\n<em>Faszinierende Geschichte von Berthoud, Colorado<\/em><\/h2>\n<p>Im Jahr 1907 proklamierte das Magazin Motor Field Floyd Clymer von Berthoud als \u201ej\u00fcngsten Automobilvertreter der Vereinigten Staaten und damit der Welt\u201c. Der 11-j\u00e4hrige Clymer \u00fcbertrieb diese Behauptung noch, indem er anmerkte, er habe \u201eTeddy Roosevelts Zusicherung\u201c, dass er der j\u00fcngste Vertreter in der Branche sei.<\/p>\n<p>W\u00e4hrend seines Aufenthalts in Berthoud, Colorado, verkaufte der junge Clymer mehr als zwei Dutzend Fahrzeuge und reiste mit seinen Kunden mit dem Zug nach Denver, wo sie ein Auto kauften und auf der 50-Meilen-Fahrt zur\u00fcck nach Berthoud das Fahren lernten.<\/p>\n<p>Autor Mark French deckt Floyd Clymers Jahre in Berthoud (1899 bis 1910) auf, indem er Clymers ver\u00f6ffentlichte pers\u00f6nliche Erinnerungen an seine Aktivit\u00e4ten aus mehreren B\u00e4nden seines historischen Motor Scrapbook mit Artikeln aus der Lokalzeitung kombiniert. Der \u201eKid Agent\u201c wird durch Besuche fr\u00fcher Automobilausstellungen, Beobachtungen des Autorennens von New York nach Paris im Jahr 1908, die Beobachtung des ersten Flugs \u00fcber Colorado und seinen Versuch einer landesweit publik gemachten \u00dcberlandfahrt von Denver nach Spokane in einem Flanders \u201e20\u201c zum Leben erweckt.<\/p>\n<p>&nbsp;<\/p>\n<h3><em>Kaufpreis $25.00 (inkl. Versand)<\/em><\/h3>\n<p><em>Der Erl\u00f6s aus dem Verkauf dieses Buches kommt der Stiftung der Berthoud Historical Society zugute.<\/em><\/p>\n<p>&nbsp;<\/p>","protected":false},"featured_media":17778,"template":"","meta":{"_price":"25.00","_stock":"","_tribe_ticket_header":"","_tribe_default_ticket_provider":"","_tribe_ticket_capacity":"10","_ticket_start_date":"","_ticket_end_date":"","_tribe_ticket_show_description":"","_tribe_ticket_show_not_going":false,"_tribe_ticket_use_global_stock":"","_tribe_ticket_global_stock_level":"","_global_stock_mode":"","_global_stock_cap":"","_tribe_rsvp_for_event":"","_tribe_ticket_going_count":"","_tribe_ticket_not_going_count":"","_tribe_tickets_list":"[]","_tribe_ticket_has_attendee_info_fields":false,"_tec_slr_enabled":"","_tec_slr_layout":""},"product_brand":[],"product_cat":[34],"product_tag":[],"class_list":{"0":"post-17777","1":"product","2":"type-product","3":"status-publish","4":"has-post-thumbnail","6":"product_cat-book","8":"first","9":"instock","10":"shipping-taxable","11":"purchasable","12":"product-type-simple"},"_links":{"self":[{"href":"https:\/\/berthoudhistoricalsociety.org\/de\/wp-json\/wp\/v2\/product\/17777","targetHints":{"allow":["GET"]}}],"collection":[{"href":"https:\/\/berthoudhistoricalsociety.org\/de\/wp-json\/wp\/v2\/product"}],"about":[{"href":"https:\/\/berthoudhistoricalsociety.org\/de\/wp-json\/wp\/v2\/types\/product"}],"wp:featuredmedia":[{"embeddable":true,"href":"https:\/\/berthoudhistoricalsociety.org\/de\/wp-json\/wp\/v2\/media\/17778"}],"wp:attachment":[{"href":"https:\/\/berthoudhistoricalsociety.org\/de\/wp-json\/wp\/v2\/media?parent=17777"}],"wp:term":[{"taxonomy":"product_brand","embeddable":true,"href":"https:\/\/berthoudhistoricalsociety.org\/de\/wp-json\/wp\/v2\/product_brand?post=17777"},{"taxonomy":"product_cat","embeddable":true,"href":"https:\/\/berthoudhistoricalsociety.org\/de\/wp-json\/wp\/v2\/product_cat?post=17777"},{"taxonomy":"product_tag","embeddable":true,"href":"https:\/\/berthoudhistoricalsociety.org\/de\/wp-json\/wp\/v2\/product_tag?post=17777"}],"curies":[{"name":"wp","href":"https:\/\/api.w.org\/{rel}","templated":true}]}}