{"id":19432,"date":"2023-12-02T15:40:50","date_gmt":"2023-12-02T22:40:50","guid":{"rendered":"https:\/\/www.berthoudhistoricalsociety.org\/?post_type=product&#038;p=19432"},"modified":"2024-05-14T15:52:51","modified_gmt":"2024-05-14T21:52:51","slug":"2024-calendar","status":"publish","type":"product","link":"https:\/\/berthoudhistoricalsociety.org\/de\/produkt\/2024-calendar\/","title":{"rendered":"Berthoud \u2013 Der Gartenfleck von Colorado 2024 Kalender"},"content":{"rendered":"<p>Berthoud war fr\u00fcher als landwirtschaftliches Zentrum des s\u00fcdlichen Larimer County in Colorado bekannt und wurde 1907 von der \u00f6rtlichen Handelskammer als \u201eGartenfleck von Colorado\u201c bezeichnet. Ziel des Kalenders \u201eBerthoud \u2013 Gartenfleck von Colorado 2024\u201c ist es, den Ursprung dieses Spitznamens zu untersuchen und den Landwirten und Einwohnern Tribut zu zollen, die diesen Ruf aufrechterhielten.<\/p>\n<p>Die Berthoud Historical Society m\u00f6chte allen, die Fotos f\u00fcr diesen Kalender und die Ausstellungen des Museums zur Verf\u00fcgung gestellt haben, ihren aufrichtigsten Dank aussprechen. Diese Gro\u00dfz\u00fcgigkeit erm\u00f6glicht es der Gesellschaft, ihre Mission zu erf\u00fcllen, das reiche Erbe von Berthoud und dem Little Thompson Valley zu bewahren und zu interpretieren.<\/p>\n<p>Da Papierkalender in einer von elektronischen Ger\u00e4ten dominierten Welt schnell \u00fcberfl\u00fcssig geworden sind, laden wir Sie ein, die in diesem Kalender enthaltenen Fotos und historischen Kommentare durchzusehen. Berthoud \u2013 The Garden Spot of Colorado bietet einen Einblick in Berthoud und seine Tradition der hervorragenden Landwirtschaft und Gartenbaukunst.<\/p>","protected":false},"excerpt":{"rendered":"<p>Berthoud \u2013 Gartenfleck von Colorado<\/p>\n<p>Jeder $15 Kalender beinhaltet $5 f\u00fcr den Versand<\/p>","protected":false},"featured_media":19422,"template":"","meta":{"_price":"20","_stock":"","_tribe_ticket_header":"","_tribe_default_ticket_provider":"","_tribe_ticket_capacity":"0","_ticket_start_date":"","_ticket_end_date":"","_tribe_ticket_show_description":"","_tribe_ticket_show_not_going":false,"_tribe_ticket_use_global_stock":"","_tribe_ticket_global_stock_level":"","_global_stock_mode":"","_global_stock_cap":"","_tribe_rsvp_for_event":"","_tribe_ticket_going_count":"","_tribe_ticket_not_going_count":"","_tribe_tickets_list":"[]","_tribe_ticket_has_attendee_info_fields":false,"_tec_slr_enabled":"","_tec_slr_layout":""},"product_brand":[],"product_cat":[101],"product_tag":[],"class_list":{"0":"post-19432","1":"product","2":"type-product","3":"status-publish","4":"has-post-thumbnail","6":"product_cat-2024-calendar","8":"first","9":"outofstock","10":"shipping-taxable","11":"purchasable","12":"product-type-simple"},"_links":{"self":[{"href":"https:\/\/berthoudhistoricalsociety.org\/de\/wp-json\/wp\/v2\/product\/19432","targetHints":{"allow":["GET"]}}],"collection":[{"href":"https:\/\/berthoudhistoricalsociety.org\/de\/wp-json\/wp\/v2\/product"}],"about":[{"href":"https:\/\/berthoudhistoricalsociety.org\/de\/wp-json\/wp\/v2\/types\/product"}],"wp:featuredmedia":[{"embeddable":true,"href":"https:\/\/berthoudhistoricalsociety.org\/de\/wp-json\/wp\/v2\/media\/19422"}],"wp:attachment":[{"href":"https:\/\/berthoudhistoricalsociety.org\/de\/wp-json\/wp\/v2\/media?parent=19432"}],"wp:term":[{"taxonomy":"product_brand","embeddable":true,"href":"https:\/\/berthoudhistoricalsociety.org\/de\/wp-json\/wp\/v2\/product_brand?post=19432"},{"taxonomy":"product_cat","embeddable":true,"href":"https:\/\/berthoudhistoricalsociety.org\/de\/wp-json\/wp\/v2\/product_cat?post=19432"},{"taxonomy":"product_tag","embeddable":true,"href":"https:\/\/berthoudhistoricalsociety.org\/de\/wp-json\/wp\/v2\/product_tag?post=19432"}],"curies":[{"name":"wp","href":"https:\/\/api.w.org\/{rel}","templated":true}]}}