{"id":2047,"date":"2019-07-26T17:00:00","date_gmt":"2019-07-26T23:00:00","guid":{"rendered":"https:\/\/www.berthoudhistoricalsociety.org\/?post_type=product&#038;p=2047"},"modified":"2019-07-26T17:01:44","modified_gmt":"2019-07-26T23:01:44","slug":"2018-bhs-calendar","status":"publish","type":"product","link":"https:\/\/berthoudhistoricalsociety.org\/de\/produkt\/2018-bhs-calendar\/","title":{"rendered":"BHS-Kalender 2018"},"content":{"rendered":"","protected":false},"excerpt":{"rendered":"<h4><span style=\"color: #6c2205;\">Preis \u2013 $15 (zzgl. $2 Versand)<\/span><\/h4>\n<p><strong>Berthoud Rustikaten<\/strong>\u00a0In den 1890er Jahren bezeichneten die Bewohner der Gemeinde Berthoud ihre Vergn\u00fcgungsreisen in die Berge als \u201erustikalisierend\u201c. F\u00fcr einige linderte die k\u00fchle Bergluft die Folgen des Konsums, f\u00fcr andere bot die Berglandschaft M\u00f6glichkeiten zum Jagen, Angeln, Zelten, Picknicken und oft auch zum Flirten.<\/p>\n<p>W\u00e4hrend die Berthoud Historical Society in ihrer Sammlung eine kleine Anzahl von Bildern besitzt, die Anwohner zeigen, die zu Pferd, in Pferdekutschen und Planwagen in die Berge fahren, sind die meisten ihrer Bilder mit Autos und den Brownie-Kameras verbunden, die es den Berthoudites erm\u00f6glichten, ihre Art des l\u00e4ndlichen Lebens zu dokumentieren. Die in diesem Kalender festgehaltenen l\u00e4ndlichen Schaupl\u00e4tze reichen vom nahegelegenen Estes Park und Big Thompson Canyon bis hin zu North und Middle Parks und in einem Fall bis nach Yellowstone. Fast jedes Bild zeigt die Freude, die die Bewohner von Berthoud schon immer an der Natur hatten.<\/p>\n<p>Die Berthoud Historical Society m\u00f6chte insbesondere Greg Ludlow und Joyce Chaput danken, die Familienfotoalben gespendet und ausgeliehen haben, aus denen viele der diesj\u00e4hrigen Kalenderfotos stammen. Bilder, die Sid und Emma Davis und der Familie FP Haworth zugeschrieben werden, sind ihre Beitr\u00e4ge. Wir danken auch den Einzelpersonen und lokalen Berthoud-Unternehmen, die Kalenderseiten gesponsert und Widmungen angeboten haben, um dieses j\u00e4hrliche Kalenderprojekt zu erm\u00f6glichen.<\/p>\n<p>Mit gro\u00dfer Freude pr\u00e4sentiert die Berthoud Historical Society Berthoud Rusticates. Wir m\u00f6chten, dass dieser Kalender teilweise unsere Mission erf\u00fcllt, die Geschichte von Berthoud, dem Little Thompson Valley, Colorado und der umliegenden Region zu entdecken, zu bewahren und zu interpretieren. Viel Spa\u00df!<\/p>","protected":false},"featured_media":720,"template":"","meta":{"_price":"17.00","_stock":null,"_tribe_ticket_header":"","_tribe_default_ticket_provider":"","_tribe_ticket_capacity":"0","_ticket_start_date":"","_ticket_end_date":"","_tribe_ticket_show_description":"","_tribe_ticket_show_not_going":false,"_tribe_ticket_use_global_stock":"","_tribe_ticket_global_stock_level":"","_global_stock_mode":"","_global_stock_cap":"","_tribe_rsvp_for_event":"","_tribe_ticket_going_count":"","_tribe_ticket_not_going_count":"","_tribe_tickets_list":"[]","_tribe_ticket_has_attendee_info_fields":false,"_tec_slr_enabled":"","_tec_slr_layout":""},"product_brand":[],"product_cat":[35],"product_tag":[],"class_list":{"0":"post-2047","1":"product","2":"type-product","3":"status-publish","4":"has-post-thumbnail","6":"product_cat-calendar","8":"first","9":"instock","10":"shipping-taxable","11":"purchasable","12":"product-type-simple"},"_links":{"self":[{"href":"https:\/\/berthoudhistoricalsociety.org\/de\/wp-json\/wp\/v2\/product\/2047","targetHints":{"allow":["GET"]}}],"collection":[{"href":"https:\/\/berthoudhistoricalsociety.org\/de\/wp-json\/wp\/v2\/product"}],"about":[{"href":"https:\/\/berthoudhistoricalsociety.org\/de\/wp-json\/wp\/v2\/types\/product"}],"wp:featuredmedia":[{"embeddable":true,"href":"https:\/\/berthoudhistoricalsociety.org\/de\/wp-json\/wp\/v2\/media\/720"}],"wp:attachment":[{"href":"https:\/\/berthoudhistoricalsociety.org\/de\/wp-json\/wp\/v2\/media?parent=2047"}],"wp:term":[{"taxonomy":"product_brand","embeddable":true,"href":"https:\/\/berthoudhistoricalsociety.org\/de\/wp-json\/wp\/v2\/product_brand?post=2047"},{"taxonomy":"product_cat","embeddable":true,"href":"https:\/\/berthoudhistoricalsociety.org\/de\/wp-json\/wp\/v2\/product_cat?post=2047"},{"taxonomy":"product_tag","embeddable":true,"href":"https:\/\/berthoudhistoricalsociety.org\/de\/wp-json\/wp\/v2\/product_tag?post=2047"}],"curies":[{"name":"wp","href":"https:\/\/api.w.org\/{rel}","templated":true}]}}