{"id":2058,"date":"2019-07-26T22:32:08","date_gmt":"2019-07-27T04:32:08","guid":{"rendered":"https:\/\/www.berthoudhistoricalsociety.org\/?post_type=product&#038;p=2058"},"modified":"2019-07-26T22:34:06","modified_gmt":"2019-07-27T04:34:06","slug":"2017-bhs-calendar","status":"publish","type":"product","link":"https:\/\/berthoudhistoricalsociety.org\/de\/produkt\/2017-bhs-calendar\/","title":{"rendered":"BHS-Kalender 2017"},"content":{"rendered":"","protected":false},"excerpt":{"rendered":"<h4><span style=\"color: #6c2205;\">Preis \u2013 $15 (zzgl. $2 Versand)<\/span><\/h4>\n<p>Als Kodak zu Beginn des 20. Jahrhunderts seine Brownie-Kamera vorstellte, wurde die Fotografie f\u00fcr die breite Masse zug\u00e4nglich. Wie andere Amerikaner kauften auch die Bewohner von Berthoud und den umliegenden l\u00e4ndlichen Gebieten eifrig Kameras und nutzten sie, um die Menschen und Ereignisse ihres Lebens festzuhalten. Diese Schwarzwei\u00df-Schnappsch\u00fcsse, die \u00fcber viele Jahrzehnte hinweg aufgenommen wurden, bilden heute einen wertvollen Teil der historischen Aufzeichnungen, die in den Sammlungen der Berthoud Historical Society aufbewahrt werden.<\/p>\n<p>Der verstorbene Bill Sterkel, geb\u00fcrtig aus Berthoud und Mitglied einer deutschst\u00e4mmigen Familie, hat nie vergessen, wie er zu seiner ersten Kamera kam. Als kleiner Junge in den 1910er Jahren beschloss Bill, dass er nur dann an eine Kamera kommen w\u00fcrde, wenn er von T\u00fcr zu T\u00fcr ging und Dosen mit Rosebud-Salbe verkaufte. (Das Unternehmen bot Kameras als Pr\u00e4mie f\u00fcr Leute an, die ihre Produkte verkauften.) Bill verdiente sich schlie\u00dflich seine Kamera und wurde von einem Fotofieber gepackt, das ihn sein Leben lang begleitete.<\/p>\n<p>Die Berthoud Historical Society m\u00f6chte sich bei allen bedanken, die im Laufe der Jahre Fotos gespendet oder zum Kopieren ausgeliehen haben. Ohne ihre Gro\u00dfz\u00fcgigkeit w\u00e4re die Erstellung eines Kalenders voller Schnappsch\u00fcsse nicht m\u00f6glich gewesen. Wir m\u00f6chten auch den Berthoud-Unternehmen unseren aufrichtigen Dank aussprechen.<br \/>\nund Einzelpersonen, die Kalenderseiten sponsern und dieses j\u00e4hrliche Projekt erm\u00f6glichen.<\/p>\n<p>Wir pr\u00e4sentieren Ihnen Schnappsch\u00fcsse von Berthoud. Wir hoffen, dass dieser Kalender uns dabei hilft, unsere Mission zu erf\u00fcllen, die Geschichte von Berthoud, dem Little Thompson Valley, Colorado und der umliegenden Region zu entdecken, zu bewahren und zu interpretieren.<\/p>\n<p>Genie\u00dfen Sie bitte!<\/p>","protected":false},"featured_media":601,"template":"","meta":{"_price":"17.00","_stock":null,"_tribe_ticket_header":"","_tribe_default_ticket_provider":"","_tribe_ticket_capacity":"0","_ticket_start_date":"","_ticket_end_date":"","_tribe_ticket_show_description":"","_tribe_ticket_show_not_going":false,"_tribe_ticket_use_global_stock":"","_tribe_ticket_global_stock_level":"","_global_stock_mode":"","_global_stock_cap":"","_tribe_rsvp_for_event":"","_tribe_ticket_going_count":"","_tribe_ticket_not_going_count":"","_tribe_tickets_list":"[]","_tribe_ticket_has_attendee_info_fields":false,"_tec_slr_enabled":"","_tec_slr_layout":""},"product_brand":[],"product_cat":[35],"product_tag":[],"class_list":{"0":"post-2058","1":"product","2":"type-product","3":"status-publish","4":"has-post-thumbnail","6":"product_cat-calendar","8":"first","9":"instock","10":"shipping-taxable","11":"purchasable","12":"product-type-simple"},"_links":{"self":[{"href":"https:\/\/berthoudhistoricalsociety.org\/de\/wp-json\/wp\/v2\/product\/2058","targetHints":{"allow":["GET"]}}],"collection":[{"href":"https:\/\/berthoudhistoricalsociety.org\/de\/wp-json\/wp\/v2\/product"}],"about":[{"href":"https:\/\/berthoudhistoricalsociety.org\/de\/wp-json\/wp\/v2\/types\/product"}],"wp:featuredmedia":[{"embeddable":true,"href":"https:\/\/berthoudhistoricalsociety.org\/de\/wp-json\/wp\/v2\/media\/601"}],"wp:attachment":[{"href":"https:\/\/berthoudhistoricalsociety.org\/de\/wp-json\/wp\/v2\/media?parent=2058"}],"wp:term":[{"taxonomy":"product_brand","embeddable":true,"href":"https:\/\/berthoudhistoricalsociety.org\/de\/wp-json\/wp\/v2\/product_brand?post=2058"},{"taxonomy":"product_cat","embeddable":true,"href":"https:\/\/berthoudhistoricalsociety.org\/de\/wp-json\/wp\/v2\/product_cat?post=2058"},{"taxonomy":"product_tag","embeddable":true,"href":"https:\/\/berthoudhistoricalsociety.org\/de\/wp-json\/wp\/v2\/product_tag?post=2058"}],"curies":[{"name":"wp","href":"https:\/\/api.w.org\/{rel}","templated":true}]}}