{"id":2084,"date":"2019-07-27T16:05:41","date_gmt":"2019-07-27T22:05:41","guid":{"rendered":"https:\/\/www.berthoudhistoricalsociety.org\/?post_type=product&#038;p=2084"},"modified":"2019-07-27T16:07:32","modified_gmt":"2019-07-27T22:07:32","slug":"2016-bhs-calendar","status":"publish","type":"product","link":"https:\/\/berthoudhistoricalsociety.org\/de\/produkt\/2016-bhs-calendar\/","title":{"rendered":"BHS-Kalender 2016"},"content":{"rendered":"","protected":false},"excerpt":{"rendered":"<h4><span style=\"color: #6c2205;\">Preis \u2013 $15 (zzgl. $2 Versand)<\/span><\/h4>\n<p>Vor einem Jahrhundert war Berthoud, Colorado, das gesch\u00e4ftige landwirtschaftliche Zentrum des s\u00fcdlichen Larimer County. Die Stadt hatte etwa 750 Einwohner und alle Gesch\u00e4fte und Industrien, die erforderlich waren, um die Bed\u00fcrfnisse der Stadt- und Landbewohner gleicherma\u00dfen zu befriedigen. Erst gegen Ende des Jahrzehnts wurden die Jungen aus der Gegend nach Europa verschifft, um im Ersten Weltkrieg zu k\u00e4mpfen, und kehrten mit der t\u00f6dlichen Spanischen Grippe zur\u00fcck.<\/p>\n<p>Vor genau einem Jahrhundert, im Jahr 1916, gr\u00fcndete Carrie McCormick Berthouds erste Gruppe der Camp Fire Girls. Die wohlhabenden B\u00fcrger Louis F. Bein und Dr. David W. McCarty bauten elegante H\u00e4user an der 748 Mountain Avenue und der 645 7th Street, die die Qualit\u00e4t aller bis dahin in Berthoud gebauten H\u00e4user \u00fcbertrafen. Vier Sch\u00fcler machten ihren Abschluss an der Berthoud High School und 85.000 Touristen, darunter mehrere Einwohner von Berthoud, rumpelten in ihren Roadstern und Tourenwagen den Big Thompson Canyon hinauf, um den neu er\u00f6ffneten Rocky Mountain National Park zu besuchen.<\/p>\n<p>Im Jahr 1916 wechselte das Grandview Hotel die Leitung und zwei Personen wurden verletzt, als ein Zug an der Kreuzung der Colorado &amp; Southern Railroad in der Mountain Avenue mit einem \u201eAuto\u201c kollidierte. Neue Backsteingeb\u00e4ude wurden errichtet, um die Red Rock Country School westlich von Berthoud und das Moon Theater in der Massachusetts Avenue 342 unterzubringen.<\/p>\n<p>Frederick Bein, ein Bauer, der im Sunnyside District nord\u00f6stlich von Berthoud lebte, versteigerte viele sch\u00f6ne Zugpferde, w\u00e4hrend der Bauunternehmer John A. Bell mehrere Betonsilos auf Bauernh\u00f6fen in der N\u00e4he der Stadt baute. 1916 war in fast jeder Hinsicht ein gutes Jahr f\u00fcr Berthoud, eine Gemeinde, die die \u00f6rtliche Handelskammer 1909 als \u201eGartenfleck Colorados\u201c bewarb.<\/p>\n<p>Die Berthoud Historical Society dankt den \u00f6rtlichen B\u00fcrgern und Unternehmen, die die Erstellung des Kalenders erm\u00f6glicht haben. Mit ihrer Unterst\u00fctzung setzen wir unsere Mission fort, die Geschichte von Berthoud, dem Little Thompson Valley, Colorado und der umliegenden Region zu entdecken, zu bewahren und zu interpretieren.<\/p>\n<p>Der verstorbene Bill Sterkel, geb\u00fcrtig aus Berthoud und Mitglied einer deutschst\u00e4mmigen Familie, hat nie vergessen, wie er zu seiner ersten Kamera kam. Als kleiner Junge in den 1910er Jahren beschloss Bill, dass er nur dann an eine Kamera kommen w\u00fcrde, wenn er von T\u00fcr zu T\u00fcr ging und Dosen mit Rosebud-Salbe verkaufte. (Das Unternehmen bot Kameras als Pr\u00e4mie f\u00fcr Leute an, die ihre Produkte verkauften.) Bill verdiente sich schlie\u00dflich seine Kamera und wurde von einem Fotofieber gepackt, das ihn sein Leben lang begleitete.<\/p>\n<p>Die Berthoud Historical Society m\u00f6chte sich bei allen bedanken, die im Laufe der Jahre Fotos gespendet oder zum Kopieren ausgeliehen haben. Ohne ihre Gro\u00dfz\u00fcgigkeit w\u00e4re die Erstellung eines Kalenders voller Schnappsch\u00fcsse nicht m\u00f6glich gewesen. Wir m\u00f6chten auch den Berthoud-Unternehmen unseren aufrichtigen Dank aussprechen.<br \/>\nund Einzelpersonen, die Kalenderseiten sponsern und dieses j\u00e4hrliche Projekt erm\u00f6glichen.<\/p>\n<p>Wir pr\u00e4sentieren Ihnen Schnappsch\u00fcsse von Berthoud. Wir hoffen, dass dieser Kalender uns dabei hilft, unsere Mission zu erf\u00fcllen, die Geschichte von Berthoud, dem Little Thompson Valley, Colorado und der umliegenden Region zu entdecken, zu bewahren und zu interpretieren.<\/p>\n<p>Genie\u00dfen Sie bitte!<\/p>","protected":false},"featured_media":491,"template":"","meta":{"_price":"17.00","_stock":null,"_tribe_ticket_header":"","_tribe_default_ticket_provider":"","_tribe_ticket_capacity":"0","_ticket_start_date":"","_ticket_end_date":"","_tribe_ticket_show_description":"","_tribe_ticket_show_not_going":false,"_tribe_ticket_use_global_stock":"","_tribe_ticket_global_stock_level":"","_global_stock_mode":"","_global_stock_cap":"","_tribe_rsvp_for_event":"","_tribe_ticket_going_count":"","_tribe_ticket_not_going_count":"","_tribe_tickets_list":"[]","_tribe_ticket_has_attendee_info_fields":false,"_tec_slr_enabled":"","_tec_slr_layout":""},"product_brand":[],"product_cat":[35],"product_tag":[],"class_list":{"0":"post-2084","1":"product","2":"type-product","3":"status-publish","4":"has-post-thumbnail","6":"product_cat-calendar","8":"first","9":"instock","10":"shipping-taxable","11":"purchasable","12":"product-type-simple"},"_links":{"self":[{"href":"https:\/\/berthoudhistoricalsociety.org\/de\/wp-json\/wp\/v2\/product\/2084","targetHints":{"allow":["GET"]}}],"collection":[{"href":"https:\/\/berthoudhistoricalsociety.org\/de\/wp-json\/wp\/v2\/product"}],"about":[{"href":"https:\/\/berthoudhistoricalsociety.org\/de\/wp-json\/wp\/v2\/types\/product"}],"wp:featuredmedia":[{"embeddable":true,"href":"https:\/\/berthoudhistoricalsociety.org\/de\/wp-json\/wp\/v2\/media\/491"}],"wp:attachment":[{"href":"https:\/\/berthoudhistoricalsociety.org\/de\/wp-json\/wp\/v2\/media?parent=2084"}],"wp:term":[{"taxonomy":"product_brand","embeddable":true,"href":"https:\/\/berthoudhistoricalsociety.org\/de\/wp-json\/wp\/v2\/product_brand?post=2084"},{"taxonomy":"product_cat","embeddable":true,"href":"https:\/\/berthoudhistoricalsociety.org\/de\/wp-json\/wp\/v2\/product_cat?post=2084"},{"taxonomy":"product_tag","embeddable":true,"href":"https:\/\/berthoudhistoricalsociety.org\/de\/wp-json\/wp\/v2\/product_tag?post=2084"}],"curies":[{"name":"wp","href":"https:\/\/api.w.org\/{rel}","templated":true}]}}