{"id":2088,"date":"2019-07-27T16:11:19","date_gmt":"2019-07-27T22:11:19","guid":{"rendered":"https:\/\/www.berthoudhistoricalsociety.org\/?post_type=product&#038;p=2088"},"modified":"2019-07-27T16:16:47","modified_gmt":"2019-07-27T22:16:47","slug":"2015-bhs-calendar","status":"publish","type":"product","link":"https:\/\/berthoudhistoricalsociety.org\/de\/produkt\/2015-bhs-calendar\/","title":{"rendered":"BHS-Kalender 2015"},"content":{"rendered":"","protected":false},"excerpt":{"rendered":"<h4><span style=\"color: #6c2205;\">Preis \u2013 $15 (zzgl. $2 Versand)<\/span><\/h4>\n<p>Berthoud wurde von armen Siedlern, die sich ihr Leben durch harte Arbeit erarbeiteten, aus der rauen Pr\u00e4rie herausgearbeitet. Ihre Arbeit wurde an Bauern, Wanderarbeiter, Gesch\u00e4ftsleute und Berufst\u00e4tige weitergegeben, die mit gro\u00dfem Stolz die Gemeinde aufbauten, die zu einem florierenden Gesch\u00e4ftszentrum im s\u00fcdlichen Larimer County, Colorado, wurde.<\/p>\n<p>Dieser Kalender ist eine Hommage an die Arbeiter von Berthoud und die geliebte Gemeinde, die sie Anfang des 20. Jahrhunderts erstmals als \u201eGartenfleck Colorados\u201c bezeichneten. Die Fotografien stammen aus den Sammlungen der Berthoud Historical Society und ihrer Freunde, die Sie einladen, mehr als ein Jahrhundert \u201eBerthoud at Work\u201c zu feiern.<\/p>\n<p>Genie\u00dfen!<\/p>","protected":false},"featured_media":400,"template":"","meta":{"_price":"17.00","_stock":null,"_tribe_ticket_header":"","_tribe_default_ticket_provider":"","_tribe_ticket_capacity":"0","_ticket_start_date":"","_ticket_end_date":"","_tribe_ticket_show_description":"","_tribe_ticket_show_not_going":false,"_tribe_ticket_use_global_stock":"","_tribe_ticket_global_stock_level":"","_global_stock_mode":"","_global_stock_cap":"","_tribe_rsvp_for_event":"","_tribe_ticket_going_count":"","_tribe_ticket_not_going_count":"","_tribe_tickets_list":"[]","_tribe_ticket_has_attendee_info_fields":false,"_tec_slr_enabled":"","_tec_slr_layout":""},"product_brand":[],"product_cat":[35],"product_tag":[],"class_list":{"0":"post-2088","1":"product","2":"type-product","3":"status-publish","4":"has-post-thumbnail","6":"product_cat-calendar","8":"first","9":"instock","10":"shipping-taxable","11":"purchasable","12":"product-type-simple"},"_links":{"self":[{"href":"https:\/\/berthoudhistoricalsociety.org\/de\/wp-json\/wp\/v2\/product\/2088","targetHints":{"allow":["GET"]}}],"collection":[{"href":"https:\/\/berthoudhistoricalsociety.org\/de\/wp-json\/wp\/v2\/product"}],"about":[{"href":"https:\/\/berthoudhistoricalsociety.org\/de\/wp-json\/wp\/v2\/types\/product"}],"wp:featuredmedia":[{"embeddable":true,"href":"https:\/\/berthoudhistoricalsociety.org\/de\/wp-json\/wp\/v2\/media\/400"}],"wp:attachment":[{"href":"https:\/\/berthoudhistoricalsociety.org\/de\/wp-json\/wp\/v2\/media?parent=2088"}],"wp:term":[{"taxonomy":"product_brand","embeddable":true,"href":"https:\/\/berthoudhistoricalsociety.org\/de\/wp-json\/wp\/v2\/product_brand?post=2088"},{"taxonomy":"product_cat","embeddable":true,"href":"https:\/\/berthoudhistoricalsociety.org\/de\/wp-json\/wp\/v2\/product_cat?post=2088"},{"taxonomy":"product_tag","embeddable":true,"href":"https:\/\/berthoudhistoricalsociety.org\/de\/wp-json\/wp\/v2\/product_tag?post=2088"}],"curies":[{"name":"wp","href":"https:\/\/api.w.org\/{rel}","templated":true}]}}