{"id":196,"date":"2013-12-17T05:57:49","date_gmt":"2013-12-17T12:57:49","guid":{"rendered":"http:\/\/www.berthoudhistoricalsociety.org\/BHS_Wordpress\/agriculture-3\/"},"modified":"2019-07-31T13:27:20","modified_gmt":"2019-07-31T19:27:20","slug":"agriculture-3","status":"publish","type":"page","link":"https:\/\/berthoudhistoricalsociety.org\/es\/agriculture-3\/","title":{"rendered":"Agriculture"},"content":{"rendered":"<div data-elementor-type=\"wp-post\" data-elementor-id=\"196\" class=\"elementor elementor-196\" data-elementor-post-type=\"page\">\n\t\t\t\t\t\t<section class=\"elementor-section elementor-top-section elementor-element elementor-element-117d8f1 elementor-section-boxed elementor-section-height-default elementor-section-height-default\" data-id=\"117d8f1\" data-element_type=\"section\" data-e-type=\"section\">\n\t\t\t\t\t\t<div class=\"elementor-container elementor-column-gap-default\">\n\t\t\t\t\t<div class=\"elementor-column elementor-col-100 elementor-top-column elementor-element elementor-element-1c98787\" data-id=\"1c98787\" data-element_type=\"column\" data-e-type=\"column\">\n\t\t\t<div class=\"elementor-widget-wrap elementor-element-populated\">\n\t\t\t\t\t\t<div class=\"elementor-element elementor-element-9c2bbf2 elementor-widget elementor-widget-text-editor\" data-id=\"9c2bbf2\" data-element_type=\"widget\" data-e-type=\"widget\" data-widget_type=\"text-editor.default\">\n\t\t\t\t<div class=\"elementor-widget-container\">\n\t\t\t\t\t\t\t\t\t<h1><em>Wheat, Water, Alfalfa and Beets<\/em><\/h1>\t\t\t\t\t\t\t\t<\/div>\n\t\t\t\t<\/div>\n\t\t\t\t\t<\/div>\n\t\t<\/div>\n\t\t\t\t\t<\/div>\n\t\t<\/section>\n\t\t\t\t<section class=\"elementor-section elementor-top-section elementor-element elementor-element-3d0fdce elementor-section-boxed elementor-section-height-default elementor-section-height-default\" data-id=\"3d0fdce\" data-element_type=\"section\" data-e-type=\"section\">\n\t\t\t\t\t\t<div class=\"elementor-container elementor-column-gap-default\">\n\t\t\t\t\t<div class=\"elementor-column elementor-col-33 elementor-top-column elementor-element elementor-element-8bf7fe0\" data-id=\"8bf7fe0\" data-element_type=\"column\" data-e-type=\"column\">\n\t\t\t<div class=\"elementor-widget-wrap elementor-element-populated\">\n\t\t\t\t\t\t<div class=\"elementor-element elementor-element-49e7f36 elementor-widget elementor-widget-text-editor\" data-id=\"49e7f36\" data-element_type=\"widget\" data-e-type=\"widget\" data-widget_type=\"text-editor.default\">\n\t\t\t\t<div class=\"elementor-widget-container\">\n\t\t\t\t\t\t\t\t\t<p><img fetchpriority=\"high\" decoding=\"async\" class=\"aligncenter\" src=\"https:\/\/berthoudhistoricalsociety.org\/images\/IMG-Agriculture-Irrigation.jpg\" alt=\"\" width=\"300\" height=\"449\" \/><\/p>\t\t\t\t\t\t\t\t<\/div>\n\t\t\t\t<\/div>\n\t\t\t\t\t<\/div>\n\t\t<\/div>\n\t\t\t\t<div class=\"elementor-column elementor-col-66 elementor-top-column elementor-element elementor-element-c0f20ba\" data-id=\"c0f20ba\" data-element_type=\"column\" data-e-type=\"column\">\n\t\t\t<div class=\"elementor-widget-wrap elementor-element-populated\">\n\t\t\t\t\t\t<div class=\"elementor-element elementor-element-ea2c853 elementor-widget elementor-widget-text-editor\" data-id=\"ea2c853\" data-element_type=\"widget\" data-e-type=\"widget\" data-widget_type=\"text-editor.default\">\n\t\t\t\t<div class=\"elementor-widget-container\">\n\t\t\t\t\t\t\t\t\t<p align=\"left\">Ubicadas en la regi\u00f3n \u00e1rida que el comandante Stephen Long describi\u00f3 en 1820 como &quot;El gran desierto americano&quot;, las tierras agr\u00edcolas del valle de Little Thompson requer\u00edan riego regular en verano para cultivar.<\/p><p align=\"left\">James Eaglin se convirti\u00f3 en el primer agricultor del valle en 1866 cuando plant\u00f3 trigo en su granja reci\u00e9n reclamada en el fondo del r\u00edo Little Thompson. Cuando Eaglin solicit\u00f3 derechos de agua del r\u00edo en 1869, sent\u00f3 las bases para el sistema de \u201ccompa\u00f1\u00edas de acequias\u201d organizadas que contin\u00faan recolectando agua del r\u00edo durante la escorrent\u00eda de primavera y almacen\u00e1ndola para riego en los meses secos del verano.<\/p><p align=\"left\">Si bien el trigo fue el primer cultivo que se cultiv\u00f3 en el valle de Little Thompson, la alfalfa se convirti\u00f3 en un cultivo importante en la d\u00e9cada de 1890, cuando se descubri\u00f3 que pod\u00eda usarse como alimento para engordar ovejas de manera rentable. En 1905, cuando los agricultores de la zona enviaron m\u00e1s de 63.000 corderos al mercado, Berthoud se hab\u00eda convertido en un bullicioso centro agr\u00edcola del condado de Larimer que era bien conocido por sus pr\u00f3speros agricultores.<\/p><p align=\"center\"><img decoding=\"async\" src=\"https:\/\/berthoudhistoricalsociety.org\/images\/IMG-Agriculture-sheep.jpg\" alt=\"\" width=\"400\" height=\"314\" \/><\/p><p align=\"left\">Esa prosperidad se vio reforzada a principios del siglo XX cuando la Great Western Sugar Company introdujo la remolacha azucarera en el norte de Colorado y construy\u00f3 ferrocarriles y f\u00e1bricas para desarrollar la industria. Los productores de Berthoud entregaron remolachas a varios vertederos rurales donde las remolachas se cargaron en vagones y se transportaron a f\u00e1bricas de az\u00facar en las cercanas Loveland y Longmont.<\/p><p align=\"center\"><img decoding=\"async\" src=\"https:\/\/berthoudhistoricalsociety.org\/images\/IMG-Agriculture-beetwagon.jpg\" alt=\"\" width=\"400\" height=\"303\" \/><\/p><p align=\"left\">La agricultura contin\u00faa contribuyendo al patrimonio del valle de Little Thompson a pesar de que la urbanizaci\u00f3n gradual ha disminuido en gran medida la disponibilidad de agua y tierras agr\u00edcolas.<\/p>\t\t\t\t\t\t\t\t<\/div>\n\t\t\t\t<\/div>\n\t\t\t\t\t<\/div>\n\t\t<\/div>\n\t\t\t\t\t<\/div>\n\t\t<\/section>\n\t\t\t\t<\/div>","protected":false},"excerpt":{"rendered":"<p>Wheat, Water, Alfalfa and Beets Located in the arid region Major Stephen Long described in 1820 as \u201cThe Great American Desert,\u201d the farm land of the Little Thompson Valley required [&hellip;]<\/p>\n","protected":false},"author":2,"featured_media":0,"parent":0,"menu_order":0,"comment_status":"closed","ping_status":"closed","template":"","meta":{"_price":"","_stock":"","_tribe_ticket_header":"","_tribe_default_ticket_provider":"","_tribe_ticket_capacity":"0","_ticket_start_date":"","_ticket_end_date":"","_tribe_ticket_show_description":"","_tribe_ticket_show_not_going":false,"_tribe_ticket_use_global_stock":"","_tribe_ticket_global_stock_level":"","_global_stock_mode":"","_global_stock_cap":"","_tribe_rsvp_for_event":"","_tribe_ticket_going_count":"","_tribe_ticket_not_going_count":"","_tribe_tickets_list":"[]","_tribe_ticket_has_attendee_info_fields":false,"footnotes":"","_tec_slr_enabled":"","_tec_slr_layout":""},"class_list":["post-196","page","type-page","status-publish","hentry"],"ticketed":false,"_links":{"self":[{"href":"https:\/\/berthoudhistoricalsociety.org\/es\/wp-json\/wp\/v2\/pages\/196","targetHints":{"allow":["GET"]}}],"collection":[{"href":"https:\/\/berthoudhistoricalsociety.org\/es\/wp-json\/wp\/v2\/pages"}],"about":[{"href":"https:\/\/berthoudhistoricalsociety.org\/es\/wp-json\/wp\/v2\/types\/page"}],"author":[{"embeddable":true,"href":"https:\/\/berthoudhistoricalsociety.org\/es\/wp-json\/wp\/v2\/users\/2"}],"replies":[{"embeddable":true,"href":"https:\/\/berthoudhistoricalsociety.org\/es\/wp-json\/wp\/v2\/comments?post=196"}],"version-history":[{"count":0,"href":"https:\/\/berthoudhistoricalsociety.org\/es\/wp-json\/wp\/v2\/pages\/196\/revisions"}],"wp:attachment":[{"href":"https:\/\/berthoudhistoricalsociety.org\/es\/wp-json\/wp\/v2\/media?parent=196"}],"curies":[{"name":"wp","href":"https:\/\/api.w.org\/{rel}","templated":true}]}}