{"id":250,"date":"2014-01-16T22:51:11","date_gmt":"2014-01-17T05:51:11","guid":{"rendered":"http:\/\/www.berthoudhistoricalsociety.org\/BHS_Wordpress\/people\/"},"modified":"2019-07-31T12:39:59","modified_gmt":"2019-07-31T18:39:59","slug":"photo-gallery","status":"publish","type":"page","link":"https:\/\/berthoudhistoricalsociety.org\/es\/photo-gallery\/","title":{"rendered":"Photo Gallery"},"content":{"rendered":"<div data-elementor-type=\"wp-post\" data-elementor-id=\"250\" class=\"elementor elementor-250\" data-elementor-post-type=\"page\">\n\t\t\t\t\t\t<section class=\"elementor-section elementor-top-section elementor-element elementor-element-b12df1e elementor-section-boxed elementor-section-height-default elementor-section-height-default\" data-id=\"b12df1e\" data-element_type=\"section\" data-e-type=\"section\">\n\t\t\t\t\t\t<div class=\"elementor-container elementor-column-gap-default\">\n\t\t\t\t\t<div class=\"elementor-column elementor-col-100 elementor-top-column elementor-element elementor-element-4058bd2\" data-id=\"4058bd2\" data-element_type=\"column\" data-e-type=\"column\">\n\t\t\t<div class=\"elementor-widget-wrap elementor-element-populated\">\n\t\t\t\t\t\t<div class=\"elementor-element elementor-element-59a6a75 elementor-widget elementor-widget-text-editor\" data-id=\"59a6a75\" data-element_type=\"widget\" data-e-type=\"widget\" data-widget_type=\"text-editor.default\">\n\t\t\t\t<div class=\"elementor-widget-container\">\n\t\t\t\t\t\t\t\t\t<h1><em>Fotos revelan la herencia Berthoud de McCartys<\/em><\/h1>\t\t\t\t\t\t\t\t<\/div>\n\t\t\t\t<\/div>\n\t\t\t\t\t<\/div>\n\t\t<\/div>\n\t\t\t\t\t<\/div>\n\t\t<\/section>\n\t\t\t\t<section class=\"elementor-section elementor-top-section elementor-element elementor-element-61dc798 elementor-section-boxed elementor-section-height-default elementor-section-height-default\" data-id=\"61dc798\" data-element_type=\"section\" data-e-type=\"section\">\n\t\t\t\t\t\t<div class=\"elementor-container elementor-column-gap-default\">\n\t\t\t\t\t<div class=\"elementor-column elementor-col-33 elementor-top-column elementor-element elementor-element-5afbfd6\" data-id=\"5afbfd6\" data-element_type=\"column\" data-e-type=\"column\">\n\t\t\t<div class=\"elementor-widget-wrap elementor-element-populated\">\n\t\t\t\t\t\t<div class=\"elementor-element elementor-element-df4f4a8 elementor-widget elementor-widget-text-editor\" data-id=\"df4f4a8\" data-element_type=\"widget\" data-e-type=\"widget\" data-widget_type=\"text-editor.default\">\n\t\t\t\t<div class=\"elementor-widget-container\">\n\t\t\t\t\t\t\t\t\t<p><img fetchpriority=\"high\" decoding=\"async\" class=\"aligncenter\" src=\"https:\/\/berthoudhistoricalsociety.org\/images\/IMG-McCartyLogo.jpg\" alt=\"\" width=\"237\" height=\"218\" \/><\/p>\t\t\t\t\t\t\t\t<\/div>\n\t\t\t\t<\/div>\n\t\t\t\t\t<\/div>\n\t\t<\/div>\n\t\t\t\t<div class=\"elementor-column elementor-col-66 elementor-top-column elementor-element elementor-element-f8a58bf\" data-id=\"f8a58bf\" data-element_type=\"column\" data-e-type=\"column\">\n\t\t\t<div class=\"elementor-widget-wrap elementor-element-populated\">\n\t\t\t\t\t\t<div class=\"elementor-element elementor-element-a3cb323 elementor-widget elementor-widget-text-editor\" data-id=\"a3cb323\" data-element_type=\"widget\" data-e-type=\"widget\" data-widget_type=\"text-editor.default\">\n\t\t\t\t<div class=\"elementor-widget-container\">\n\t\t\t\t\t\t\t\t\t<p align=\"center\"><img decoding=\"async\" src=\"https:\/\/berthoudhistoricalsociety.org\/images\/IMG-McCartyPhoto1.jpg\" alt=\"\" width=\"450\" height=\"254\" \/><\/p><p align=\"left\">En la primavera de 1899, el Dr. DW McCarty (de pie a la derecha) traslad\u00f3 su consulta de su farmacia en Third Street a un edificio de oficinas de 16 \u00d7 24 pies en 338 Massachusetts Ave. que el constructor de Berthoud, SF Curtis, construy\u00f3 a un costo de $1,000. .<\/p><p align=\"center\"><img decoding=\"async\" src=\"https:\/\/berthoudhistoricalsociety.org\/images\/IMG-McCartyPhoto2.jpg\" alt=\"\" width=\"450\" height=\"249\" \/><\/p><p align=\"left\">Antes de que los hermanos Floyd y Elmer Clymer intentaran cruzar el pa\u00eds hasta Spokane en 1910, posaron para los fot\u00f3grafos frente a la farmacia Foresman &amp; McCarty ubicada en Third Street en Berthoud.<\/p><p align=\"center\"><img loading=\"lazy\" decoding=\"async\" src=\"https:\/\/berthoudhistoricalsociety.org\/images\/IMG-McCartyPhoto3.jpg\" alt=\"\" width=\"450\" height=\"258\" \/><\/p><p align=\"left\">Los ni\u00f1os tejen alrededor de un poste de mayo ubicado frente a la Escuela Berthoud, c. 1917. Helen McCarty (primer plano) se volvi\u00f3 hacia el fot\u00f3grafo.<\/p><p align=\"center\"><img loading=\"lazy\" decoding=\"async\" src=\"https:\/\/berthoudhistoricalsociety.org\/images\/IMG-McCartyPhoto4.jpg\" alt=\"\" width=\"450\" height=\"303\" \/><\/p><p align=\"left\">La Sra. Jennie McCarty fue un miembro fiel del Auxiliar de la Cruz Roja de Berthoud durante la Primera Guerra Mundial. En 1917-18, estuvo entre las l\u00edderes de un grupo de costura que se reuni\u00f3 en el Masonic Hall para confeccionar ropa y suministros de primeros auxilios para los militares de la naci\u00f3n.<\/p>\t\t\t\t\t\t\t\t<\/div>\n\t\t\t\t<\/div>\n\t\t\t\t\t<\/div>\n\t\t<\/div>\n\t\t\t\t\t<\/div>\n\t\t<\/section>\n\t\t\t\t<\/div>","protected":false},"excerpt":{"rendered":"<p>Photos Reveal McCartys&#8217; Berthoud Heritage In the spring of 1899 Dr. D.W. McCarty (standing on right) moved his practice from his drugstore on Third street to a 16&#215;24-foot office building [&hellip;]<\/p>\n","protected":false},"author":2,"featured_media":0,"parent":0,"menu_order":0,"comment_status":"closed","ping_status":"closed","template":"","meta":{"_price":"","_stock":"","_tribe_ticket_header":"","_tribe_default_ticket_provider":"","_tribe_ticket_capacity":"0","_ticket_start_date":"","_ticket_end_date":"","_tribe_ticket_show_description":"","_tribe_ticket_show_not_going":false,"_tribe_ticket_use_global_stock":"","_tribe_ticket_global_stock_level":"","_global_stock_mode":"","_global_stock_cap":"","_tribe_rsvp_for_event":"","_tribe_ticket_going_count":"","_tribe_ticket_not_going_count":"","_tribe_tickets_list":"[]","_tribe_ticket_has_attendee_info_fields":false,"footnotes":"","_tec_slr_enabled":"","_tec_slr_layout":""},"class_list":["post-250","page","type-page","status-publish","hentry"],"ticketed":false,"_links":{"self":[{"href":"https:\/\/berthoudhistoricalsociety.org\/es\/wp-json\/wp\/v2\/pages\/250","targetHints":{"allow":["GET"]}}],"collection":[{"href":"https:\/\/berthoudhistoricalsociety.org\/es\/wp-json\/wp\/v2\/pages"}],"about":[{"href":"https:\/\/berthoudhistoricalsociety.org\/es\/wp-json\/wp\/v2\/types\/page"}],"author":[{"embeddable":true,"href":"https:\/\/berthoudhistoricalsociety.org\/es\/wp-json\/wp\/v2\/users\/2"}],"replies":[{"embeddable":true,"href":"https:\/\/berthoudhistoricalsociety.org\/es\/wp-json\/wp\/v2\/comments?post=250"}],"version-history":[{"count":0,"href":"https:\/\/berthoudhistoricalsociety.org\/es\/wp-json\/wp\/v2\/pages\/250\/revisions"}],"wp:attachment":[{"href":"https:\/\/berthoudhistoricalsociety.org\/es\/wp-json\/wp\/v2\/media?parent=250"}],"curies":[{"name":"wp","href":"https:\/\/api.w.org\/{rel}","templated":true}]}}