{"id":13225,"date":"2020-07-11T15:59:14","date_gmt":"2020-07-11T21:59:14","guid":{"rendered":"https:\/\/www.berthoudhistoricalsociety.org\/?post_type=product&#038;p=13225"},"modified":"2020-07-12T17:45:19","modified_gmt":"2020-07-12T23:45:19","slug":"brisket-entree","status":"publish","type":"product","link":"https:\/\/berthoudhistoricalsociety.org\/es\/producto\/brisket-entree\/","title":{"rendered":"Falda<br>Entrada"},"content":{"rendered":"","protected":false},"excerpt":{"rendered":"<p><a href=\"https:\/\/berthoudhistoricalsociety.org\/es\/box-social\/\"><span style=\"color: #800000;\"><strong>&lt;&lt;&lt; Volver a la p\u00e1gina social de Box<\/strong><\/span><\/a><\/p>\n<hr \/>\n<p>6 oz de pechuga de res ahumada en casa, a fuego lento y bajo, servida con pan, cebolla y pepinillos, con 5 acompa\u00f1amientos a tu elecci\u00f3n.<\/p>\n<p><span style=\"color: #800000; font-size: 18pt;\"><strong>Seleccione un total de 5 acompa\u00f1amientos, panes y postres de la lista a continuaci\u00f3n, luego haga clic en el bot\u00f3n Agregar al carrito.<\/strong><\/span><\/p>","protected":false},"featured_media":13169,"template":"","meta":{"_price":"40","_stock":null,"_tribe_ticket_header":"","_tribe_default_ticket_provider":"","_tribe_ticket_capacity":"4","_ticket_start_date":"","_ticket_end_date":"","_tribe_ticket_show_description":"","_tribe_ticket_show_not_going":false,"_tribe_ticket_use_global_stock":"","_tribe_ticket_global_stock_level":"","_global_stock_mode":"","_global_stock_cap":"","_tribe_rsvp_for_event":"","_tribe_ticket_going_count":"","_tribe_ticket_not_going_count":"","_tribe_tickets_list":"[]","_tribe_ticket_has_attendee_info_fields":false,"_tec_slr_enabled":"","_tec_slr_layout":""},"product_brand":[],"product_cat":[55],"product_tag":[],"class_list":{"0":"post-13225","1":"product","2":"type-product","3":"status-publish","4":"has-post-thumbnail","6":"product_cat-box-social","8":"first","9":"instock","10":"virtual","11":"purchasable","12":"product-type-simple"},"_links":{"self":[{"href":"https:\/\/berthoudhistoricalsociety.org\/es\/wp-json\/wp\/v2\/product\/13225","targetHints":{"allow":["GET"]}}],"collection":[{"href":"https:\/\/berthoudhistoricalsociety.org\/es\/wp-json\/wp\/v2\/product"}],"about":[{"href":"https:\/\/berthoudhistoricalsociety.org\/es\/wp-json\/wp\/v2\/types\/product"}],"wp:featuredmedia":[{"embeddable":true,"href":"https:\/\/berthoudhistoricalsociety.org\/es\/wp-json\/wp\/v2\/media\/13169"}],"wp:attachment":[{"href":"https:\/\/berthoudhistoricalsociety.org\/es\/wp-json\/wp\/v2\/media?parent=13225"}],"wp:term":[{"taxonomy":"product_brand","embeddable":true,"href":"https:\/\/berthoudhistoricalsociety.org\/es\/wp-json\/wp\/v2\/product_brand?post=13225"},{"taxonomy":"product_cat","embeddable":true,"href":"https:\/\/berthoudhistoricalsociety.org\/es\/wp-json\/wp\/v2\/product_cat?post=13225"},{"taxonomy":"product_tag","embeddable":true,"href":"https:\/\/berthoudhistoricalsociety.org\/es\/wp-json\/wp\/v2\/product_tag?post=13225"}],"curies":[{"name":"wp","href":"https:\/\/api.w.org\/{rel}","templated":true}]}}