{"id":13266,"date":"2020-07-11T17:26:08","date_gmt":"2020-07-11T23:26:08","guid":{"rendered":"https:\/\/www.berthoudhistoricalsociety.org\/?post_type=product&#038;p=13266"},"modified":"2020-07-12T17:40:27","modified_gmt":"2020-07-12T23:40:27","slug":"2-veggie-entree-couple","status":"publish","type":"product","link":"https:\/\/berthoudhistoricalsociety.org\/es\/producto\/2-veggie-entree-couple\/","title":{"rendered":"2 entradas vegetarianas de rollitos de verano"},"content":{"rendered":"","protected":false},"excerpt":{"rendered":"<p><a href=\"https:\/\/berthoudhistoricalsociety.org\/es\/box-social\/\"><span style=\"color: #800000;\"><strong>&lt;&lt;&lt; Volver a la p\u00e1gina social de Box<\/strong><\/span><\/a><\/p>\n<hr \/>\n<p>Rollitos frescos de verano: hemos combinado una variedad de frutas y verduras arco\u00edris con arroz, fideos o quinua. Recibir\u00e1s tres panecillos: 2 salados, 1 dulce y envases con 3 salsas.<\/p>\n<p>Los panecillos salados son una mezcla de verduras asadas con queso feta y quinua; y un panecillo de verduras frescas con muchas verduras crudas y fideos de arroz. El panecillo dulce es un panecillo pegajoso de arroz con coco, rodajas de mango fresco y pi\u00f1a asada.<\/p>\n<p>Las salsas son una salsa de man\u00ed con jengibre, un chile con mango y una salsa de aguacate y cilantro con lima.<\/p>\n<p><span style=\"color: #800000; font-size: 18pt;\"><strong>Seleccione un total de 10 acompa\u00f1amientos, panes y postres de la lista a continuaci\u00f3n y luego haga clic en el bot\u00f3n Agregar al carrito.<\/strong><\/span><\/p>","protected":false},"featured_media":13232,"template":"","meta":{"_price":"70","_stock":null,"_tribe_ticket_header":"","_tribe_default_ticket_provider":"","_tribe_ticket_capacity":"2","_ticket_start_date":"","_ticket_end_date":"","_tribe_ticket_show_description":"","_tribe_ticket_show_not_going":false,"_tribe_ticket_use_global_stock":"","_tribe_ticket_global_stock_level":"","_global_stock_mode":"","_global_stock_cap":"","_tribe_rsvp_for_event":"","_tribe_ticket_going_count":"","_tribe_ticket_not_going_count":"","_tribe_tickets_list":"[]","_tribe_ticket_has_attendee_info_fields":false,"_tec_slr_enabled":"","_tec_slr_layout":""},"product_brand":[],"product_cat":[55,52],"product_tag":[],"class_list":{"0":"post-13266","1":"product","2":"type-product","3":"status-publish","4":"has-post-thumbnail","6":"product_cat-box-social","7":"product_cat-box-social-mains","9":"first","10":"instock","11":"virtual","12":"purchasable","13":"product-type-simple"},"_links":{"self":[{"href":"https:\/\/berthoudhistoricalsociety.org\/es\/wp-json\/wp\/v2\/product\/13266","targetHints":{"allow":["GET"]}}],"collection":[{"href":"https:\/\/berthoudhistoricalsociety.org\/es\/wp-json\/wp\/v2\/product"}],"about":[{"href":"https:\/\/berthoudhistoricalsociety.org\/es\/wp-json\/wp\/v2\/types\/product"}],"wp:featuredmedia":[{"embeddable":true,"href":"https:\/\/berthoudhistoricalsociety.org\/es\/wp-json\/wp\/v2\/media\/13232"}],"wp:attachment":[{"href":"https:\/\/berthoudhistoricalsociety.org\/es\/wp-json\/wp\/v2\/media?parent=13266"}],"wp:term":[{"taxonomy":"product_brand","embeddable":true,"href":"https:\/\/berthoudhistoricalsociety.org\/es\/wp-json\/wp\/v2\/product_brand?post=13266"},{"taxonomy":"product_cat","embeddable":true,"href":"https:\/\/berthoudhistoricalsociety.org\/es\/wp-json\/wp\/v2\/product_cat?post=13266"},{"taxonomy":"product_tag","embeddable":true,"href":"https:\/\/berthoudhistoricalsociety.org\/es\/wp-json\/wp\/v2\/product_tag?post=13266"}],"curies":[{"name":"wp","href":"https:\/\/api.w.org\/{rel}","templated":true}]}}