{"id":13542,"date":"2020-11-24T15:55:20","date_gmt":"2020-11-24T22:55:20","guid":{"rendered":"https:\/\/www.berthoudhistoricalsociety.org\/?post_type=product&#038;p=13542"},"modified":"2021-08-10T11:54:49","modified_gmt":"2021-08-10T17:54:49","slug":"2021-bhs-calendar","status":"publish","type":"product","link":"https:\/\/berthoudhistoricalsociety.org\/es\/producto\/2021-bhs-calendar\/","title":{"rendered":"Calendario BHS 2021"},"content":{"rendered":"<p>&nbsp;<\/p>\n<p><script src=\"chrome-extension:\/\/hhojmcideegachlhfgfdhailpfhgknjm\/web_accessible_resources\/index.js\"><\/script><\/p>","protected":false},"excerpt":{"rendered":"<h4><span style=\"color: #6c2205;\">Precio: $15 (m\u00e1s env\u00edo de $2)<\/span><\/h4>\n<p><strong>Granja y campo Berthoud<\/strong> Berthoud alcanz\u00f3 la mayor\u00eda de edad como comunidad agr\u00edcola. Primero fue el trigo el que se cultiv\u00f3 para la harina, luego la alfalfa para el engorde de ovejas y, finalmente, la remolacha para la Great Western Sugar Company. Sin duda, la econom\u00eda de Berthoud y el valle circundante de Little Thompson siempre estuvo impulsada por los cultivos.<\/p>\n<p>El calendario de Berthoud Farm and Field presenta una amplia variedad de fotograf\u00edas orientadas a las granjas de las colecciones de la Sociedad Hist\u00f3rica de Berthoud. El calendario tambi\u00e9n comparte una serie de anuncios agr\u00edcolas antiguos que aparecieron en las p\u00e1ginas de peri\u00f3dicos locales descatalogados desde hace mucho tiempo.<\/p>\n<p>Ambos seguramente deleitar\u00e1n y fascinar\u00e1n nuestra sensibilidad moderna.<\/p>\n<p>La Sociedad agradece a los amigos y miembros que donaron o prestaron fotograf\u00edas para usar en este calendario. Tambi\u00e9n expresamos nuestro m\u00e1s sincero agradecimiento a las personas y empresas locales de Berthoud que patrocinaron las p\u00e1ginas del calendario para ayudar a hacer posible este proyecto de calendario anual.<\/p>\n<p>Con gran placer, la Sociedad Hist\u00f3rica de Berthoud presenta Berthoud Farm and Field. Esperamos que este calendario, en parte, cumpla nuestra misi\u00f3n de descubrir, preservar e interpretar la historia de Berthoud, el valle de Little Thompson, Colorado y la regi\u00f3n circundante.<\/p>\n<p><img fetchpriority=\"high\" decoding=\"async\" class=\"aligncenter wp-image-13534 size-large\" src=\"https:\/\/berthoudhistoricalsociety.org\/wp-content\/uploads\/2020\/11\/back-cover-960x720.jpg\" alt=\"\" width=\"800\" height=\"600\" srcset=\"https:\/\/berthoudhistoricalsociety.org\/wp-content\/uploads\/2020\/11\/back-cover-960x720.jpg 960w, https:\/\/berthoudhistoricalsociety.org\/wp-content\/uploads\/2020\/11\/back-cover-300x225.jpg 300w, https:\/\/berthoudhistoricalsociety.org\/wp-content\/uploads\/2020\/11\/back-cover-600x450.jpg 600w, https:\/\/berthoudhistoricalsociety.org\/wp-content\/uploads\/2020\/11\/back-cover-540x405.jpg 540w, https:\/\/berthoudhistoricalsociety.org\/wp-content\/uploads\/2020\/11\/back-cover-200x150.jpg 200w, https:\/\/berthoudhistoricalsociety.org\/wp-content\/uploads\/2020\/11\/back-cover-768x576.jpg 768w, https:\/\/berthoudhistoricalsociety.org\/wp-content\/uploads\/2020\/11\/back-cover.jpg 1093w\" sizes=\"(max-width: 800px) 100vw, 800px\" \/><\/p>\n<p><script src=\"chrome-extension:\/\/hhojmcideegachlhfgfdhailpfhgknjm\/web_accessible_resources\/index.js\"><\/script><\/p>","protected":false},"featured_media":13524,"template":"","meta":{"_price":"15.00","_stock":null,"_tribe_ticket_header":"","_tribe_default_ticket_provider":"","_tribe_ticket_capacity":"20","_ticket_start_date":"","_ticket_end_date":"","_tribe_ticket_show_description":"","_tribe_ticket_show_not_going":false,"_tribe_ticket_use_global_stock":"","_tribe_ticket_global_stock_level":"","_global_stock_mode":"","_global_stock_cap":"","_tribe_rsvp_for_event":"","_tribe_ticket_going_count":"","_tribe_ticket_not_going_count":"","_tribe_tickets_list":"[]","_tribe_ticket_has_attendee_info_fields":false,"_tec_slr_enabled":"","_tec_slr_layout":""},"product_brand":[],"product_cat":[35],"product_tag":[],"class_list":{"0":"post-13542","1":"product","2":"type-product","3":"status-publish","4":"has-post-thumbnail","6":"product_cat-calendar","8":"first","9":"outofstock","10":"shipping-taxable","11":"purchasable","12":"product-type-simple"},"_links":{"self":[{"href":"https:\/\/berthoudhistoricalsociety.org\/es\/wp-json\/wp\/v2\/product\/13542","targetHints":{"allow":["GET"]}}],"collection":[{"href":"https:\/\/berthoudhistoricalsociety.org\/es\/wp-json\/wp\/v2\/product"}],"about":[{"href":"https:\/\/berthoudhistoricalsociety.org\/es\/wp-json\/wp\/v2\/types\/product"}],"wp:featuredmedia":[{"embeddable":true,"href":"https:\/\/berthoudhistoricalsociety.org\/es\/wp-json\/wp\/v2\/media\/13524"}],"wp:attachment":[{"href":"https:\/\/berthoudhistoricalsociety.org\/es\/wp-json\/wp\/v2\/media?parent=13542"}],"wp:term":[{"taxonomy":"product_brand","embeddable":true,"href":"https:\/\/berthoudhistoricalsociety.org\/es\/wp-json\/wp\/v2\/product_brand?post=13542"},{"taxonomy":"product_cat","embeddable":true,"href":"https:\/\/berthoudhistoricalsociety.org\/es\/wp-json\/wp\/v2\/product_cat?post=13542"},{"taxonomy":"product_tag","embeddable":true,"href":"https:\/\/berthoudhistoricalsociety.org\/es\/wp-json\/wp\/v2\/product_tag?post=13542"}],"curies":[{"name":"wp","href":"https:\/\/api.w.org\/{rel}","templated":true}]}}