{"id":13905,"date":"2021-04-14T16:41:28","date_gmt":"2021-04-14T22:41:28","guid":{"rendered":"https:\/\/www.berthoudhistoricalsociety.org\/?post_type=product&#038;p=13905"},"modified":"2021-04-15T07:18:59","modified_gmt":"2021-04-15T13:18:59","slug":"tomato-glacier-bush-type","status":"publish","type":"product","link":"https:\/\/berthoudhistoricalsociety.org\/es\/producto\/tomato-glacier-bush-type\/","title":{"rendered":"TOMATE \u2013 GLACIAR, Tipo Arbusto"},"content":{"rendered":"","protected":false},"excerpt":{"rendered":"<p><span style=\"font-size: 10pt;\">Las sabrosas rebanadoras de 2 \u2033 tienen el tama\u00f1o perfecto para s\u00e1ndwiches. Da frutos antes y contin\u00faa produciendo durante toda la temporada de Botanicalinterests.com.<\/span><\/p>","protected":false},"featured_media":13906,"template":"","meta":{"_price":"3.33","_stock":"5","_tribe_ticket_header":"","_tribe_default_ticket_provider":"","_tribe_ticket_capacity":"5","_ticket_start_date":"","_ticket_end_date":"","_tribe_ticket_show_description":"","_tribe_ticket_show_not_going":false,"_tribe_ticket_use_global_stock":"","_tribe_ticket_global_stock_level":"","_global_stock_mode":"","_global_stock_cap":"","_tribe_rsvp_for_event":"","_tribe_ticket_going_count":"","_tribe_ticket_not_going_count":"","_tribe_tickets_list":"[]","_tribe_ticket_has_attendee_info_fields":false,"_tec_slr_enabled":"","_tec_slr_layout":""},"product_brand":[],"product_cat":[61],"product_tag":[],"class_list":{"0":"post-13905","1":"product","2":"type-product","3":"status-publish","4":"has-post-thumbnail","6":"product_cat-2021-plant-sale","8":"first","9":"instock","10":"shipping-taxable","11":"purchasable","12":"product-type-simple"},"_links":{"self":[{"href":"https:\/\/berthoudhistoricalsociety.org\/es\/wp-json\/wp\/v2\/product\/13905","targetHints":{"allow":["GET"]}}],"collection":[{"href":"https:\/\/berthoudhistoricalsociety.org\/es\/wp-json\/wp\/v2\/product"}],"about":[{"href":"https:\/\/berthoudhistoricalsociety.org\/es\/wp-json\/wp\/v2\/types\/product"}],"wp:featuredmedia":[{"embeddable":true,"href":"https:\/\/berthoudhistoricalsociety.org\/es\/wp-json\/wp\/v2\/media\/13906"}],"wp:attachment":[{"href":"https:\/\/berthoudhistoricalsociety.org\/es\/wp-json\/wp\/v2\/media?parent=13905"}],"wp:term":[{"taxonomy":"product_brand","embeddable":true,"href":"https:\/\/berthoudhistoricalsociety.org\/es\/wp-json\/wp\/v2\/product_brand?post=13905"},{"taxonomy":"product_cat","embeddable":true,"href":"https:\/\/berthoudhistoricalsociety.org\/es\/wp-json\/wp\/v2\/product_cat?post=13905"},{"taxonomy":"product_tag","embeddable":true,"href":"https:\/\/berthoudhistoricalsociety.org\/es\/wp-json\/wp\/v2\/product_tag?post=13905"}],"curies":[{"name":"wp","href":"https:\/\/api.w.org\/{rel}","templated":true}]}}