{"id":14320,"date":"2021-06-23T12:56:00","date_gmt":"2021-06-23T18:56:00","guid":{"rendered":"https:\/\/www.berthoudhistoricalsociety.org\/?post_type=product&#038;p=14320"},"modified":"2021-06-24T21:52:54","modified_gmt":"2021-06-25T03:52:54","slug":"oven-baked-chicken-dinner-2nd-entree","status":"publish","type":"product","link":"https:\/\/berthoudhistoricalsociety.org\/es\/producto\/oven-baked-chicken-dinner-2nd-entree\/","title":{"rendered":"Cena de pollo al horno (segundo plato principal)"},"content":{"rendered":"","protected":false},"excerpt":{"rendered":"<p><span style=\"font-weight: 400;\">Una alternativa m\u00e1s saludable: cena de pollo frito al horno (pechuga y muslo) con pur\u00e9 de papas y salsa de pollo, una ensalada verde mixta con aderezo para ensalada de su elecci\u00f3n, un acompa\u00f1amiento adicional de su elecci\u00f3n (ensalada de 4 frijoles o reques\u00f3n con rodajas de durazno, un panecillo caliente y mantequilla con miel, pepinillos encurtidos con pan y mantequilla, un postre de rebanada de \u201ctarta de manzana\u201d y una bebida de su elecci\u00f3n (limonada rosada o agua embotellada).<\/span><\/p>","protected":false},"featured_media":14297,"template":"","meta":{"_price":"40","_stock":null,"_tribe_ticket_header":"","_tribe_default_ticket_provider":"","_tribe_ticket_capacity":"11","_ticket_start_date":"","_ticket_end_date":"","_tribe_ticket_show_description":"","_tribe_ticket_show_not_going":false,"_tribe_ticket_use_global_stock":"","_tribe_ticket_global_stock_level":"","_global_stock_mode":"","_global_stock_cap":"","_tribe_rsvp_for_event":"","_tribe_ticket_going_count":"","_tribe_ticket_not_going_count":"","_tribe_tickets_list":"[]","_tribe_ticket_has_attendee_info_fields":false,"_tec_slr_enabled":"","_tec_slr_layout":""},"product_brand":[],"product_cat":[62],"product_tag":[],"class_list":{"0":"post-14320","1":"product","2":"type-product","3":"status-publish","4":"has-post-thumbnail","6":"product_cat-2021-box-social","8":"first","9":"instock","10":"shipping-taxable","11":"purchasable","12":"product-type-simple"},"_links":{"self":[{"href":"https:\/\/berthoudhistoricalsociety.org\/es\/wp-json\/wp\/v2\/product\/14320","targetHints":{"allow":["GET"]}}],"collection":[{"href":"https:\/\/berthoudhistoricalsociety.org\/es\/wp-json\/wp\/v2\/product"}],"about":[{"href":"https:\/\/berthoudhistoricalsociety.org\/es\/wp-json\/wp\/v2\/types\/product"}],"wp:featuredmedia":[{"embeddable":true,"href":"https:\/\/berthoudhistoricalsociety.org\/es\/wp-json\/wp\/v2\/media\/14297"}],"wp:attachment":[{"href":"https:\/\/berthoudhistoricalsociety.org\/es\/wp-json\/wp\/v2\/media?parent=14320"}],"wp:term":[{"taxonomy":"product_brand","embeddable":true,"href":"https:\/\/berthoudhistoricalsociety.org\/es\/wp-json\/wp\/v2\/product_brand?post=14320"},{"taxonomy":"product_cat","embeddable":true,"href":"https:\/\/berthoudhistoricalsociety.org\/es\/wp-json\/wp\/v2\/product_cat?post=14320"},{"taxonomy":"product_tag","embeddable":true,"href":"https:\/\/berthoudhistoricalsociety.org\/es\/wp-json\/wp\/v2\/product_tag?post=14320"}],"curies":[{"name":"wp","href":"https:\/\/api.w.org\/{rel}","templated":true}]}}