{"id":1456,"date":"2019-07-19T15:04:06","date_gmt":"2019-07-19T21:04:06","guid":{"rendered":"https:\/\/www.berthoudhistoricalsociety.org\/?post_type=product&#038;p=1456"},"modified":"2019-07-23T16:11:36","modified_gmt":"2019-07-23T22:11:36","slug":"student-membership","status":"publish","type":"product","link":"https:\/\/berthoudhistoricalsociety.org\/es\/producto\/student-membership\/","title":{"rendered":"Membres\u00eda estudiantil"},"content":{"rendered":"","protected":false},"excerpt":{"rendered":"<p>Su membres\u00eda brinda la satisfacci\u00f3n que se encuentra al ayudar a preservar el patrimonio \u00fanico de Berthoud y Little Thompson Valley. Los beneficios de la membres\u00eda incluyen cuatro boletines por a\u00f1o, entrada gratuita al Museo Pionero de Little Thompson Valley y a la casa museo McCarty-Fickel Home, y descuentos en la matr\u00edcula del campamento diurno de verano y en las tarifas de alquiler para eventos privados programados en McCarty-Fickel Home o Pioneer Courtyard en el Museo de los Pioneros de Little Thompson Valley.<\/p>","protected":false},"featured_media":0,"template":"","meta":{"_price":"10","_stock":null,"_tribe_ticket_header":"","_tribe_default_ticket_provider":"","_tribe_ticket_capacity":"1","_ticket_start_date":"","_ticket_end_date":"","_tribe_ticket_show_description":"","_tribe_ticket_show_not_going":false,"_tribe_ticket_use_global_stock":"","_tribe_ticket_global_stock_level":"","_global_stock_mode":"","_global_stock_cap":"","_tribe_rsvp_for_event":"","_tribe_ticket_going_count":"","_tribe_ticket_not_going_count":"","_tribe_tickets_list":"[]","_tribe_ticket_has_attendee_info_fields":false,"_tec_slr_enabled":"","_tec_slr_layout":""},"product_brand":[],"product_cat":[27],"product_tag":[],"class_list":{"0":"post-1456","1":"product","2":"type-product","3":"status-publish","5":"product_cat-membership-levels","7":"first","8":"instock","9":"shipping-taxable","10":"purchasable","11":"product-type-simple"},"_links":{"self":[{"href":"https:\/\/berthoudhistoricalsociety.org\/es\/wp-json\/wp\/v2\/product\/1456","targetHints":{"allow":["GET"]}}],"collection":[{"href":"https:\/\/berthoudhistoricalsociety.org\/es\/wp-json\/wp\/v2\/product"}],"about":[{"href":"https:\/\/berthoudhistoricalsociety.org\/es\/wp-json\/wp\/v2\/types\/product"}],"wp:attachment":[{"href":"https:\/\/berthoudhistoricalsociety.org\/es\/wp-json\/wp\/v2\/media?parent=1456"}],"wp:term":[{"taxonomy":"product_brand","embeddable":true,"href":"https:\/\/berthoudhistoricalsociety.org\/es\/wp-json\/wp\/v2\/product_brand?post=1456"},{"taxonomy":"product_cat","embeddable":true,"href":"https:\/\/berthoudhistoricalsociety.org\/es\/wp-json\/wp\/v2\/product_cat?post=1456"},{"taxonomy":"product_tag","embeddable":true,"href":"https:\/\/berthoudhistoricalsociety.org\/es\/wp-json\/wp\/v2\/product_tag?post=1456"}],"curies":[{"name":"wp","href":"https:\/\/api.w.org\/{rel}","templated":true}]}}