{"id":16502,"date":"2022-03-10T12:13:20","date_gmt":"2022-03-10T19:13:20","guid":{"rendered":"https:\/\/www.berthoudhistoricalsociety.org\/?post_type=product&#038;p=16502"},"modified":"2022-03-26T12:22:37","modified_gmt":"2022-03-26T18:22:37","slug":"sponsor-rose-lady-of-sharlott","status":"publish","type":"product","link":"https:\/\/berthoudhistoricalsociety.org\/es\/producto\/sponsor-rose-lady-of-sharlott\/","title":{"rendered":"Patrocinador Rose Lady de Sharlott"},"content":{"rendered":"","protected":false},"excerpt":{"rendered":"<p><strong>DAMA DE SHARLOTT<\/strong> (Ausnyson)<\/p>\n<p>Rosa arbustiva inglesa criada por David Austin<\/p>\n<p>MEJOR PARA LA FLORACI\u00d3N<\/p>\n<p>Flor: Naranja, floraci\u00f3n repetida, fragancia de t\u00e9 media.<\/p>\n<p>Tama\u00f1o: alto 5 pies ancho 4 pies<\/p>\n<p>Grandes cogollos de color rojo anaranjado intenso se abren a flores en forma de c\u00e1liz, llenos de 60 p\u00e9talos de color naranja dispuestos libremente. Los p\u00e9talos exteriores circundantes son de color rosa salm\u00f3n con la parte inferior de un hermoso contraste de color amarillo dorado.<\/p>","protected":false},"featured_media":16503,"template":"","meta":{"_price":"250","_stock":null,"_tribe_ticket_header":"","_tribe_default_ticket_provider":"","_tribe_ticket_capacity":"0","_ticket_start_date":"","_ticket_end_date":"","_tribe_ticket_show_description":"","_tribe_ticket_show_not_going":false,"_tribe_ticket_use_global_stock":"","_tribe_ticket_global_stock_level":"","_global_stock_mode":"","_global_stock_cap":"","_tribe_rsvp_for_event":"","_tribe_ticket_going_count":"","_tribe_ticket_not_going_count":"","_tribe_tickets_list":"[]","_tribe_ticket_has_attendee_info_fields":false,"_tec_slr_enabled":"","_tec_slr_layout":""},"product_brand":[],"product_cat":[97],"product_tag":[],"class_list":{"0":"post-16502","1":"product","2":"type-product","3":"status-publish","4":"has-post-thumbnail","6":"product_cat-rose-garden","8":"first","9":"instock","10":"shipping-taxable","11":"purchasable","12":"product-type-simple"},"_links":{"self":[{"href":"https:\/\/berthoudhistoricalsociety.org\/es\/wp-json\/wp\/v2\/product\/16502","targetHints":{"allow":["GET"]}}],"collection":[{"href":"https:\/\/berthoudhistoricalsociety.org\/es\/wp-json\/wp\/v2\/product"}],"about":[{"href":"https:\/\/berthoudhistoricalsociety.org\/es\/wp-json\/wp\/v2\/types\/product"}],"wp:featuredmedia":[{"embeddable":true,"href":"https:\/\/berthoudhistoricalsociety.org\/es\/wp-json\/wp\/v2\/media\/16503"}],"wp:attachment":[{"href":"https:\/\/berthoudhistoricalsociety.org\/es\/wp-json\/wp\/v2\/media?parent=16502"}],"wp:term":[{"taxonomy":"product_brand","embeddable":true,"href":"https:\/\/berthoudhistoricalsociety.org\/es\/wp-json\/wp\/v2\/product_brand?post=16502"},{"taxonomy":"product_cat","embeddable":true,"href":"https:\/\/berthoudhistoricalsociety.org\/es\/wp-json\/wp\/v2\/product_cat?post=16502"},{"taxonomy":"product_tag","embeddable":true,"href":"https:\/\/berthoudhistoricalsociety.org\/es\/wp-json\/wp\/v2\/product_tag?post=16502"}],"curies":[{"name":"wp","href":"https:\/\/api.w.org\/{rel}","templated":true}]}}