{"id":16510,"date":"2022-03-10T12:24:20","date_gmt":"2022-03-10T19:24:20","guid":{"rendered":"https:\/\/www.berthoudhistoricalsociety.org\/?post_type=product&#038;p=16510"},"modified":"2022-03-26T12:18:22","modified_gmt":"2022-03-26T18:18:22","slug":"sponsor-rose-calypso","status":"publish","type":"product","link":"https:\/\/berthoudhistoricalsociety.org\/es\/producto\/sponsor-rose-calypso\/","title":{"rendered":"Patrocinador Rosa Calipso"},"content":{"rendered":"","protected":false},"excerpt":{"rendered":"<p><strong>CALYPSO, arbusto Rosa <\/strong>de Elegancia F\u00e1cil<\/p>\n<p>Fuente: Jardines de Tagawa<\/p>\n<p>Flor: Mezcla de albaricoque, muchas flores dobles de hasta 2,5 pulgadas, 25 p\u00e9talos, repetici\u00f3n de floraci\u00f3n<\/p>\n<p>Tama\u00f1o: H 2 pies W 2 pies<\/p>\n<p>Numerosas flores cubren esta rosa arbustiva compacta, de follaje verde oscuro brillante, considerada extremadamente f\u00e1cil de cultivar. Zona 5<\/p>","protected":false},"featured_media":16511,"template":"","meta":{"_price":"250","_stock":null,"_tribe_ticket_header":"","_tribe_default_ticket_provider":"","_tribe_ticket_capacity":"0","_ticket_start_date":"","_ticket_end_date":"","_tribe_ticket_show_description":"","_tribe_ticket_show_not_going":false,"_tribe_ticket_use_global_stock":"","_tribe_ticket_global_stock_level":"","_global_stock_mode":"","_global_stock_cap":"","_tribe_rsvp_for_event":"","_tribe_ticket_going_count":"","_tribe_ticket_not_going_count":"","_tribe_tickets_list":"[]","_tribe_ticket_has_attendee_info_fields":false,"_tec_slr_enabled":"","_tec_slr_layout":""},"product_brand":[],"product_cat":[97],"product_tag":[],"class_list":{"0":"post-16510","1":"product","2":"type-product","3":"status-publish","4":"has-post-thumbnail","6":"product_cat-rose-garden","8":"first","9":"instock","10":"shipping-taxable","11":"purchasable","12":"product-type-simple"},"_links":{"self":[{"href":"https:\/\/berthoudhistoricalsociety.org\/es\/wp-json\/wp\/v2\/product\/16510","targetHints":{"allow":["GET"]}}],"collection":[{"href":"https:\/\/berthoudhistoricalsociety.org\/es\/wp-json\/wp\/v2\/product"}],"about":[{"href":"https:\/\/berthoudhistoricalsociety.org\/es\/wp-json\/wp\/v2\/types\/product"}],"wp:featuredmedia":[{"embeddable":true,"href":"https:\/\/berthoudhistoricalsociety.org\/es\/wp-json\/wp\/v2\/media\/16511"}],"wp:attachment":[{"href":"https:\/\/berthoudhistoricalsociety.org\/es\/wp-json\/wp\/v2\/media?parent=16510"}],"wp:term":[{"taxonomy":"product_brand","embeddable":true,"href":"https:\/\/berthoudhistoricalsociety.org\/es\/wp-json\/wp\/v2\/product_brand?post=16510"},{"taxonomy":"product_cat","embeddable":true,"href":"https:\/\/berthoudhistoricalsociety.org\/es\/wp-json\/wp\/v2\/product_cat?post=16510"},{"taxonomy":"product_tag","embeddable":true,"href":"https:\/\/berthoudhistoricalsociety.org\/es\/wp-json\/wp\/v2\/product_tag?post=16510"}],"curies":[{"name":"wp","href":"https:\/\/api.w.org\/{rel}","templated":true}]}}