{"id":17777,"date":"2023-09-29T08:35:23","date_gmt":"2023-09-29T14:35:23","guid":{"rendered":"https:\/\/www.berthoudhistoricalsociety.org\/?post_type=product&#038;p=17777"},"modified":"2023-09-29T08:41:29","modified_gmt":"2023-09-29T14:41:29","slug":"clymer-book","status":"publish","type":"product","link":"https:\/\/berthoudhistoricalsociety.org\/es\/producto\/clymer-book\/","title":{"rendered":"Floyd Clymer - Agente de autom\u00f3viles para ni\u00f1os de Berthoud"},"content":{"rendered":"<p>&nbsp;<\/p>\n<p>&nbsp;<\/p>","protected":false},"excerpt":{"rendered":"<h2><em>Profundiza en el\u00a0<\/em><br \/>\n<em>Fascinante historia de Berthoud, Colorado<\/em><\/h2>\n<p>En 1907, la revista Motor Field proclam\u00f3 a Floyd Clymer de Berthoud como el &quot;agente automovil\u00edstico m\u00e1s joven de los Estados Unidos y eso significa del mundo&quot;. Clymer, de 11 a\u00f1os, embelleci\u00f3 la afirmaci\u00f3n al se\u00f1alar que ten\u00eda &quot;la seguridad de Teddy Roosevelt&quot; de que era el agente m\u00e1s joven en el negocio.<\/p>\n<p>Mientras estaba en Berthoud, Colorado, el joven Clymer vendi\u00f3 m\u00e1s de dos docenas de veh\u00edculos y viaj\u00f3 en tren con sus clientes a Denver, donde compraron un autom\u00f3vil y les ense\u00f1aron a conducir en el viaje de 50 millas de regreso a Berthoud.<\/p>\n<p>El autor Mark French descubre los a\u00f1os de Floyd Clymer en Berthoud (1899 a 1910) combinando los recuerdos publicados en primera persona de Clymer sobre sus actividades de varios vol\u00famenes de su hist\u00f3rico Motor Scrapbook con art\u00edculos de peri\u00f3dicos locales. El \u201cKid Agent\u201d cobra vida a trav\u00e9s de visitas a las primeras exposiciones automovil\u00edsticas, observaciones de la carrera automovil\u00edstica de Nueva York a Par\u00eds de 1908, visualizaci\u00f3n del primer vuelo a\u00e9reo sobre Colorado y su intento de realizar un recorrido a campo traviesa publicitado a nivel nacional desde Denver hasta Spokane en un Flandes \u201c20\u201d.<\/p>\n<p>&nbsp;<\/p>\n<h3><em>Precio de Compra $25.00 (incluye Env\u00edo)<\/em><\/h3>\n<p><em>Las ganancias de la venta de este libro se destinan a la donaci\u00f3n de la Sociedad Hist\u00f3rica de Berthoud.<\/em><\/p>\n<p>&nbsp;<\/p>","protected":false},"featured_media":17778,"template":"","meta":{"_price":"25.00","_stock":"","_tribe_ticket_header":"","_tribe_default_ticket_provider":"","_tribe_ticket_capacity":"10","_ticket_start_date":"","_ticket_end_date":"","_tribe_ticket_show_description":"","_tribe_ticket_show_not_going":false,"_tribe_ticket_use_global_stock":"","_tribe_ticket_global_stock_level":"","_global_stock_mode":"","_global_stock_cap":"","_tribe_rsvp_for_event":"","_tribe_ticket_going_count":"","_tribe_ticket_not_going_count":"","_tribe_tickets_list":"[]","_tribe_ticket_has_attendee_info_fields":false,"_tec_slr_enabled":"","_tec_slr_layout":""},"product_brand":[],"product_cat":[34],"product_tag":[],"class_list":{"0":"post-17777","1":"product","2":"type-product","3":"status-publish","4":"has-post-thumbnail","6":"product_cat-book","8":"first","9":"instock","10":"shipping-taxable","11":"purchasable","12":"product-type-simple"},"_links":{"self":[{"href":"https:\/\/berthoudhistoricalsociety.org\/es\/wp-json\/wp\/v2\/product\/17777","targetHints":{"allow":["GET"]}}],"collection":[{"href":"https:\/\/berthoudhistoricalsociety.org\/es\/wp-json\/wp\/v2\/product"}],"about":[{"href":"https:\/\/berthoudhistoricalsociety.org\/es\/wp-json\/wp\/v2\/types\/product"}],"wp:featuredmedia":[{"embeddable":true,"href":"https:\/\/berthoudhistoricalsociety.org\/es\/wp-json\/wp\/v2\/media\/17778"}],"wp:attachment":[{"href":"https:\/\/berthoudhistoricalsociety.org\/es\/wp-json\/wp\/v2\/media?parent=17777"}],"wp:term":[{"taxonomy":"product_brand","embeddable":true,"href":"https:\/\/berthoudhistoricalsociety.org\/es\/wp-json\/wp\/v2\/product_brand?post=17777"},{"taxonomy":"product_cat","embeddable":true,"href":"https:\/\/berthoudhistoricalsociety.org\/es\/wp-json\/wp\/v2\/product_cat?post=17777"},{"taxonomy":"product_tag","embeddable":true,"href":"https:\/\/berthoudhistoricalsociety.org\/es\/wp-json\/wp\/v2\/product_tag?post=17777"}],"curies":[{"name":"wp","href":"https:\/\/api.w.org\/{rel}","templated":true}]}}