{"id":19432,"date":"2023-12-02T15:40:50","date_gmt":"2023-12-02T22:40:50","guid":{"rendered":"https:\/\/www.berthoudhistoricalsociety.org\/?post_type=product&#038;p=19432"},"modified":"2024-05-14T15:52:51","modified_gmt":"2024-05-14T21:52:51","slug":"2024-calendar","status":"publish","type":"product","link":"https:\/\/berthoudhistoricalsociety.org\/es\/producto\/2024-calendar\/","title":{"rendered":"Berthoud \u2013 El lugar ajardinado de Colorado Calendario 2024"},"content":{"rendered":"<p>Berthoud, en los primeros d\u00edas conocido como el centro agr\u00edcola del sur del condado de Larimer, Colorado, fue identificado como \u201cEl lugar de jard\u00edn de Colorado\u201d por la C\u00e1mara de Comercio local en 1907. El objetivo del calendario Berthoud\u2014Lugar de jard\u00edn de Colorado 2024 es examinar el origen de ese apodo y rendir homenaje a los agricultores y habitantes de la ciudad que mantuvieron esa reputaci\u00f3n.<\/p>\n<p>La Sociedad Hist\u00f3rica de Berthoud extiende su m\u00e1s sincero agradecimiento a todos los que han proporcionado fotograf\u00edas para usar en este calendario, as\u00ed como en las exhibiciones del museo. Tal generosidad hace posible que la Sociedad cumpla su misi\u00f3n de preservar e interpretar el rico patrimonio de Berthoud y el valle de Little Thompson.<\/p>\n<p>Si bien los calendarios en papel se han vuelto r\u00e1pidamente superfluos en un mundo dominado por los dispositivos electr\u00f3nicos, lo invitamos a examinar las fotograf\u00edas y los comentarios hist\u00f3ricos que aparecen en este calendario. Berthoud: The Garden Spot of Colorado es un vistazo a Berthoud y su tradici\u00f3n de excelente agricultura y horticultura.<\/p>","protected":false},"excerpt":{"rendered":"<p>Berthoud \u2013 Lugar ajardinado de Colorado<\/p>\n<p>Cada Calendario $15 incluye $5 para env\u00edo<\/p>","protected":false},"featured_media":19422,"template":"","meta":{"_price":"20","_stock":"","_tribe_ticket_header":"","_tribe_default_ticket_provider":"","_tribe_ticket_capacity":"0","_ticket_start_date":"","_ticket_end_date":"","_tribe_ticket_show_description":"","_tribe_ticket_show_not_going":false,"_tribe_ticket_use_global_stock":"","_tribe_ticket_global_stock_level":"","_global_stock_mode":"","_global_stock_cap":"","_tribe_rsvp_for_event":"","_tribe_ticket_going_count":"","_tribe_ticket_not_going_count":"","_tribe_tickets_list":"[]","_tribe_ticket_has_attendee_info_fields":false,"_tec_slr_enabled":"","_tec_slr_layout":""},"product_brand":[],"product_cat":[101],"product_tag":[],"class_list":{"0":"post-19432","1":"product","2":"type-product","3":"status-publish","4":"has-post-thumbnail","6":"product_cat-2024-calendar","8":"first","9":"outofstock","10":"shipping-taxable","11":"purchasable","12":"product-type-simple"},"_links":{"self":[{"href":"https:\/\/berthoudhistoricalsociety.org\/es\/wp-json\/wp\/v2\/product\/19432","targetHints":{"allow":["GET"]}}],"collection":[{"href":"https:\/\/berthoudhistoricalsociety.org\/es\/wp-json\/wp\/v2\/product"}],"about":[{"href":"https:\/\/berthoudhistoricalsociety.org\/es\/wp-json\/wp\/v2\/types\/product"}],"wp:featuredmedia":[{"embeddable":true,"href":"https:\/\/berthoudhistoricalsociety.org\/es\/wp-json\/wp\/v2\/media\/19422"}],"wp:attachment":[{"href":"https:\/\/berthoudhistoricalsociety.org\/es\/wp-json\/wp\/v2\/media?parent=19432"}],"wp:term":[{"taxonomy":"product_brand","embeddable":true,"href":"https:\/\/berthoudhistoricalsociety.org\/es\/wp-json\/wp\/v2\/product_brand?post=19432"},{"taxonomy":"product_cat","embeddable":true,"href":"https:\/\/berthoudhistoricalsociety.org\/es\/wp-json\/wp\/v2\/product_cat?post=19432"},{"taxonomy":"product_tag","embeddable":true,"href":"https:\/\/berthoudhistoricalsociety.org\/es\/wp-json\/wp\/v2\/product_tag?post=19432"}],"curies":[{"name":"wp","href":"https:\/\/api.w.org\/{rel}","templated":true}]}}