{"id":1997,"date":"2019-07-26T08:28:20","date_gmt":"2019-07-26T14:28:20","guid":{"rendered":"https:\/\/www.berthoudhistoricalsociety.org\/?post_type=product&#038;p=1997"},"modified":"2019-07-26T08:28:20","modified_gmt":"2019-07-26T14:28:20","slug":"2019-pioneer-heritage-gala","status":"publish","type":"product","link":"https:\/\/berthoudhistoricalsociety.org\/es\/producto\/2019-pioneer-heritage-gala\/","title":{"rendered":"Gala del patrimonio pionero 2019"},"content":{"rendered":"","protected":false},"excerpt":{"rendered":"<section class=\"elementor-element elementor-element-c875ba8 elementor-section-boxed elementor-section-height-default elementor-section-height-default elementor-section elementor-top-section\" data-id=\"c875ba8\" data-element_type=\"section\">\n<div class=\"elementor-container elementor-column-gap-default\">\n<div class=\"elementor-row\">\n<div class=\"elementor-element elementor-element-d592f05 elementor-column elementor-col-100 elementor-top-column\" data-id=\"d592f05\" data-element_type=\"column\">\n<div class=\"elementor-column-wrap  elementor-element-populated\">\n<div class=\"elementor-widget-wrap\">\n<div class=\"elementor-element elementor-element-99b5f70 elementor-widget elementor-widget-text-editor\" data-id=\"99b5f70\" data-element_type=\"widget\" data-widget_type=\"text-editor.default\">\n<div class=\"elementor-widget-container\">\n<div class=\"elementor-text-editor elementor-clearfix\">\n<h1><em>\u00a1\u00danase a nosotros en nuestro evento Cowboy Roundup Gala 2019 el 17 de agosto!<\/em><\/h1>\n<\/div>\n<\/div>\n<\/div>\n<\/div>\n<\/div>\n<\/div>\n<\/div>\n<\/div>\n<\/section>\n<section class=\"elementor-element elementor-element-785bc99 elementor-section-boxed elementor-section-height-default elementor-section-height-default elementor-section elementor-top-section\" data-id=\"785bc99\" data-element_type=\"section\">\n<div class=\"elementor-container elementor-column-gap-default\">\n<div class=\"elementor-row\">\n<div class=\"elementor-element elementor-element-45a915a elementor-column elementor-col-33 elementor-top-column\" data-id=\"45a915a\" data-element_type=\"column\">\n<div class=\"elementor-column-wrap\">\n<div class=\"elementor-widget-wrap\"><\/div>\n<\/div>\n<\/div>\n<div class=\"elementor-element elementor-element-f2db98a elementor-column elementor-col-66 elementor-top-column\" data-id=\"f2db98a\" data-element_type=\"column\">\n<div class=\"elementor-column-wrap  elementor-element-populated\">\n<div class=\"elementor-widget-wrap\">\n<div class=\"elementor-element elementor-element-9677963 elementor-widget elementor-widget-text-editor\" data-id=\"9677963\" data-element_type=\"widget\" data-widget_type=\"text-editor.default\">\n<div class=\"elementor-widget-container\">\n<div class=\"elementor-text-editor elementor-clearfix\">\n<p>La Sociedad Hist\u00f3rica de Berthoud lo invita a celebrar la herencia occidental de Berthoud en una Gala Cowboy Roundup, el s\u00e1bado 17 de agosto de 2019, de 5:30 a 9:00 p. m. en los jardines hist\u00f3ricos del museo de la casa McCarty-Fickel.<\/p>\n<p>\u00a1Ven vestido con vaqueros y diamantes, bolos, pa\u00f1uelos, sombreros y espuelas para vivir un momento salvaje en el oeste! M\u00fasica en vivo, buffet completo, postres, bebidas para adultos, subastas en vivo y silenciosas y un nuevo y divertido Penny Social llenar\u00e1n tu velada y la de tus amigos con un momento de enraizamiento. \u00a1S\u00ed, jaja!<\/p>\n<p>Los boletos $50 solo est\u00e1n en preventa y se pueden comprar aqu\u00ed (pr\u00f3ximamente) o visitando el museo durante el horario de verano (mi\u00e9rcoles a s\u00e1bado, de 1 a 4 p. m.).<\/p>\n<p>Entregamos dos premios durante la velada:<\/p>\n<p><strong>Premio pionero<\/strong><\/p>\n<p>En honor a la persona o personas que a lo largo de los a\u00f1os han hecho una contribuci\u00f3n duradera a la preservaci\u00f3n de la historia de Berthoud y el norte de Colorado a trav\u00e9s de la Sociedad Hist\u00f3rica de Berthoud. Su contribuci\u00f3n ejemplifica lo mejor en voluntariado y donaci\u00f3n, mostrando toda una vida de cuidado y preocupaci\u00f3n por preservar y transmitir nuestra historia a nuestra comunidad.<\/p>\n<p><strong>Premio al Patrimonio<\/strong><\/p>\n<p>En honor a la persona o personas que en el \u00faltimo a\u00f1o han hecho una contribuci\u00f3n significativa a la preservaci\u00f3n de la historia de Berthoud y el norte de Colorado a trav\u00e9s de la Sociedad Hist\u00f3rica de Berthoud. Ya sea a trav\u00e9s de donaciones, tiempo de voluntariado o acciones habilitantes de la Sociedad Hist\u00f3rica de Berthoud, este premio reconoce que cada a\u00f1o necesitamos que las personas den un paso al frente para preservar y transmitir nuestra historia a nuestra comunidad.<\/p>\n<p>Adem\u00e1s contamos con una subasta silenciosa y en vivo.<\/p>\n<p>Tenga en cuenta que este es un evento solo con entrada y los espacios son limitados, \u00a1as\u00ed que aseg\u00farese de comprar su entrada ahora!<\/p>\n<\/div>\n<\/div>\n<\/div>\n<\/div>\n<\/div>\n<\/div>\n<\/div>\n<\/div>\n<\/section>","protected":false},"featured_media":0,"template":"","meta":{"_price":"50","_stock":null,"_tribe_ticket_header":"","_tribe_default_ticket_provider":"","_tribe_ticket_capacity":"28","_ticket_start_date":"","_ticket_end_date":"","_tribe_ticket_show_description":"","_tribe_ticket_show_not_going":false,"_tribe_ticket_use_global_stock":"","_tribe_ticket_global_stock_level":"","_global_stock_mode":"","_global_stock_cap":"","_tribe_rsvp_for_event":"","_tribe_ticket_going_count":"","_tribe_ticket_not_going_count":"","_tribe_tickets_list":"[]","_tribe_ticket_has_attendee_info_fields":false,"_tec_slr_enabled":"","_tec_slr_layout":""},"product_brand":[],"product_cat":[36],"product_tag":[],"class_list":{"0":"post-1997","1":"product","2":"type-product","3":"status-publish","5":"product_cat-ticket","7":"first","8":"instock","9":"shipping-taxable","10":"purchasable","11":"product-type-simple"},"_links":{"self":[{"href":"https:\/\/berthoudhistoricalsociety.org\/es\/wp-json\/wp\/v2\/product\/1997","targetHints":{"allow":["GET"]}}],"collection":[{"href":"https:\/\/berthoudhistoricalsociety.org\/es\/wp-json\/wp\/v2\/product"}],"about":[{"href":"https:\/\/berthoudhistoricalsociety.org\/es\/wp-json\/wp\/v2\/types\/product"}],"wp:attachment":[{"href":"https:\/\/berthoudhistoricalsociety.org\/es\/wp-json\/wp\/v2\/media?parent=1997"}],"wp:term":[{"taxonomy":"product_brand","embeddable":true,"href":"https:\/\/berthoudhistoricalsociety.org\/es\/wp-json\/wp\/v2\/product_brand?post=1997"},{"taxonomy":"product_cat","embeddable":true,"href":"https:\/\/berthoudhistoricalsociety.org\/es\/wp-json\/wp\/v2\/product_cat?post=1997"},{"taxonomy":"product_tag","embeddable":true,"href":"https:\/\/berthoudhistoricalsociety.org\/es\/wp-json\/wp\/v2\/product_tag?post=1997"}],"curies":[{"name":"wp","href":"https:\/\/api.w.org\/{rel}","templated":true}]}}