{"id":2058,"date":"2019-07-26T22:32:08","date_gmt":"2019-07-27T04:32:08","guid":{"rendered":"https:\/\/www.berthoudhistoricalsociety.org\/?post_type=product&#038;p=2058"},"modified":"2019-07-26T22:34:06","modified_gmt":"2019-07-27T04:34:06","slug":"2017-bhs-calendar","status":"publish","type":"product","link":"https:\/\/berthoudhistoricalsociety.org\/es\/producto\/2017-bhs-calendar\/","title":{"rendered":"Calendario BHS 2017"},"content":{"rendered":"","protected":false},"excerpt":{"rendered":"<h4><span style=\"color: #6c2205;\">Precio: $15 (m\u00e1s env\u00edo de $2)<\/span><\/h4>\n<p>Cuando Kodak present\u00f3 su c\u00e1mara Brownie a principios del siglo XX, la fotograf\u00eda estuvo disponible para las masas. Al igual que otros estadounidenses, los residentes de Berthoud y los distritos rurales circundantes compraron con entusiasmo c\u00e1maras y las utilizaron para registrar a las personas y los acontecimientos de sus vidas. Esas instant\u00e1neas en blanco y negro, tomadas a lo largo de muchas d\u00e9cadas, forman ahora una parte valiosa del registro hist\u00f3rico que reside en las colecciones de la Sociedad Hist\u00f3rica de Berthoud.<\/p>\n<p>El fallecido Bill Sterkel, nativo de Berthoud y miembro de una familia alemana de Rusia, nunca olvid\u00f3 c\u00f3mo consigui\u00f3 su primera c\u00e1mara. Cuando era ni\u00f1o en la d\u00e9cada de 1910, Bill decidi\u00f3 que la \u00fanica manera de conseguir una c\u00e1mara era yendo de puerta en puerta vendiendo latas de ung\u00fcento Rosebud. (La empresa ofrec\u00eda c\u00e1maras como prima a las personas que vend\u00edan sus productos). Bill finalmente gan\u00f3 su c\u00e1mara y contrajo un error al tomar fotograf\u00edas que le dur\u00f3 toda la vida.<\/p>\n<p>La Sociedad Hist\u00f3rica de Berthoud quisiera agradecer a todos los que a lo largo de los a\u00f1os donaron fotograf\u00edas o las prestaron para copiarlas. Sin su generosidad no ser\u00eda posible la producci\u00f3n de un calendario lleno de instant\u00e1neas. Tambi\u00e9n ofrecemos nuestro m\u00e1s sincero agradecimiento a las empresas de Berthoud.<br \/>\ne individuos que patrocinan p\u00e1ginas de calendario y hacen posible este proyecto anual.<\/p>\n<p>Te presentamos Instant\u00e1neas de Berthoud. Esperamos que este calendario ayude a cumplir nuestra misi\u00f3n de descubrir, preservar e interpretar la historia de Berthoud, Little Thompson Valley, Colorado y la regi\u00f3n circundante.<\/p>\n<p>\u00a1Por favor, disfruta!<\/p>","protected":false},"featured_media":601,"template":"","meta":{"_price":"17.00","_stock":null,"_tribe_ticket_header":"","_tribe_default_ticket_provider":"","_tribe_ticket_capacity":"0","_ticket_start_date":"","_ticket_end_date":"","_tribe_ticket_show_description":"","_tribe_ticket_show_not_going":false,"_tribe_ticket_use_global_stock":"","_tribe_ticket_global_stock_level":"","_global_stock_mode":"","_global_stock_cap":"","_tribe_rsvp_for_event":"","_tribe_ticket_going_count":"","_tribe_ticket_not_going_count":"","_tribe_tickets_list":"[]","_tribe_ticket_has_attendee_info_fields":false,"_tec_slr_enabled":"","_tec_slr_layout":""},"product_brand":[],"product_cat":[35],"product_tag":[],"class_list":{"0":"post-2058","1":"product","2":"type-product","3":"status-publish","4":"has-post-thumbnail","6":"product_cat-calendar","8":"first","9":"instock","10":"shipping-taxable","11":"purchasable","12":"product-type-simple"},"_links":{"self":[{"href":"https:\/\/berthoudhistoricalsociety.org\/es\/wp-json\/wp\/v2\/product\/2058","targetHints":{"allow":["GET"]}}],"collection":[{"href":"https:\/\/berthoudhistoricalsociety.org\/es\/wp-json\/wp\/v2\/product"}],"about":[{"href":"https:\/\/berthoudhistoricalsociety.org\/es\/wp-json\/wp\/v2\/types\/product"}],"wp:featuredmedia":[{"embeddable":true,"href":"https:\/\/berthoudhistoricalsociety.org\/es\/wp-json\/wp\/v2\/media\/601"}],"wp:attachment":[{"href":"https:\/\/berthoudhistoricalsociety.org\/es\/wp-json\/wp\/v2\/media?parent=2058"}],"wp:term":[{"taxonomy":"product_brand","embeddable":true,"href":"https:\/\/berthoudhistoricalsociety.org\/es\/wp-json\/wp\/v2\/product_brand?post=2058"},{"taxonomy":"product_cat","embeddable":true,"href":"https:\/\/berthoudhistoricalsociety.org\/es\/wp-json\/wp\/v2\/product_cat?post=2058"},{"taxonomy":"product_tag","embeddable":true,"href":"https:\/\/berthoudhistoricalsociety.org\/es\/wp-json\/wp\/v2\/product_tag?post=2058"}],"curies":[{"name":"wp","href":"https:\/\/api.w.org\/{rel}","templated":true}]}}