{"id":2084,"date":"2019-07-27T16:05:41","date_gmt":"2019-07-27T22:05:41","guid":{"rendered":"https:\/\/www.berthoudhistoricalsociety.org\/?post_type=product&#038;p=2084"},"modified":"2019-07-27T16:07:32","modified_gmt":"2019-07-27T22:07:32","slug":"2016-bhs-calendar","status":"publish","type":"product","link":"https:\/\/berthoudhistoricalsociety.org\/es\/producto\/2016-bhs-calendar\/","title":{"rendered":"Calendario BHS 2016"},"content":{"rendered":"","protected":false},"excerpt":{"rendered":"<h4><span style=\"color: #6c2205;\">Precio: $15 (m\u00e1s env\u00edo de $2)<\/span><\/h4>\n<p>Hace un siglo, Berthoud, Colorado, era el bullicioso centro agr\u00edcola del sur del condado de Larimer. La ciudad contaba con unos 750 habitantes y todas las tiendas e industrias necesarias para satisfacer las necesidades tanto de los habitantes de la ciudad como de los del campo. No ser\u00eda hasta que la d\u00e9cada se acercara a su fin que los ni\u00f1os locales ser\u00edan enviados a Europa para luchar en la Primera Guerra Mundial y regresar\u00edan con la mortal gripe espa\u00f1ola.<\/p>\n<p>Hace exactamente un siglo, en 1916, Carrie McCormick form\u00f3 el primer cap\u00edtulo de Camp Fire Girls de Berthoud. Los ciudadanos pr\u00f3speros, Louis F. Bein y el Dr. David W. McCarty, construyeron casas elegantes en 748 Mountain Avenue y 645 7th Street que superaron la calidad de cualquier vivienda construida en Berthoud hasta ese momento. Cuatro estudiantes se graduaron de Berthoud High School y 85.000 turistas, incluidos varios residentes de Berthoud, recorrieron el Big Thompson Canyon en sus roadsters y turismos para visitar el reci\u00e9n inaugurado Parque Nacional de las Monta\u00f1as Rocosas.<\/p>\n<p>En 1916, el Grandview Hotel cambi\u00f3 de direcci\u00f3n y dos personas resultaron heridas cuando un tren choc\u00f3 con un \u201cautom\u00f3vil\u201d en el cruce de Mountain Avenue de las v\u00edas del Colorado y Southern Railroad. Se construyeron nuevos edificios de ladrillo para albergar la escuela rural Red Rock al oeste de Berthoud y el Moon Theatre en 342 Massachusetts Avenue.<\/p>\n<p>Frederick Bein, un granjero que vive en el distrito de Sunnyside al noreste de Berthoud, envi\u00f3 a subasta muchos excelentes caballos de tiro mientras el contratista John A. Bell constru\u00eda varios silos de concreto en granjas cercanas a la ciudad. En casi todos los aspectos, 1916 fue un buen a\u00f1o en Berthoud, una comunidad que la c\u00e1mara de comercio local comenz\u00f3 a promover como el &quot;Lugar Jard\u00edn de Colorado&quot; en 1909.<\/p>\n<p>La Sociedad Hist\u00f3rica de Berthoud agradece a los ciudadanos y empresas locales que hicieron posible la producci\u00f3n del calendario. Con su apoyo, continuamos nuestra misi\u00f3n de descubrir, preservar e interpretar la historia de Berthoud, Little Thompson Valley, Colorado y la regi\u00f3n circundante.<\/p>\n<p>El fallecido Bill Sterkel, nativo de Berthoud y miembro de una familia alemana de Rusia, nunca olvid\u00f3 c\u00f3mo consigui\u00f3 su primera c\u00e1mara. Cuando era ni\u00f1o en la d\u00e9cada de 1910, Bill decidi\u00f3 que la \u00fanica manera de conseguir una c\u00e1mara era yendo de puerta en puerta vendiendo latas de ung\u00fcento Rosebud. (La empresa ofrec\u00eda c\u00e1maras como prima a las personas que vend\u00edan sus productos). Bill finalmente gan\u00f3 su c\u00e1mara y contrajo un error al tomar fotograf\u00edas que le dur\u00f3 toda la vida.<\/p>\n<p>La Sociedad Hist\u00f3rica de Berthoud quisiera agradecer a todos los que a lo largo de los a\u00f1os donaron fotograf\u00edas o las prestaron para copiarlas. Sin su generosidad no ser\u00eda posible la producci\u00f3n de un calendario lleno de instant\u00e1neas. Tambi\u00e9n ofrecemos nuestro m\u00e1s sincero agradecimiento a las empresas de Berthoud.<br \/>\ne individuos que patrocinan p\u00e1ginas de calendario y hacen posible este proyecto anual.<\/p>\n<p>Te presentamos Instant\u00e1neas de Berthoud. Esperamos que este calendario ayude a cumplir nuestra misi\u00f3n de descubrir, preservar e interpretar la historia de Berthoud, Little Thompson Valley, Colorado y la regi\u00f3n circundante.<\/p>\n<p>\u00a1Por favor, disfruta!<\/p>","protected":false},"featured_media":491,"template":"","meta":{"_price":"17.00","_stock":null,"_tribe_ticket_header":"","_tribe_default_ticket_provider":"","_tribe_ticket_capacity":"0","_ticket_start_date":"","_ticket_end_date":"","_tribe_ticket_show_description":"","_tribe_ticket_show_not_going":false,"_tribe_ticket_use_global_stock":"","_tribe_ticket_global_stock_level":"","_global_stock_mode":"","_global_stock_cap":"","_tribe_rsvp_for_event":"","_tribe_ticket_going_count":"","_tribe_ticket_not_going_count":"","_tribe_tickets_list":"[]","_tribe_ticket_has_attendee_info_fields":false,"_tec_slr_enabled":"","_tec_slr_layout":""},"product_brand":[],"product_cat":[35],"product_tag":[],"class_list":{"0":"post-2084","1":"product","2":"type-product","3":"status-publish","4":"has-post-thumbnail","6":"product_cat-calendar","8":"first","9":"instock","10":"shipping-taxable","11":"purchasable","12":"product-type-simple"},"_links":{"self":[{"href":"https:\/\/berthoudhistoricalsociety.org\/es\/wp-json\/wp\/v2\/product\/2084","targetHints":{"allow":["GET"]}}],"collection":[{"href":"https:\/\/berthoudhistoricalsociety.org\/es\/wp-json\/wp\/v2\/product"}],"about":[{"href":"https:\/\/berthoudhistoricalsociety.org\/es\/wp-json\/wp\/v2\/types\/product"}],"wp:featuredmedia":[{"embeddable":true,"href":"https:\/\/berthoudhistoricalsociety.org\/es\/wp-json\/wp\/v2\/media\/491"}],"wp:attachment":[{"href":"https:\/\/berthoudhistoricalsociety.org\/es\/wp-json\/wp\/v2\/media?parent=2084"}],"wp:term":[{"taxonomy":"product_brand","embeddable":true,"href":"https:\/\/berthoudhistoricalsociety.org\/es\/wp-json\/wp\/v2\/product_brand?post=2084"},{"taxonomy":"product_cat","embeddable":true,"href":"https:\/\/berthoudhistoricalsociety.org\/es\/wp-json\/wp\/v2\/product_cat?post=2084"},{"taxonomy":"product_tag","embeddable":true,"href":"https:\/\/berthoudhistoricalsociety.org\/es\/wp-json\/wp\/v2\/product_tag?post=2084"}],"curies":[{"name":"wp","href":"https:\/\/api.w.org\/{rel}","templated":true}]}}