{"id":7991,"date":"2019-12-05T19:40:10","date_gmt":"2019-12-06T02:40:10","guid":{"rendered":"https:\/\/www.berthoudhistoricalsociety.org\/?post_type=product&#038;p=7991"},"modified":"2019-12-05T19:41:29","modified_gmt":"2019-12-06T02:41:29","slug":"2020-bhs-calendar","status":"publish","type":"product","link":"https:\/\/berthoudhistoricalsociety.org\/es\/producto\/2020-bhs-calendar\/","title":{"rendered":"Calendario BHS 2020"},"content":{"rendered":"","protected":false},"excerpt":{"rendered":"<h4><span style=\"color: #6c2205;\">Precio: $15 (m\u00e1s env\u00edo de $2)<\/span><\/h4>\n<p>Desde el comienzo del asentamiento en Little Thompson Valley, Berthoud se ha movido sobre ruedas. Aunque no existe ninguna fotograf\u00eda que registre el evento, la reubicaci\u00f3n de Berthoud desde el fondo del r\u00edo hasta su sitio actual fue realizada por personal de mudanzas que levantaron edificios con gatos, los cargaron sobre ruedas y los remolcaron a la nueva ciudad. El asentamiento original de Berthoud tuvo que ser trasladado porque las ruedas de las locomotoras de Colorado Central no pod\u00edan obtener la tracci\u00f3n adecuada cuando trabajaban cuesta arriba desde el fondo del r\u00edo.<br \/>\nDesde entonces, casi todo en la comunidad se ha movido sobre ruedas, desde los trenes que retumbaban por el valle hasta los carros tirados por caballos y los camiones, tractores y autom\u00f3viles impulsados por gasolina que han transportado pr\u00e1cticamente todo.<br \/>\n\u00a1Rollos de Berthoud! es una colecci\u00f3n de fotograf\u00edas que demuestran la dependencia de la comunidad de las ruedas. \u00a1La Sociedad Hist\u00f3rica de Berthoud te invita a disfrutar de estas im\u00e1genes que muestran c\u00f3mo se mueve Berthoud!<\/p>\n<p>Berthoud&#039;s Kids &amp; Critters es una colecci\u00f3n de fotograf\u00edas tomadas por residentes de Berthoud y Little Thompson Valley desde principios del siglo XX hasta la d\u00e9cada de 1960.<\/p>","protected":false},"featured_media":7988,"template":"","meta":{"_price":"17.00","_stock":null,"_tribe_ticket_header":"","_tribe_default_ticket_provider":"","_tribe_ticket_capacity":"2","_ticket_start_date":"","_ticket_end_date":"","_tribe_ticket_show_description":"","_tribe_ticket_show_not_going":false,"_tribe_ticket_use_global_stock":"","_tribe_ticket_global_stock_level":"","_global_stock_mode":"","_global_stock_cap":"","_tribe_rsvp_for_event":"","_tribe_ticket_going_count":"","_tribe_ticket_not_going_count":"","_tribe_tickets_list":"[]","_tribe_ticket_has_attendee_info_fields":false,"_tec_slr_enabled":"","_tec_slr_layout":""},"product_brand":[],"product_cat":[35],"product_tag":[],"class_list":{"0":"post-7991","1":"product","2":"type-product","3":"status-publish","4":"has-post-thumbnail","6":"product_cat-calendar","8":"first","9":"instock","10":"shipping-taxable","11":"purchasable","12":"product-type-simple"},"_links":{"self":[{"href":"https:\/\/berthoudhistoricalsociety.org\/es\/wp-json\/wp\/v2\/product\/7991","targetHints":{"allow":["GET"]}}],"collection":[{"href":"https:\/\/berthoudhistoricalsociety.org\/es\/wp-json\/wp\/v2\/product"}],"about":[{"href":"https:\/\/berthoudhistoricalsociety.org\/es\/wp-json\/wp\/v2\/types\/product"}],"wp:featuredmedia":[{"embeddable":true,"href":"https:\/\/berthoudhistoricalsociety.org\/es\/wp-json\/wp\/v2\/media\/7988"}],"wp:attachment":[{"href":"https:\/\/berthoudhistoricalsociety.org\/es\/wp-json\/wp\/v2\/media?parent=7991"}],"wp:term":[{"taxonomy":"product_brand","embeddable":true,"href":"https:\/\/berthoudhistoricalsociety.org\/es\/wp-json\/wp\/v2\/product_brand?post=7991"},{"taxonomy":"product_cat","embeddable":true,"href":"https:\/\/berthoudhistoricalsociety.org\/es\/wp-json\/wp\/v2\/product_cat?post=7991"},{"taxonomy":"product_tag","embeddable":true,"href":"https:\/\/berthoudhistoricalsociety.org\/es\/wp-json\/wp\/v2\/product_tag?post=7991"}],"curies":[{"name":"wp","href":"https:\/\/api.w.org\/{rel}","templated":true}]}}