{"id":196,"date":"2013-12-17T05:57:49","date_gmt":"2013-12-17T12:57:49","guid":{"rendered":"http:\/\/www.berthoudhistoricalsociety.org\/BHS_Wordpress\/agriculture-3\/"},"modified":"2019-07-31T13:27:20","modified_gmt":"2019-07-31T19:27:20","slug":"agriculture-3","status":"publish","type":"page","link":"https:\/\/berthoudhistoricalsociety.org\/fr\/agriculture-3\/","title":{"rendered":"Agriculture"},"content":{"rendered":"<div data-elementor-type=\"wp-post\" data-elementor-id=\"196\" class=\"elementor elementor-196\" data-elementor-post-type=\"page\">\n\t\t\t\t\t\t<section class=\"elementor-section elementor-top-section elementor-element elementor-element-117d8f1 elementor-section-boxed elementor-section-height-default elementor-section-height-default\" data-id=\"117d8f1\" data-element_type=\"section\" data-e-type=\"section\">\n\t\t\t\t\t\t<div class=\"elementor-container elementor-column-gap-default\">\n\t\t\t\t\t<div class=\"elementor-column elementor-col-100 elementor-top-column elementor-element elementor-element-1c98787\" data-id=\"1c98787\" data-element_type=\"column\" data-e-type=\"column\">\n\t\t\t<div class=\"elementor-widget-wrap elementor-element-populated\">\n\t\t\t\t\t\t<div class=\"elementor-element elementor-element-9c2bbf2 elementor-widget elementor-widget-text-editor\" data-id=\"9c2bbf2\" data-element_type=\"widget\" data-e-type=\"widget\" data-widget_type=\"text-editor.default\">\n\t\t\t\t<div class=\"elementor-widget-container\">\n\t\t\t\t\t\t\t\t\t<h1><em>Wheat, Water, Alfalfa and Beets<\/em><\/h1>\t\t\t\t\t\t\t\t<\/div>\n\t\t\t\t<\/div>\n\t\t\t\t\t<\/div>\n\t\t<\/div>\n\t\t\t\t\t<\/div>\n\t\t<\/section>\n\t\t\t\t<section class=\"elementor-section elementor-top-section elementor-element elementor-element-3d0fdce elementor-section-boxed elementor-section-height-default elementor-section-height-default\" data-id=\"3d0fdce\" data-element_type=\"section\" data-e-type=\"section\">\n\t\t\t\t\t\t<div class=\"elementor-container elementor-column-gap-default\">\n\t\t\t\t\t<div class=\"elementor-column elementor-col-33 elementor-top-column elementor-element elementor-element-8bf7fe0\" data-id=\"8bf7fe0\" data-element_type=\"column\" data-e-type=\"column\">\n\t\t\t<div class=\"elementor-widget-wrap elementor-element-populated\">\n\t\t\t\t\t\t<div class=\"elementor-element elementor-element-49e7f36 elementor-widget elementor-widget-text-editor\" data-id=\"49e7f36\" data-element_type=\"widget\" data-e-type=\"widget\" data-widget_type=\"text-editor.default\">\n\t\t\t\t<div class=\"elementor-widget-container\">\n\t\t\t\t\t\t\t\t\t<p><img fetchpriority=\"high\" decoding=\"async\" class=\"aligncenter\" src=\"https:\/\/berthoudhistoricalsociety.org\/images\/IMG-Agriculture-Irrigation.jpg\" alt=\"\" width=\"300\" height=\"449\" \/><\/p>\t\t\t\t\t\t\t\t<\/div>\n\t\t\t\t<\/div>\n\t\t\t\t\t<\/div>\n\t\t<\/div>\n\t\t\t\t<div class=\"elementor-column elementor-col-66 elementor-top-column elementor-element elementor-element-c0f20ba\" data-id=\"c0f20ba\" data-element_type=\"column\" data-e-type=\"column\">\n\t\t\t<div class=\"elementor-widget-wrap elementor-element-populated\">\n\t\t\t\t\t\t<div class=\"elementor-element elementor-element-ea2c853 elementor-widget elementor-widget-text-editor\" data-id=\"ea2c853\" data-element_type=\"widget\" data-e-type=\"widget\" data-widget_type=\"text-editor.default\">\n\t\t\t\t<div class=\"elementor-widget-container\">\n\t\t\t\t\t\t\t\t\t<p align=\"left\">Situ\u00e9es dans la r\u00e9gion aride que le major Stephen Long a d\u00e9crite en 1820 comme \u00ab le grand d\u00e9sert am\u00e9ricain \u00bb, les terres agricoles de la vall\u00e9e de Little Thompson n\u00e9cessitaient une irrigation estivale r\u00e9guli\u00e8re pour faire pousser des cultures.<\/p><p align=\"left\">James Eaglin est devenu le premier agriculteur de la vall\u00e9e en 1866 lorsqu&#039;il a plant\u00e9 du bl\u00e9 sur sa nouvelle propri\u00e9t\u00e9 situ\u00e9e au fond de la rivi\u00e8re Little Thompson. Lorsqu&#039;Eaglin a demand\u00e9 des droits d&#039;eau sur la rivi\u00e8re en 1869, il a jet\u00e9 les bases du syst\u00e8me de \u00ab soci\u00e9t\u00e9s de foss\u00e9s \u00bb organis\u00e9es qui continuent de collecter l&#039;eau de la rivi\u00e8re pendant le ruissellement printanier et de la stocker pour l&#039;irrigation pendant les mois secs de l&#039;\u00e9t\u00e9.<\/p><p align=\"left\">M\u00eame si le bl\u00e9 a \u00e9t\u00e9 la premi\u00e8re culture cultiv\u00e9e dans la vall\u00e9e de Little Thompson, la luzerne est devenue une culture importante dans les ann\u00e9es 1890 lorsqu&#039;on a d\u00e9couvert qu&#039;elle pouvait \u00eatre utilis\u00e9e comme aliment pour engraisser les moutons de mani\u00e8re rentable. En 1905, lorsque les agriculteurs de la r\u00e9gion exp\u00e9diaient plus de 63 000 agneaux au march\u00e9, Berthoud \u00e9tait devenu un centre agricole anim\u00e9 du comt\u00e9 de Larimer, bien connu pour ses agriculteurs prosp\u00e8res.<\/p><p align=\"center\"><img decoding=\"async\" src=\"https:\/\/berthoudhistoricalsociety.org\/images\/IMG-Agriculture-sheep.jpg\" alt=\"\" width=\"400\" height=\"314\" \/><\/p><p align=\"left\">Cette prosp\u00e9rit\u00e9 a \u00e9t\u00e9 renforc\u00e9e au d\u00e9but des ann\u00e9es 1900 lorsque la Great Western Sugar Company a introduit la betterave sucri\u00e8re dans le nord du Colorado et a construit des chemins de fer et des usines pour d\u00e9velopper l&#039;industrie. Les producteurs de Berthoud livraient des betteraves \u00e0 plusieurs stations de d\u00e9charge rurales o\u00f9 les betteraves \u00e9taient charg\u00e9es dans des wagons couverts et transport\u00e9es vers les usines sucri\u00e8res des environs de Loveland et de Longmont.<\/p><p align=\"center\"><img decoding=\"async\" src=\"https:\/\/berthoudhistoricalsociety.org\/images\/IMG-Agriculture-beetwagon.jpg\" alt=\"\" width=\"400\" height=\"303\" \/><\/p><p align=\"left\">L&#039;agriculture continue de contribuer au patrimoine de la vall\u00e9e de Little Thompson, m\u00eame si l&#039;urbanisation progressive a consid\u00e9rablement r\u00e9duit la disponibilit\u00e9 de l&#039;eau et des terres agricoles.<\/p>\t\t\t\t\t\t\t\t<\/div>\n\t\t\t\t<\/div>\n\t\t\t\t\t<\/div>\n\t\t<\/div>\n\t\t\t\t\t<\/div>\n\t\t<\/section>\n\t\t\t\t<\/div>","protected":false},"excerpt":{"rendered":"<p>Wheat, Water, Alfalfa and Beets Located in the arid region Major Stephen Long described in 1820 as \u201cThe Great American Desert,\u201d the farm land of the Little Thompson Valley required [&hellip;]<\/p>\n","protected":false},"author":2,"featured_media":0,"parent":0,"menu_order":0,"comment_status":"closed","ping_status":"closed","template":"","meta":{"_price":"","_stock":"","_tribe_ticket_header":"","_tribe_default_ticket_provider":"","_tribe_ticket_capacity":"0","_ticket_start_date":"","_ticket_end_date":"","_tribe_ticket_show_description":"","_tribe_ticket_show_not_going":false,"_tribe_ticket_use_global_stock":"","_tribe_ticket_global_stock_level":"","_global_stock_mode":"","_global_stock_cap":"","_tribe_rsvp_for_event":"","_tribe_ticket_going_count":"","_tribe_ticket_not_going_count":"","_tribe_tickets_list":"[]","_tribe_ticket_has_attendee_info_fields":false,"footnotes":"","_tec_slr_enabled":"","_tec_slr_layout":""},"class_list":["post-196","page","type-page","status-publish","hentry"],"ticketed":false,"_links":{"self":[{"href":"https:\/\/berthoudhistoricalsociety.org\/fr\/wp-json\/wp\/v2\/pages\/196","targetHints":{"allow":["GET"]}}],"collection":[{"href":"https:\/\/berthoudhistoricalsociety.org\/fr\/wp-json\/wp\/v2\/pages"}],"about":[{"href":"https:\/\/berthoudhistoricalsociety.org\/fr\/wp-json\/wp\/v2\/types\/page"}],"author":[{"embeddable":true,"href":"https:\/\/berthoudhistoricalsociety.org\/fr\/wp-json\/wp\/v2\/users\/2"}],"replies":[{"embeddable":true,"href":"https:\/\/berthoudhistoricalsociety.org\/fr\/wp-json\/wp\/v2\/comments?post=196"}],"version-history":[{"count":0,"href":"https:\/\/berthoudhistoricalsociety.org\/fr\/wp-json\/wp\/v2\/pages\/196\/revisions"}],"wp:attachment":[{"href":"https:\/\/berthoudhistoricalsociety.org\/fr\/wp-json\/wp\/v2\/media?parent=196"}],"curies":[{"name":"wp","href":"https:\/\/api.w.org\/{rel}","templated":true}]}}