{"id":13170,"date":"2020-07-10T16:58:54","date_gmt":"2020-07-10T22:58:54","guid":{"rendered":"https:\/\/www.berthoudhistoricalsociety.org\/?post_type=product&#038;p=13170"},"modified":"2020-07-11T13:47:13","modified_gmt":"2020-07-11T19:47:13","slug":"vegetarian-rainbow-springrolls","status":"publish","type":"product","link":"https:\/\/berthoudhistoricalsociety.org\/fr\/produit\/vegetarian-rainbow-springrolls\/","title":{"rendered":"Rouleaux de printemps arc-en-ciel v\u00e9g\u00e9tariens"},"content":{"rendered":"","protected":false},"excerpt":{"rendered":"<p>Ces rouleaux de papier de riz sont totalement sans viande, v\u00e9g\u00e9taliens, sans gluten et constituent un repas super dense en plantes ! Pour ces rouleaux de printemps frais, nous avons combin\u00e9 une vari\u00e9t\u00e9 de fruits et l\u00e9gumes arc-en-ciel avec du riz, des nouilles ou du quinoa. Vous recevrez trois rouleaux de printemps \u2013 2 sal\u00e9s, 1 sucr\u00e9 et des contenants de 3 sauces.<\/p>\n<p>Les petits pains sal\u00e9s sont un m\u00e9lange de l\u00e9gumes r\u00f4tis avec du fromage feta et du quinoa ; et un rouleau de l\u00e9gumes frais avec beaucoup de l\u00e9gumes crus et de nouilles de riz.<br \/>\nLe sweet roll est un rouleau de riz gluant \u00e0 la noix de coco avec des tranches de mangue fra\u00eeche et de l&#039;ananas grill\u00e9.<\/p>\n<p>Les sauces sont une sauce gingembre-arachide, mangue-chili et une sauce avocat-coriandre-lime.<\/p>","protected":false},"featured_media":13171,"template":"","meta":{"_price":"","_stock":null,"_tribe_ticket_header":"","_tribe_default_ticket_provider":"","_tribe_ticket_capacity":"0","_ticket_start_date":"","_ticket_end_date":"","_tribe_ticket_show_description":"","_tribe_ticket_show_not_going":false,"_tribe_ticket_use_global_stock":"","_tribe_ticket_global_stock_level":"","_global_stock_mode":"","_global_stock_cap":"","_tribe_rsvp_for_event":"","_tribe_ticket_going_count":"","_tribe_ticket_not_going_count":"","_tribe_tickets_list":"[]","_tribe_ticket_has_attendee_info_fields":false,"_tec_slr_enabled":"","_tec_slr_layout":""},"product_brand":[],"product_cat":[55,52],"product_tag":[],"class_list":{"0":"post-13170","1":"product","2":"type-product","3":"status-publish","4":"has-post-thumbnail","6":"product_cat-box-social","7":"product_cat-box-social-mains","9":"first","10":"instock","11":"shipping-taxable","12":"product-type-simple"},"_links":{"self":[{"href":"https:\/\/berthoudhistoricalsociety.org\/fr\/wp-json\/wp\/v2\/product\/13170","targetHints":{"allow":["GET"]}}],"collection":[{"href":"https:\/\/berthoudhistoricalsociety.org\/fr\/wp-json\/wp\/v2\/product"}],"about":[{"href":"https:\/\/berthoudhistoricalsociety.org\/fr\/wp-json\/wp\/v2\/types\/product"}],"wp:featuredmedia":[{"embeddable":true,"href":"https:\/\/berthoudhistoricalsociety.org\/fr\/wp-json\/wp\/v2\/media\/13171"}],"wp:attachment":[{"href":"https:\/\/berthoudhistoricalsociety.org\/fr\/wp-json\/wp\/v2\/media?parent=13170"}],"wp:term":[{"taxonomy":"product_brand","embeddable":true,"href":"https:\/\/berthoudhistoricalsociety.org\/fr\/wp-json\/wp\/v2\/product_brand?post=13170"},{"taxonomy":"product_cat","embeddable":true,"href":"https:\/\/berthoudhistoricalsociety.org\/fr\/wp-json\/wp\/v2\/product_cat?post=13170"},{"taxonomy":"product_tag","embeddable":true,"href":"https:\/\/berthoudhistoricalsociety.org\/fr\/wp-json\/wp\/v2\/product_tag?post=13170"}],"curies":[{"name":"wp","href":"https:\/\/api.w.org\/{rel}","templated":true}]}}