{"id":13230,"date":"2020-07-11T16:03:56","date_gmt":"2020-07-11T22:03:56","guid":{"rendered":"https:\/\/www.berthoudhistoricalsociety.org\/?post_type=product&#038;p=13230"},"modified":"2020-07-12T17:46:05","modified_gmt":"2020-07-12T23:46:05","slug":"summer-roll-entree","status":"publish","type":"product","link":"https:\/\/berthoudhistoricalsociety.org\/fr\/produit\/summer-roll-entree\/","title":{"rendered":"Entr\u00e9e v\u00e9g\u00e9tarienne de rouleaux d\u2019\u00e9t\u00e9"},"content":{"rendered":"","protected":false},"excerpt":{"rendered":"<p><a href=\"https:\/\/berthoudhistoricalsociety.org\/fr\/box-social\/\"><span style=\"color: #800000;\"><strong>&lt;&lt;&lt; Retour \u00e0 la page sociale de la bo\u00eete<\/strong><\/span><\/a><\/p>\n<hr \/>\n<p>Petits pains d&#039;\u00e9t\u00e9 frais \u2013 nous avons combin\u00e9 une vari\u00e9t\u00e9 de fruits et l\u00e9gumes arc-en-ciel avec du riz, des nouilles ou du quinoa, envelopp\u00e9s dans une feuille de papier de riz souple. Vous recevrez trois petits pains \u2013 2 sal\u00e9s, 1 sucr\u00e9 et des contenants de 3 sauces.<\/p>\n<p>Les petits pains sal\u00e9s sont un m\u00e9lange de l\u00e9gumes r\u00f4tis avec du fromage feta et du quinoa ; et un rouleau de l\u00e9gumes frais avec beaucoup de l\u00e9gumes crus et de nouilles de riz. Le sweet roll est un rouleau de riz gluant \u00e0 la noix de coco avec des tranches de mangue fra\u00eeche et de l&#039;ananas grill\u00e9.<\/p>\n<p>Les sauces sont une sauce gingembre-arachide, mangue-chili et une sauce avocat-coriandre-lime. Livr\u00e9 avec votre choix de 5 c\u00f4t\u00e9s.<\/p>\n<p><span style=\"color: #800000; font-size: 18pt;\"><strong>Veuillez s\u00e9lectionner un total de 5 accompagnements, pains et desserts dans la liste ci-dessous, puis cliquez sur le bouton Ajouter au panier.<\/strong><\/span><\/p>","protected":false},"featured_media":13232,"template":"","meta":{"_price":"40","_stock":null,"_tribe_ticket_header":"","_tribe_default_ticket_provider":"","_tribe_ticket_capacity":"3","_ticket_start_date":"","_ticket_end_date":"","_tribe_ticket_show_description":"","_tribe_ticket_show_not_going":false,"_tribe_ticket_use_global_stock":"","_tribe_ticket_global_stock_level":"","_global_stock_mode":"","_global_stock_cap":"","_tribe_rsvp_for_event":"","_tribe_ticket_going_count":"","_tribe_ticket_not_going_count":"","_tribe_tickets_list":"[]","_tribe_ticket_has_attendee_info_fields":false,"_tec_slr_enabled":"","_tec_slr_layout":""},"product_brand":[],"product_cat":[55,52],"product_tag":[],"class_list":{"0":"post-13230","1":"product","2":"type-product","3":"status-publish","4":"has-post-thumbnail","6":"product_cat-box-social","7":"product_cat-box-social-mains","9":"first","10":"instock","11":"virtual","12":"purchasable","13":"product-type-simple"},"_links":{"self":[{"href":"https:\/\/berthoudhistoricalsociety.org\/fr\/wp-json\/wp\/v2\/product\/13230","targetHints":{"allow":["GET"]}}],"collection":[{"href":"https:\/\/berthoudhistoricalsociety.org\/fr\/wp-json\/wp\/v2\/product"}],"about":[{"href":"https:\/\/berthoudhistoricalsociety.org\/fr\/wp-json\/wp\/v2\/types\/product"}],"wp:featuredmedia":[{"embeddable":true,"href":"https:\/\/berthoudhistoricalsociety.org\/fr\/wp-json\/wp\/v2\/media\/13232"}],"wp:attachment":[{"href":"https:\/\/berthoudhistoricalsociety.org\/fr\/wp-json\/wp\/v2\/media?parent=13230"}],"wp:term":[{"taxonomy":"product_brand","embeddable":true,"href":"https:\/\/berthoudhistoricalsociety.org\/fr\/wp-json\/wp\/v2\/product_brand?post=13230"},{"taxonomy":"product_cat","embeddable":true,"href":"https:\/\/berthoudhistoricalsociety.org\/fr\/wp-json\/wp\/v2\/product_cat?post=13230"},{"taxonomy":"product_tag","embeddable":true,"href":"https:\/\/berthoudhistoricalsociety.org\/fr\/wp-json\/wp\/v2\/product_tag?post=13230"}],"curies":[{"name":"wp","href":"https:\/\/api.w.org\/{rel}","templated":true}]}}