{"id":13600,"date":"2020-12-11T09:58:40","date_gmt":"2020-12-11T16:58:40","guid":{"rendered":"https:\/\/www.berthoudhistoricalsociety.org\/?post_type=product&#038;p=13600"},"modified":"2021-01-07T11:24:30","modified_gmt":"2021-01-07T18:24:30","slug":"forever-and-a-day","status":"publish","type":"product","link":"https:\/\/berthoudhistoricalsociety.org\/fr\/produit\/forever-and-a-day\/","title":{"rendered":"\u00c9ternit\u00e9 et un jour"},"content":{"rendered":"<p>&nbsp;<\/p>\n<p><script src=\"chrome-extension:\/\/hhojmcideegachlhfgfdhailpfhgknjm\/web_accessible_resources\/index.js\"><\/script><\/p>","protected":false},"excerpt":{"rendered":"<p><b>Un m\u00e9moire familial sur le p\u00e9ril, le sacrifice et l&#039;amour durable pendant la Seconde Guerre mondiale<\/b><\/p>\n<p>Comme beaucoup d\u2019enfants des ann\u00e9es 40 et 50, Eric Jensen entendait rarement les histoires de sa famille sur la Seconde Guerre mondiale. Mais apr\u00e8s la mort de sa m\u00e8re, Jensen a d\u00e9couvert une bo\u00eete en carton remplie de lettres. Ce tr\u00e9sor a lanc\u00e9 Jensen dans un voyage pour d\u00e9couvrir le lien de sa famille avec la guerre, un voyage qui le ram\u00e8nerait dans le temps et \u00e0 travers le monde.<\/p>\n<p>Unique dans les r\u00e9cits de la Seconde Guerre mondiale, ce m\u00e9moire de famille nous pr\u00e9sente George et Mary Jensen, cinq fr\u00e8res et s\u0153urs Jensen, et leurs amis, \u00e0 travers des lettres arrivant des lignes de front d&#039;Europe et du Pacifique. De l&#039;ouest du Canada et de l&#039;Alaska, o\u00f9 les civils et les GI ont travaill\u00e9 dans des conditions impossibles pour achever la route militaire de l&#039;Alaska, le projet p\u00e9trolier canadien et la route de transit du nord-ouest. Et depuis l\u2019Am\u00e9rique int\u00e9rieure, o\u00f9 les femmes Jensen se sont pr\u00e9cipit\u00e9es pour soutenir l\u2019effort de guerre tout en faisant face au rationnement, \u00e0 un travail \u00e9puisant et \u00e0 des inqui\u00e9tudes sans fin.<\/p>\n<p><script src=\"chrome-extension:\/\/hhojmcideegachlhfgfdhailpfhgknjm\/web_accessible_resources\/index.js\"><\/script><\/p>","protected":false},"featured_media":13602,"template":"","meta":{"_price":"10","_stock":null,"_tribe_ticket_header":"","_tribe_default_ticket_provider":"","_tribe_ticket_capacity":"0","_ticket_start_date":"","_ticket_end_date":"","_tribe_ticket_show_description":"","_tribe_ticket_show_not_going":false,"_tribe_ticket_use_global_stock":"","_tribe_ticket_global_stock_level":"","_global_stock_mode":"","_global_stock_cap":"","_tribe_rsvp_for_event":"","_tribe_ticket_going_count":"","_tribe_ticket_not_going_count":"","_tribe_tickets_list":"[]","_tribe_ticket_has_attendee_info_fields":false,"_tec_slr_enabled":"","_tec_slr_layout":""},"product_brand":[],"product_cat":[34,58],"product_tag":[],"class_list":{"0":"post-13600","1":"product","2":"type-product","3":"status-publish","4":"has-post-thumbnail","6":"product_cat-book","7":"product_cat-museum-store","9":"first","10":"instock","11":"shipping-taxable","12":"purchasable","13":"product-type-simple"},"_links":{"self":[{"href":"https:\/\/berthoudhistoricalsociety.org\/fr\/wp-json\/wp\/v2\/product\/13600","targetHints":{"allow":["GET"]}}],"collection":[{"href":"https:\/\/berthoudhistoricalsociety.org\/fr\/wp-json\/wp\/v2\/product"}],"about":[{"href":"https:\/\/berthoudhistoricalsociety.org\/fr\/wp-json\/wp\/v2\/types\/product"}],"wp:featuredmedia":[{"embeddable":true,"href":"https:\/\/berthoudhistoricalsociety.org\/fr\/wp-json\/wp\/v2\/media\/13602"}],"wp:attachment":[{"href":"https:\/\/berthoudhistoricalsociety.org\/fr\/wp-json\/wp\/v2\/media?parent=13600"}],"wp:term":[{"taxonomy":"product_brand","embeddable":true,"href":"https:\/\/berthoudhistoricalsociety.org\/fr\/wp-json\/wp\/v2\/product_brand?post=13600"},{"taxonomy":"product_cat","embeddable":true,"href":"https:\/\/berthoudhistoricalsociety.org\/fr\/wp-json\/wp\/v2\/product_cat?post=13600"},{"taxonomy":"product_tag","embeddable":true,"href":"https:\/\/berthoudhistoricalsociety.org\/fr\/wp-json\/wp\/v2\/product_tag?post=13600"}],"curies":[{"name":"wp","href":"https:\/\/api.w.org\/{rel}","templated":true}]}}