{"id":13605,"date":"2020-12-11T10:15:39","date_gmt":"2020-12-11T17:15:39","guid":{"rendered":"https:\/\/www.berthoudhistoricalsociety.org\/?post_type=product&#038;p=13605"},"modified":"2021-01-07T11:25:05","modified_gmt":"2021-01-07T18:25:05","slug":"frontier-colorado-gunfights","status":"publish","type":"product","link":"https:\/\/berthoudhistoricalsociety.org\/fr\/produit\/frontier-colorado-gunfights\/","title":{"rendered":"Fusillades \u00e0 la fronti\u00e8re du Colorado"},"content":{"rendered":"<p>&nbsp;<\/p>\n<p><script src=\"chrome-extension:\/\/hhojmcideegachlhfgfdhailpfhgknjm\/web_accessible_resources\/index.js\"><\/script><\/p>","protected":false},"excerpt":{"rendered":"<p>Il y a un si\u00e8cle, les conflits au Colorado \u00e9taient souvent r\u00e9gl\u00e9s avec un fusil \u00e0 six coups ou un fusil. Le syst\u00e8me judiciaire \u00e9tait souvent faible ou inorganis\u00e9. Certains criminels se sont enfuis. Dans ces 31 histoires vraies de fusillades \u00e0 la fronti\u00e8re du Colorado, le lecteur ressentira la lutte de l&#039;\u00c9tat pour sortir des acc\u00e8s de violence et devenir une soci\u00e9t\u00e9 civilis\u00e9e. L&#039;auteur Kenneth Jessen inclut certains des personnages les plus c\u00e9l\u00e8bres de l&#039;Occident tels que Doc Holliday, le tireur Clay Allison, l&#039;impitoyable Bob Meldrum et Bob Ford, l&#039;homme qui a tu\u00e9 Jesse James.<\/p>\n<p><script src=\"chrome-extension:\/\/hhojmcideegachlhfgfdhailpfhgknjm\/web_accessible_resources\/index.js\"><\/script><\/p>","protected":false},"featured_media":13606,"template":"","meta":{"_price":"16.95","_stock":null,"_tribe_ticket_header":"","_tribe_default_ticket_provider":"","_tribe_ticket_capacity":"0","_ticket_start_date":"","_ticket_end_date":"","_tribe_ticket_show_description":"","_tribe_ticket_show_not_going":false,"_tribe_ticket_use_global_stock":"","_tribe_ticket_global_stock_level":"","_global_stock_mode":"","_global_stock_cap":"","_tribe_rsvp_for_event":"","_tribe_ticket_going_count":"","_tribe_ticket_not_going_count":"","_tribe_tickets_list":"[]","_tribe_ticket_has_attendee_info_fields":false,"_tec_slr_enabled":"","_tec_slr_layout":""},"product_brand":[],"product_cat":[34,58],"product_tag":[],"class_list":{"0":"post-13605","1":"product","2":"type-product","3":"status-publish","4":"has-post-thumbnail","6":"product_cat-book","7":"product_cat-museum-store","9":"first","10":"instock","11":"shipping-taxable","12":"purchasable","13":"product-type-simple"},"_links":{"self":[{"href":"https:\/\/berthoudhistoricalsociety.org\/fr\/wp-json\/wp\/v2\/product\/13605","targetHints":{"allow":["GET"]}}],"collection":[{"href":"https:\/\/berthoudhistoricalsociety.org\/fr\/wp-json\/wp\/v2\/product"}],"about":[{"href":"https:\/\/berthoudhistoricalsociety.org\/fr\/wp-json\/wp\/v2\/types\/product"}],"wp:featuredmedia":[{"embeddable":true,"href":"https:\/\/berthoudhistoricalsociety.org\/fr\/wp-json\/wp\/v2\/media\/13606"}],"wp:attachment":[{"href":"https:\/\/berthoudhistoricalsociety.org\/fr\/wp-json\/wp\/v2\/media?parent=13605"}],"wp:term":[{"taxonomy":"product_brand","embeddable":true,"href":"https:\/\/berthoudhistoricalsociety.org\/fr\/wp-json\/wp\/v2\/product_brand?post=13605"},{"taxonomy":"product_cat","embeddable":true,"href":"https:\/\/berthoudhistoricalsociety.org\/fr\/wp-json\/wp\/v2\/product_cat?post=13605"},{"taxonomy":"product_tag","embeddable":true,"href":"https:\/\/berthoudhistoricalsociety.org\/fr\/wp-json\/wp\/v2\/product_tag?post=13605"}],"curies":[{"name":"wp","href":"https:\/\/api.w.org\/{rel}","templated":true}]}}