{"id":13760,"date":"2021-04-13T10:04:37","date_gmt":"2021-04-13T16:04:37","guid":{"rendered":"https:\/\/www.berthoudhistoricalsociety.org\/?post_type=product&#038;p=13760"},"modified":"2021-04-16T17:24:12","modified_gmt":"2021-04-16T23:24:12","slug":"flower-columbine-mckana-giants-blend","status":"publish","type":"product","link":"https:\/\/berthoudhistoricalsociety.org\/fr\/produit\/flower-columbine-mckana-giants-blend\/","title":{"rendered":"FLEUR-COLUMBINE, m\u00e9lange McKana Giants"},"content":{"rendered":"","protected":false},"excerpt":{"rendered":"<p><span style=\"font-size: 10pt;\">Compl\u00e8tement ensoleill\u00e9 \u00e0 partiellement couvert. Des fleurs gracieuses dans une belle gamme de couleurs cachent du nectar pour les colibris assez chanceux pour le trouver.<\/span><\/p>","protected":false},"featured_media":13761,"template":"","meta":{"_price":"3.33","_stock":"0","_tribe_ticket_header":"","_tribe_default_ticket_provider":"","_tribe_ticket_capacity":"14","_ticket_start_date":"","_ticket_end_date":"","_tribe_ticket_show_description":"","_tribe_ticket_show_not_going":false,"_tribe_ticket_use_global_stock":"","_tribe_ticket_global_stock_level":"","_global_stock_mode":"","_global_stock_cap":"","_tribe_rsvp_for_event":"","_tribe_ticket_going_count":"","_tribe_ticket_not_going_count":"","_tribe_tickets_list":"[]","_tribe_ticket_has_attendee_info_fields":false,"_tec_slr_enabled":"","_tec_slr_layout":""},"product_brand":[],"product_cat":[61,46],"product_tag":[],"class_list":{"0":"post-13760","1":"product","2":"type-product","3":"status-publish","4":"has-post-thumbnail","6":"product_cat-2021-plant-sale","7":"product_cat-flowers","9":"first","10":"outofstock","11":"shipping-taxable","12":"purchasable","13":"product-type-simple"},"_links":{"self":[{"href":"https:\/\/berthoudhistoricalsociety.org\/fr\/wp-json\/wp\/v2\/product\/13760","targetHints":{"allow":["GET"]}}],"collection":[{"href":"https:\/\/berthoudhistoricalsociety.org\/fr\/wp-json\/wp\/v2\/product"}],"about":[{"href":"https:\/\/berthoudhistoricalsociety.org\/fr\/wp-json\/wp\/v2\/types\/product"}],"wp:featuredmedia":[{"embeddable":true,"href":"https:\/\/berthoudhistoricalsociety.org\/fr\/wp-json\/wp\/v2\/media\/13761"}],"wp:attachment":[{"href":"https:\/\/berthoudhistoricalsociety.org\/fr\/wp-json\/wp\/v2\/media?parent=13760"}],"wp:term":[{"taxonomy":"product_brand","embeddable":true,"href":"https:\/\/berthoudhistoricalsociety.org\/fr\/wp-json\/wp\/v2\/product_brand?post=13760"},{"taxonomy":"product_cat","embeddable":true,"href":"https:\/\/berthoudhistoricalsociety.org\/fr\/wp-json\/wp\/v2\/product_cat?post=13760"},{"taxonomy":"product_tag","embeddable":true,"href":"https:\/\/berthoudhistoricalsociety.org\/fr\/wp-json\/wp\/v2\/product_tag?post=13760"}],"curies":[{"name":"wp","href":"https:\/\/api.w.org\/{rel}","templated":true}]}}