{"id":13785,"date":"2021-04-13T12:36:02","date_gmt":"2021-04-13T18:36:02","guid":{"rendered":"https:\/\/www.berthoudhistoricalsociety.org\/?post_type=product&#038;p=13785"},"modified":"2021-05-01T12:38:09","modified_gmt":"2021-05-01T18:38:09","slug":"herb-catmint","status":"publish","type":"product","link":"https:\/\/berthoudhistoricalsociety.org\/fr\/produit\/herb-catmint\/","title":{"rendered":"HERBE \u2013 MENTHE \u00c0 CHAT"},"content":{"rendered":"","protected":false},"excerpt":{"rendered":"<p><span style=\"font-size: 10pt;\">Compl\u00e8tement ensoleill\u00e9 \u00e0 partiellement couvert. Fra\u00eeche ou s\u00e9ch\u00e9e, l&#039;herbe \u00e0 chat incite les chats \u00e0 faire preuve de d\u00e9licieuses b\u00eatises. Un th\u00e9 apaisant et d\u00e9licieux peut \u00eatre infus\u00e9 \u00e0 partir des feuilles. <\/span><\/p>","protected":false},"featured_media":13787,"template":"","meta":{"_price":"3.33","_stock":"4","_tribe_ticket_header":"","_tribe_default_ticket_provider":"","_tribe_ticket_capacity":"8","_ticket_start_date":"","_ticket_end_date":"","_tribe_ticket_show_description":"","_tribe_ticket_show_not_going":false,"_tribe_ticket_use_global_stock":"","_tribe_ticket_global_stock_level":"","_global_stock_mode":"","_global_stock_cap":"","_tribe_rsvp_for_event":"","_tribe_ticket_going_count":"","_tribe_ticket_not_going_count":"","_tribe_tickets_list":"[]","_tribe_ticket_has_attendee_info_fields":false,"_tec_slr_enabled":"","_tec_slr_layout":""},"product_brand":[],"product_cat":[61],"product_tag":[],"class_list":{"0":"post-13785","1":"product","2":"type-product","3":"status-publish","4":"has-post-thumbnail","6":"product_cat-2021-plant-sale","8":"first","9":"instock","10":"shipping-taxable","11":"purchasable","12":"product-type-simple"},"_links":{"self":[{"href":"https:\/\/berthoudhistoricalsociety.org\/fr\/wp-json\/wp\/v2\/product\/13785","targetHints":{"allow":["GET"]}}],"collection":[{"href":"https:\/\/berthoudhistoricalsociety.org\/fr\/wp-json\/wp\/v2\/product"}],"about":[{"href":"https:\/\/berthoudhistoricalsociety.org\/fr\/wp-json\/wp\/v2\/types\/product"}],"wp:featuredmedia":[{"embeddable":true,"href":"https:\/\/berthoudhistoricalsociety.org\/fr\/wp-json\/wp\/v2\/media\/13787"}],"wp:attachment":[{"href":"https:\/\/berthoudhistoricalsociety.org\/fr\/wp-json\/wp\/v2\/media?parent=13785"}],"wp:term":[{"taxonomy":"product_brand","embeddable":true,"href":"https:\/\/berthoudhistoricalsociety.org\/fr\/wp-json\/wp\/v2\/product_brand?post=13785"},{"taxonomy":"product_cat","embeddable":true,"href":"https:\/\/berthoudhistoricalsociety.org\/fr\/wp-json\/wp\/v2\/product_cat?post=13785"},{"taxonomy":"product_tag","embeddable":true,"href":"https:\/\/berthoudhistoricalsociety.org\/fr\/wp-json\/wp\/v2\/product_tag?post=13785"}],"curies":[{"name":"wp","href":"https:\/\/api.w.org\/{rel}","templated":true}]}}