{"id":14301,"date":"2021-06-23T12:22:16","date_gmt":"2021-06-23T18:22:16","guid":{"rendered":"https:\/\/www.berthoudhistoricalsociety.org\/?post_type=product&#038;p=14301"},"modified":"2021-06-24T22:03:54","modified_gmt":"2021-06-25T04:03:54","slug":"vegetarian-fried-chicken-dinner-for-one","status":"publish","type":"product","link":"https:\/\/berthoudhistoricalsociety.org\/fr\/produit\/vegetarian-fried-chicken-dinner-for-one\/","title":{"rendered":"D\u00eener v\u00e9g\u00e9tarien de poulet frit et de galettes pour une personne"},"content":{"rendered":"","protected":false},"excerpt":{"rendered":"<p><span style=\"font-weight: 400;\">Deux galettes de poulet aux prot\u00e9ines v\u00e9g\u00e9tales v\u00e9g\u00e9taliennes Alpha Foods avec pur\u00e9e de pommes de terre et sauce v\u00e9g\u00e9tarienne, une salade verte m\u00e9lang\u00e9e avec votre choix de vinaigrette, un accompagnement suppl\u00e9mentaire de votre choix (salade de 4 haricots ou fromage cottage avec des tranches de p\u00eache, un petit pain chaud et du beurre au miel, des cornichons au pain et au beurre, une tranche de dessert \u00ab\u00a0tarte aux pommes\u00a0\u00bb et une boisson de votre choix (limonade rose ou eau en bouteille).<\/span><\/p>\n<p>&nbsp;<\/p>","protected":false},"featured_media":14303,"template":"","meta":{"_price":"40","_stock":null,"_tribe_ticket_header":"","_tribe_default_ticket_provider":"","_tribe_ticket_capacity":"1","_ticket_start_date":"","_ticket_end_date":"","_tribe_ticket_show_description":"","_tribe_ticket_show_not_going":false,"_tribe_ticket_use_global_stock":"","_tribe_ticket_global_stock_level":"","_global_stock_mode":"","_global_stock_cap":"","_tribe_rsvp_for_event":"","_tribe_ticket_going_count":"","_tribe_ticket_not_going_count":"","_tribe_tickets_list":"[]","_tribe_ticket_has_attendee_info_fields":false,"_tec_slr_enabled":"","_tec_slr_layout":""},"product_brand":[],"product_cat":[62],"product_tag":[],"class_list":{"0":"post-14301","1":"product","2":"type-product","3":"status-publish","4":"has-post-thumbnail","6":"product_cat-2021-box-social","8":"first","9":"instock","10":"shipping-taxable","11":"purchasable","12":"product-type-simple"},"_links":{"self":[{"href":"https:\/\/berthoudhistoricalsociety.org\/fr\/wp-json\/wp\/v2\/product\/14301","targetHints":{"allow":["GET"]}}],"collection":[{"href":"https:\/\/berthoudhistoricalsociety.org\/fr\/wp-json\/wp\/v2\/product"}],"about":[{"href":"https:\/\/berthoudhistoricalsociety.org\/fr\/wp-json\/wp\/v2\/types\/product"}],"wp:featuredmedia":[{"embeddable":true,"href":"https:\/\/berthoudhistoricalsociety.org\/fr\/wp-json\/wp\/v2\/media\/14303"}],"wp:attachment":[{"href":"https:\/\/berthoudhistoricalsociety.org\/fr\/wp-json\/wp\/v2\/media?parent=14301"}],"wp:term":[{"taxonomy":"product_brand","embeddable":true,"href":"https:\/\/berthoudhistoricalsociety.org\/fr\/wp-json\/wp\/v2\/product_brand?post=14301"},{"taxonomy":"product_cat","embeddable":true,"href":"https:\/\/berthoudhistoricalsociety.org\/fr\/wp-json\/wp\/v2\/product_cat?post=14301"},{"taxonomy":"product_tag","embeddable":true,"href":"https:\/\/berthoudhistoricalsociety.org\/fr\/wp-json\/wp\/v2\/product_tag?post=14301"}],"curies":[{"name":"wp","href":"https:\/\/api.w.org\/{rel}","templated":true}]}}