{"id":14315,"date":"2021-06-23T12:38:15","date_gmt":"2021-06-23T18:38:15","guid":{"rendered":"https:\/\/www.berthoudhistoricalsociety.org\/?post_type=product&#038;p=14315"},"modified":"2021-06-24T22:02:02","modified_gmt":"2021-06-25T04:02:02","slug":"traveler-fried-chicken-dinner","status":"publish","type":"product","link":"https:\/\/berthoudhistoricalsociety.org\/fr\/produit\/traveler-fried-chicken-dinner\/","title":{"rendered":"D\u00eener de poulet frit des voyageurs"},"content":{"rendered":"","protected":false},"excerpt":{"rendered":"<p><span style=\"font-weight: 400;\">D\u00eener de poulet frit (poitrine et cuisse) avec pur\u00e9e de pommes de terre et sauce au poulet, une salade verte m\u00e9lang\u00e9e avec votre choix de vinaigrette, un accompagnement suppl\u00e9mentaire de votre choix (salade aux 4 haricots ou fromage cottage avec tranches de p\u00eache, un petit pain chaud et du miel du beurre, du pain et des cornichons au beurre, une tranche de dessert \u00ab\u00a0tarte aux pommes\u00a0\u00bb et une boisson de votre choix (limonade rose ou eau en bouteille).<\/span><\/p>\n<p><span style=\"font-size: 24pt; color: #993300;\"><strong>VEUILLEZ CHOISIR LES OPTIONS CI-DESSOUS\u00a0:<\/strong><\/span><\/p>","protected":false},"featured_media":14274,"template":"","meta":{"_price":"75","_stock":null,"_tribe_ticket_header":"","_tribe_default_ticket_provider":"","_tribe_ticket_capacity":"24","_ticket_start_date":"","_ticket_end_date":"","_tribe_ticket_show_description":"","_tribe_ticket_show_not_going":false,"_tribe_ticket_use_global_stock":"","_tribe_ticket_global_stock_level":"","_global_stock_mode":"","_global_stock_cap":"","_tribe_rsvp_for_event":"","_tribe_ticket_going_count":"","_tribe_ticket_not_going_count":"","_tribe_tickets_list":"[]","_tribe_ticket_has_attendee_info_fields":false,"_tec_slr_enabled":"","_tec_slr_layout":""},"product_brand":[],"product_cat":[62],"product_tag":[],"class_list":{"0":"post-14315","1":"product","2":"type-product","3":"status-publish","4":"has-post-thumbnail","6":"product_cat-2021-box-social","8":"first","9":"instock","10":"shipping-taxable","11":"purchasable","12":"product-type-simple"},"_links":{"self":[{"href":"https:\/\/berthoudhistoricalsociety.org\/fr\/wp-json\/wp\/v2\/product\/14315","targetHints":{"allow":["GET"]}}],"collection":[{"href":"https:\/\/berthoudhistoricalsociety.org\/fr\/wp-json\/wp\/v2\/product"}],"about":[{"href":"https:\/\/berthoudhistoricalsociety.org\/fr\/wp-json\/wp\/v2\/types\/product"}],"wp:featuredmedia":[{"embeddable":true,"href":"https:\/\/berthoudhistoricalsociety.org\/fr\/wp-json\/wp\/v2\/media\/14274"}],"wp:attachment":[{"href":"https:\/\/berthoudhistoricalsociety.org\/fr\/wp-json\/wp\/v2\/media?parent=14315"}],"wp:term":[{"taxonomy":"product_brand","embeddable":true,"href":"https:\/\/berthoudhistoricalsociety.org\/fr\/wp-json\/wp\/v2\/product_brand?post=14315"},{"taxonomy":"product_cat","embeddable":true,"href":"https:\/\/berthoudhistoricalsociety.org\/fr\/wp-json\/wp\/v2\/product_cat?post=14315"},{"taxonomy":"product_tag","embeddable":true,"href":"https:\/\/berthoudhistoricalsociety.org\/fr\/wp-json\/wp\/v2\/product_tag?post=14315"}],"curies":[{"name":"wp","href":"https:\/\/api.w.org\/{rel}","templated":true}]}}