{"id":14324,"date":"2021-06-23T13:47:55","date_gmt":"2021-06-23T19:47:55","guid":{"rendered":"https:\/\/www.berthoudhistoricalsociety.org\/?post_type=product&#038;p=14324"},"modified":"2021-06-24T22:01:31","modified_gmt":"2021-06-25T04:01:31","slug":"oven-baked-chicken-dinner","status":"publish","type":"product","link":"https:\/\/berthoudhistoricalsociety.org\/fr\/produit\/oven-baked-chicken-dinner\/","title":{"rendered":"D\u00eener de poulet au four"},"content":{"rendered":"","protected":false},"excerpt":{"rendered":"<p>Une alternative plus saine \u2013 D\u00eener de poulet frit au four (poitrine et cuisse) avec pur\u00e9e de pommes de terre et sauce au poulet, une salade verte m\u00e9lang\u00e9e avec votre choix de vinaigrette, un accompagnement suppl\u00e9mentaire de votre choix (salade aux 4 haricots ou fromage cottage avec des tranches de p\u00eache, un petit pain chaud et du beurre au miel, du pain et des cornichons au beurre, un dessert en tranches de \u00ab tarte aux pommes \u00bb et une boisson de votre choix (limonade rose ou eau en bouteille).<\/p>\n<p><span style=\"font-size: 24pt; color: #993300;\"><strong>VEUILLEZ CHOISIR LES OPTIONS CI-DESSOUS\u00a0:<\/strong><\/span><\/p>","protected":false},"featured_media":14297,"template":"","meta":{"_price":"75","_stock":null,"_tribe_ticket_header":"","_tribe_default_ticket_provider":"","_tribe_ticket_capacity":"10","_ticket_start_date":"","_ticket_end_date":"","_tribe_ticket_show_description":"","_tribe_ticket_show_not_going":false,"_tribe_ticket_use_global_stock":"","_tribe_ticket_global_stock_level":"","_global_stock_mode":"","_global_stock_cap":"","_tribe_rsvp_for_event":"","_tribe_ticket_going_count":"","_tribe_ticket_not_going_count":"","_tribe_tickets_list":"[]","_tribe_ticket_has_attendee_info_fields":false,"_tec_slr_enabled":"","_tec_slr_layout":""},"product_brand":[],"product_cat":[62],"product_tag":[],"class_list":{"0":"post-14324","1":"product","2":"type-product","3":"status-publish","4":"has-post-thumbnail","6":"product_cat-2021-box-social","8":"first","9":"instock","10":"shipping-taxable","11":"purchasable","12":"product-type-simple"},"_links":{"self":[{"href":"https:\/\/berthoudhistoricalsociety.org\/fr\/wp-json\/wp\/v2\/product\/14324","targetHints":{"allow":["GET"]}}],"collection":[{"href":"https:\/\/berthoudhistoricalsociety.org\/fr\/wp-json\/wp\/v2\/product"}],"about":[{"href":"https:\/\/berthoudhistoricalsociety.org\/fr\/wp-json\/wp\/v2\/types\/product"}],"wp:featuredmedia":[{"embeddable":true,"href":"https:\/\/berthoudhistoricalsociety.org\/fr\/wp-json\/wp\/v2\/media\/14297"}],"wp:attachment":[{"href":"https:\/\/berthoudhistoricalsociety.org\/fr\/wp-json\/wp\/v2\/media?parent=14324"}],"wp:term":[{"taxonomy":"product_brand","embeddable":true,"href":"https:\/\/berthoudhistoricalsociety.org\/fr\/wp-json\/wp\/v2\/product_brand?post=14324"},{"taxonomy":"product_cat","embeddable":true,"href":"https:\/\/berthoudhistoricalsociety.org\/fr\/wp-json\/wp\/v2\/product_cat?post=14324"},{"taxonomy":"product_tag","embeddable":true,"href":"https:\/\/berthoudhistoricalsociety.org\/fr\/wp-json\/wp\/v2\/product_tag?post=14324"}],"curies":[{"name":"wp","href":"https:\/\/api.w.org\/{rel}","templated":true}]}}