{"id":1456,"date":"2019-07-19T15:04:06","date_gmt":"2019-07-19T21:04:06","guid":{"rendered":"https:\/\/www.berthoudhistoricalsociety.org\/?post_type=product&#038;p=1456"},"modified":"2019-07-23T16:11:36","modified_gmt":"2019-07-23T22:11:36","slug":"student-membership","status":"publish","type":"product","link":"https:\/\/berthoudhistoricalsociety.org\/fr\/produit\/student-membership\/","title":{"rendered":"Adh\u00e9sion \u00e9tudiante"},"content":{"rendered":"","protected":false},"excerpt":{"rendered":"<p>Votre adh\u00e9sion vous procure la satisfaction de contribuer \u00e0 la pr\u00e9servation du patrimoine unique de Berthoud et de la Little Thompson Valley. Les avantages des membres comprennent quatre bulletins d&#039;information par an, l&#039;entr\u00e9e gratuite au mus\u00e9e des pionniers de Little Thompson Valley et au mus\u00e9e de la maison McCarty-Fickel, ainsi que des r\u00e9ductions sur les frais de scolarit\u00e9 du camp de jour d&#039;\u00e9t\u00e9 et les frais de location pour les \u00e9v\u00e9nements priv\u00e9s programm\u00e9s au foyer McCarty-Fickel ou \u00e0 la cour des pionniers \u00e0 le mus\u00e9e des pionniers de Little Thompson Valley.<\/p>","protected":false},"featured_media":0,"template":"","meta":{"_price":"10","_stock":null,"_tribe_ticket_header":"","_tribe_default_ticket_provider":"","_tribe_ticket_capacity":"1","_ticket_start_date":"","_ticket_end_date":"","_tribe_ticket_show_description":"","_tribe_ticket_show_not_going":false,"_tribe_ticket_use_global_stock":"","_tribe_ticket_global_stock_level":"","_global_stock_mode":"","_global_stock_cap":"","_tribe_rsvp_for_event":"","_tribe_ticket_going_count":"","_tribe_ticket_not_going_count":"","_tribe_tickets_list":"[]","_tribe_ticket_has_attendee_info_fields":false,"_tec_slr_enabled":"","_tec_slr_layout":""},"product_brand":[],"product_cat":[27],"product_tag":[],"class_list":{"0":"post-1456","1":"product","2":"type-product","3":"status-publish","5":"product_cat-membership-levels","7":"first","8":"instock","9":"shipping-taxable","10":"purchasable","11":"product-type-simple"},"_links":{"self":[{"href":"https:\/\/berthoudhistoricalsociety.org\/fr\/wp-json\/wp\/v2\/product\/1456","targetHints":{"allow":["GET"]}}],"collection":[{"href":"https:\/\/berthoudhistoricalsociety.org\/fr\/wp-json\/wp\/v2\/product"}],"about":[{"href":"https:\/\/berthoudhistoricalsociety.org\/fr\/wp-json\/wp\/v2\/types\/product"}],"wp:attachment":[{"href":"https:\/\/berthoudhistoricalsociety.org\/fr\/wp-json\/wp\/v2\/media?parent=1456"}],"wp:term":[{"taxonomy":"product_brand","embeddable":true,"href":"https:\/\/berthoudhistoricalsociety.org\/fr\/wp-json\/wp\/v2\/product_brand?post=1456"},{"taxonomy":"product_cat","embeddable":true,"href":"https:\/\/berthoudhistoricalsociety.org\/fr\/wp-json\/wp\/v2\/product_cat?post=1456"},{"taxonomy":"product_tag","embeddable":true,"href":"https:\/\/berthoudhistoricalsociety.org\/fr\/wp-json\/wp\/v2\/product_tag?post=1456"}],"curies":[{"name":"wp","href":"https:\/\/api.w.org\/{rel}","templated":true}]}}