{"id":16494,"date":"2022-03-10T11:59:27","date_gmt":"2022-03-10T18:59:27","guid":{"rendered":"https:\/\/www.berthoudhistoricalsociety.org\/?post_type=product&#038;p=16494"},"modified":"2022-03-26T12:24:08","modified_gmt":"2022-03-26T18:24:08","slug":"sponsor-rose-fritz-nobis","status":"publish","type":"product","link":"https:\/\/berthoudhistoricalsociety.org\/fr\/produit\/sponsor-rose-fritz-nobis\/","title":{"rendered":"Parrainez Rose Fritz Nobis"},"content":{"rendered":"","protected":false},"excerpt":{"rendered":"<p><strong>Arbuste FRITZ NOBIS<\/strong> (Kordes II, Allemagne, 1940)<\/p>\n<p>Source : Roses du Haut Pays<\/p>\n<p>Fleur\u00a0: rose p\u00e2le, semi-double, plus fonc\u00e9e \u00e0 l&#039;ext\u00e9rieur, port\u00e9e en \u00e9t\u00e9, tr\u00e8s pleine avec plus de 41 p\u00e9tales, fleurit 1\u00bd pouce au d\u00e9but de l&#039;\u00e9t\u00e9<\/p>\n<p>Taille : H 4-6 pieds W 2-3 pieds<\/p>\n<p>Fritz Nobis est un arbuste vigoureux de taille moyenne au feuillage vert clair abondant et aux grappes de fleurs bien parfum\u00e9es. Bonne r\u00e9colte d&#039;\u00e9glantier rouge orang\u00e9 en automne.<\/p>","protected":false},"featured_media":16495,"template":"","meta":{"_price":"250","_stock":null,"_tribe_ticket_header":"","_tribe_default_ticket_provider":"","_tribe_ticket_capacity":"0","_ticket_start_date":"","_ticket_end_date":"","_tribe_ticket_show_description":"","_tribe_ticket_show_not_going":false,"_tribe_ticket_use_global_stock":"","_tribe_ticket_global_stock_level":"","_global_stock_mode":"","_global_stock_cap":"","_tribe_rsvp_for_event":"","_tribe_ticket_going_count":"","_tribe_ticket_not_going_count":"","_tribe_tickets_list":"[]","_tribe_ticket_has_attendee_info_fields":false,"_tec_slr_enabled":"","_tec_slr_layout":""},"product_brand":[],"product_cat":[97],"product_tag":[],"class_list":{"0":"post-16494","1":"product","2":"type-product","3":"status-publish","4":"has-post-thumbnail","6":"product_cat-rose-garden","8":"first","9":"instock","10":"shipping-taxable","11":"purchasable","12":"product-type-simple"},"_links":{"self":[{"href":"https:\/\/berthoudhistoricalsociety.org\/fr\/wp-json\/wp\/v2\/product\/16494","targetHints":{"allow":["GET"]}}],"collection":[{"href":"https:\/\/berthoudhistoricalsociety.org\/fr\/wp-json\/wp\/v2\/product"}],"about":[{"href":"https:\/\/berthoudhistoricalsociety.org\/fr\/wp-json\/wp\/v2\/types\/product"}],"wp:featuredmedia":[{"embeddable":true,"href":"https:\/\/berthoudhistoricalsociety.org\/fr\/wp-json\/wp\/v2\/media\/16495"}],"wp:attachment":[{"href":"https:\/\/berthoudhistoricalsociety.org\/fr\/wp-json\/wp\/v2\/media?parent=16494"}],"wp:term":[{"taxonomy":"product_brand","embeddable":true,"href":"https:\/\/berthoudhistoricalsociety.org\/fr\/wp-json\/wp\/v2\/product_brand?post=16494"},{"taxonomy":"product_cat","embeddable":true,"href":"https:\/\/berthoudhistoricalsociety.org\/fr\/wp-json\/wp\/v2\/product_cat?post=16494"},{"taxonomy":"product_tag","embeddable":true,"href":"https:\/\/berthoudhistoricalsociety.org\/fr\/wp-json\/wp\/v2\/product_tag?post=16494"}],"curies":[{"name":"wp","href":"https:\/\/api.w.org\/{rel}","templated":true}]}}