{"id":16510,"date":"2022-03-10T12:24:20","date_gmt":"2022-03-10T19:24:20","guid":{"rendered":"https:\/\/www.berthoudhistoricalsociety.org\/?post_type=product&#038;p=16510"},"modified":"2022-03-26T12:18:22","modified_gmt":"2022-03-26T18:18:22","slug":"sponsor-rose-calypso","status":"publish","type":"product","link":"https:\/\/berthoudhistoricalsociety.org\/fr\/produit\/sponsor-rose-calypso\/","title":{"rendered":"Parrainez Rose Calypso"},"content":{"rendered":"","protected":false},"excerpt":{"rendered":"<p><strong>CALYPSO, Rosier arbustif <\/strong>de Easy El\u00e9gance<\/p>\n<p>Source : Jardins Tagawa<\/p>\n<p>Fleur\u00a0: M\u00e9lange d&#039;abricot, beaucoup de fleurs doubles jusqu&#039;\u00e0 2,5 pouces, 25 p\u00e9tales, floraison r\u00e9p\u00e9t\u00e9e<\/p>\n<p>Taille : H 2 pieds L 2 pieds<\/p>\n<p>De nombreuses fleurs recouvrent ce rosier arbustif compact, au feuillage vert fonc\u00e9 brillant, consid\u00e9r\u00e9 comme extr\u00eamement facile \u00e0 cultiver. Zone 5<\/p>","protected":false},"featured_media":16511,"template":"","meta":{"_price":"250","_stock":null,"_tribe_ticket_header":"","_tribe_default_ticket_provider":"","_tribe_ticket_capacity":"0","_ticket_start_date":"","_ticket_end_date":"","_tribe_ticket_show_description":"","_tribe_ticket_show_not_going":false,"_tribe_ticket_use_global_stock":"","_tribe_ticket_global_stock_level":"","_global_stock_mode":"","_global_stock_cap":"","_tribe_rsvp_for_event":"","_tribe_ticket_going_count":"","_tribe_ticket_not_going_count":"","_tribe_tickets_list":"[]","_tribe_ticket_has_attendee_info_fields":false,"_tec_slr_enabled":"","_tec_slr_layout":""},"product_brand":[],"product_cat":[97],"product_tag":[],"class_list":{"0":"post-16510","1":"product","2":"type-product","3":"status-publish","4":"has-post-thumbnail","6":"product_cat-rose-garden","8":"first","9":"instock","10":"shipping-taxable","11":"purchasable","12":"product-type-simple"},"_links":{"self":[{"href":"https:\/\/berthoudhistoricalsociety.org\/fr\/wp-json\/wp\/v2\/product\/16510","targetHints":{"allow":["GET"]}}],"collection":[{"href":"https:\/\/berthoudhistoricalsociety.org\/fr\/wp-json\/wp\/v2\/product"}],"about":[{"href":"https:\/\/berthoudhistoricalsociety.org\/fr\/wp-json\/wp\/v2\/types\/product"}],"wp:featuredmedia":[{"embeddable":true,"href":"https:\/\/berthoudhistoricalsociety.org\/fr\/wp-json\/wp\/v2\/media\/16511"}],"wp:attachment":[{"href":"https:\/\/berthoudhistoricalsociety.org\/fr\/wp-json\/wp\/v2\/media?parent=16510"}],"wp:term":[{"taxonomy":"product_brand","embeddable":true,"href":"https:\/\/berthoudhistoricalsociety.org\/fr\/wp-json\/wp\/v2\/product_brand?post=16510"},{"taxonomy":"product_cat","embeddable":true,"href":"https:\/\/berthoudhistoricalsociety.org\/fr\/wp-json\/wp\/v2\/product_cat?post=16510"},{"taxonomy":"product_tag","embeddable":true,"href":"https:\/\/berthoudhistoricalsociety.org\/fr\/wp-json\/wp\/v2\/product_tag?post=16510"}],"curies":[{"name":"wp","href":"https:\/\/api.w.org\/{rel}","templated":true}]}}