{"id":16520,"date":"2022-03-10T12:37:03","date_gmt":"2022-03-10T19:37:03","guid":{"rendered":"https:\/\/www.berthoudhistoricalsociety.org\/?post_type=product&#038;p=16520"},"modified":"2022-03-14T10:21:08","modified_gmt":"2022-03-14T16:21:08","slug":"sponsor-rose-flower-carpet-white","status":"publish","type":"product","link":"https:\/\/berthoudhistoricalsociety.org\/fr\/produit\/sponsor-rose-flower-carpet-white\/","title":{"rendered":"Parrainez Rose Couvre-sol \u00ab\u00a0Tapis de fleurs blanc\u00a0\u00bb"},"content":{"rendered":"","protected":false},"excerpt":{"rendered":"<p><strong>Couvre-sol ROSA \u00ab TAPIS DE FLEURS BLANCHE \u00bb<\/strong><\/p>\n<p>Couleur : Blanc, jardin de style cottage m\u00e9diterran\u00e9en<\/p>\n<p>Taille : H 2 pieds L 3 pieds<\/p>\n<p>Fleurissant jusqu&#039;au c\u0153ur, Rosa \u00ab Flower Carpet White \u00bb est une impressionnante rose couvre-sol qui produit d&#039;abondantes grappes de fleurs d&#039;un blanc pur d\u00e9licieusement parfum\u00e9es d&#039;environ deux pouces de large. Fleurit par pouss\u00e9es de la fin du printemps jusqu&#039;au gel, autonettoyant, aucune taille sophistiqu\u00e9e n&#039;est n\u00e9cessaire, il suffit de le couper avec des cisailles \u00e0 1\/3 de la taille au d\u00e9but du printemps. Zones 5-10<\/p>","protected":false},"featured_media":16521,"template":"","meta":{"_price":"250","_stock":null,"_tribe_ticket_header":"","_tribe_default_ticket_provider":"","_tribe_ticket_capacity":"0","_ticket_start_date":"","_ticket_end_date":"","_tribe_ticket_show_description":"","_tribe_ticket_show_not_going":false,"_tribe_ticket_use_global_stock":"","_tribe_ticket_global_stock_level":"","_global_stock_mode":"","_global_stock_cap":"","_tribe_rsvp_for_event":"","_tribe_ticket_going_count":"","_tribe_ticket_not_going_count":"","_tribe_tickets_list":"[]","_tribe_ticket_has_attendee_info_fields":false,"_tec_slr_enabled":"","_tec_slr_layout":""},"product_brand":[],"product_cat":[97],"product_tag":[],"class_list":{"0":"post-16520","1":"product","2":"type-product","3":"status-publish","4":"has-post-thumbnail","6":"product_cat-rose-garden","8":"first","9":"outofstock","10":"shipping-taxable","11":"purchasable","12":"product-type-simple"},"_links":{"self":[{"href":"https:\/\/berthoudhistoricalsociety.org\/fr\/wp-json\/wp\/v2\/product\/16520","targetHints":{"allow":["GET"]}}],"collection":[{"href":"https:\/\/berthoudhistoricalsociety.org\/fr\/wp-json\/wp\/v2\/product"}],"about":[{"href":"https:\/\/berthoudhistoricalsociety.org\/fr\/wp-json\/wp\/v2\/types\/product"}],"wp:featuredmedia":[{"embeddable":true,"href":"https:\/\/berthoudhistoricalsociety.org\/fr\/wp-json\/wp\/v2\/media\/16521"}],"wp:attachment":[{"href":"https:\/\/berthoudhistoricalsociety.org\/fr\/wp-json\/wp\/v2\/media?parent=16520"}],"wp:term":[{"taxonomy":"product_brand","embeddable":true,"href":"https:\/\/berthoudhistoricalsociety.org\/fr\/wp-json\/wp\/v2\/product_brand?post=16520"},{"taxonomy":"product_cat","embeddable":true,"href":"https:\/\/berthoudhistoricalsociety.org\/fr\/wp-json\/wp\/v2\/product_cat?post=16520"},{"taxonomy":"product_tag","embeddable":true,"href":"https:\/\/berthoudhistoricalsociety.org\/fr\/wp-json\/wp\/v2\/product_tag?post=16520"}],"curies":[{"name":"wp","href":"https:\/\/api.w.org\/{rel}","templated":true}]}}