{"id":17777,"date":"2023-09-29T08:35:23","date_gmt":"2023-09-29T14:35:23","guid":{"rendered":"https:\/\/www.berthoudhistoricalsociety.org\/?post_type=product&#038;p=17777"},"modified":"2023-09-29T08:41:29","modified_gmt":"2023-09-29T14:41:29","slug":"clymer-book","status":"publish","type":"product","link":"https:\/\/berthoudhistoricalsociety.org\/fr\/produit\/clymer-book\/","title":{"rendered":"Floyd Clymer \u2013 Agent automobile pour enfants de Berthoud"},"content":{"rendered":"<p>&nbsp;<\/p>\n<p>&nbsp;<\/p>","protected":false},"excerpt":{"rendered":"<h2><em>Plongez dans le\u00a0<\/em><br \/>\n<em>Histoire fascinante de Berthoud, Colorado<\/em><\/h2>\n<p>En 1907, le magazine Motor Field a proclam\u00e9 Floyd Clymer de Berthoud comme \u00ab le plus jeune agent automobile des \u00c9tats-Unis et cela signifie du monde \u00bb. Clymer, 11 ans, a embelli cette affirmation en soulignant qu&#039;il avait \u00ab l&#039;assurance de Teddy Roosevelt \u00bb qu&#039;il \u00e9tait le plus jeune agent du secteur.<\/p>\n<p>\u00c0 Berthoud, dans le Colorado, le jeune Clymer a vendu plus de deux douzaines de v\u00e9hicules, voyageant en train avec ses clients jusqu&#039;\u00e0 Denver o\u00f9 ils ont achet\u00e9 une voiture et ont appris \u00e0 conduire pendant le trajet de retour de 50 milles jusqu&#039;\u00e0 Berthoud.<\/p>\n<p>L&#039;auteur Mark French d\u00e9couvre les ann\u00e9es de Floyd Clymer \u00e0 Berthoud (1899 \u00e0 1910) en associant les souvenirs publi\u00e9s \u00e0 la premi\u00e8re personne de Clymer sur ses activit\u00e9s tir\u00e9s de plusieurs volumes de son historique Motor Scrapbook avec des articles de journaux locaux. Le \u00abKid Agent\u00bb prend vie \u00e0 travers des visites aux premiers salons automobiles, des observations de la course automobile New York-Paris Race de 1908, la visualisation du premier vol a\u00e9rien au-dessus du Colorado et sa tentative de voyage cross-country m\u00e9diatis\u00e9 \u00e0 l&#039;\u00e9chelle nationale de Denver \u00e0 Spokane dans un \u00ab\u00a020\u00a0\u00bb de Flandre.<\/p>\n<p>&nbsp;<\/p>\n<h3><em>Prix d&#039;achat $25.00 (comprend les frais d&#039;exp\u00e9dition)<\/em><\/h3>\n<p><em>Les b\u00e9n\u00e9fices de la vente de ce livre profitent \u00e0 la dotation de la Berthoud Historical Society.<\/em><\/p>\n<p>&nbsp;<\/p>","protected":false},"featured_media":17778,"template":"","meta":{"_price":"25.00","_stock":"","_tribe_ticket_header":"","_tribe_default_ticket_provider":"","_tribe_ticket_capacity":"10","_ticket_start_date":"","_ticket_end_date":"","_tribe_ticket_show_description":"","_tribe_ticket_show_not_going":false,"_tribe_ticket_use_global_stock":"","_tribe_ticket_global_stock_level":"","_global_stock_mode":"","_global_stock_cap":"","_tribe_rsvp_for_event":"","_tribe_ticket_going_count":"","_tribe_ticket_not_going_count":"","_tribe_tickets_list":"[]","_tribe_ticket_has_attendee_info_fields":false,"_tec_slr_enabled":"","_tec_slr_layout":""},"product_brand":[],"product_cat":[34],"product_tag":[],"class_list":{"0":"post-17777","1":"product","2":"type-product","3":"status-publish","4":"has-post-thumbnail","6":"product_cat-book","8":"first","9":"instock","10":"shipping-taxable","11":"purchasable","12":"product-type-simple"},"_links":{"self":[{"href":"https:\/\/berthoudhistoricalsociety.org\/fr\/wp-json\/wp\/v2\/product\/17777","targetHints":{"allow":["GET"]}}],"collection":[{"href":"https:\/\/berthoudhistoricalsociety.org\/fr\/wp-json\/wp\/v2\/product"}],"about":[{"href":"https:\/\/berthoudhistoricalsociety.org\/fr\/wp-json\/wp\/v2\/types\/product"}],"wp:featuredmedia":[{"embeddable":true,"href":"https:\/\/berthoudhistoricalsociety.org\/fr\/wp-json\/wp\/v2\/media\/17778"}],"wp:attachment":[{"href":"https:\/\/berthoudhistoricalsociety.org\/fr\/wp-json\/wp\/v2\/media?parent=17777"}],"wp:term":[{"taxonomy":"product_brand","embeddable":true,"href":"https:\/\/berthoudhistoricalsociety.org\/fr\/wp-json\/wp\/v2\/product_brand?post=17777"},{"taxonomy":"product_cat","embeddable":true,"href":"https:\/\/berthoudhistoricalsociety.org\/fr\/wp-json\/wp\/v2\/product_cat?post=17777"},{"taxonomy":"product_tag","embeddable":true,"href":"https:\/\/berthoudhistoricalsociety.org\/fr\/wp-json\/wp\/v2\/product_tag?post=17777"}],"curies":[{"name":"wp","href":"https:\/\/api.w.org\/{rel}","templated":true}]}}