{"id":19432,"date":"2023-12-02T15:40:50","date_gmt":"2023-12-02T22:40:50","guid":{"rendered":"https:\/\/www.berthoudhistoricalsociety.org\/?post_type=product&#038;p=19432"},"modified":"2024-05-14T15:52:51","modified_gmt":"2024-05-14T21:52:51","slug":"2024-calendar","status":"publish","type":"product","link":"https:\/\/berthoudhistoricalsociety.org\/fr\/produit\/2024-calendar\/","title":{"rendered":"Berthoud \u2013 Calendrier 2024 du Jardin du Colorado"},"content":{"rendered":"<p>Berthoud, autrefois connu comme le centre agricole du sud du comt\u00e9 de Larimer, dans le Colorado, a \u00e9t\u00e9 identifi\u00e9 comme \u00ab\u00a0le jardin du Colorado\u00a0\u00bb par la chambre de commerce locale en 1907. L&#039;objectif du calendrier Berthoud-Garden Spot du Colorado 2024 est pour examiner l&#039;origine de ce surnom et rendre hommage aux agriculteurs et aux citadins qui ont d\u00e9fendu cette r\u00e9putation.<\/p>\n<p>La Soci\u00e9t\u00e9 historique de Berthoud exprime sa plus sinc\u00e8re gratitude \u00e0 tous ceux qui ont fourni des photos pour \u00eatre utilis\u00e9es dans ce calendrier ainsi que dans les expositions des mus\u00e9es. Une telle g\u00e9n\u00e9rosit\u00e9 permet \u00e0 la Soci\u00e9t\u00e9 de remplir sa mission de pr\u00e9server et d&#039;interpr\u00e9ter le riche patrimoine de Berthoud et de la Petite Vall\u00e9e de Thompson.<\/p>\n<p>Alors que les calendriers papier sont rapidement devenus superflus dans un monde domin\u00e9 par les appareils \u00e9lectroniques, nous vous invitons \u00e0 parcourir les photographies et les commentaires historiques pr\u00e9sent\u00e9s dans ce calendrier. Berthoud\u2014Le Garden Spot du Colorado est un aper\u00e7u de Berthoud et de sa tradition d&#039;agriculture et d&#039;horticulture raffin\u00e9es.<\/p>","protected":false},"excerpt":{"rendered":"<p>Berthoud \u2013 Jardin du Colorado<\/p>\n<p>Chaque calendrier $15 comprend $5 pour l&#039;exp\u00e9dition<\/p>","protected":false},"featured_media":19422,"template":"","meta":{"_price":"20","_stock":"","_tribe_ticket_header":"","_tribe_default_ticket_provider":"","_tribe_ticket_capacity":"0","_ticket_start_date":"","_ticket_end_date":"","_tribe_ticket_show_description":"","_tribe_ticket_show_not_going":false,"_tribe_ticket_use_global_stock":"","_tribe_ticket_global_stock_level":"","_global_stock_mode":"","_global_stock_cap":"","_tribe_rsvp_for_event":"","_tribe_ticket_going_count":"","_tribe_ticket_not_going_count":"","_tribe_tickets_list":"[]","_tribe_ticket_has_attendee_info_fields":false,"_tec_slr_enabled":"","_tec_slr_layout":""},"product_brand":[],"product_cat":[101],"product_tag":[],"class_list":{"0":"post-19432","1":"product","2":"type-product","3":"status-publish","4":"has-post-thumbnail","6":"product_cat-2024-calendar","8":"first","9":"outofstock","10":"shipping-taxable","11":"purchasable","12":"product-type-simple"},"_links":{"self":[{"href":"https:\/\/berthoudhistoricalsociety.org\/fr\/wp-json\/wp\/v2\/product\/19432","targetHints":{"allow":["GET"]}}],"collection":[{"href":"https:\/\/berthoudhistoricalsociety.org\/fr\/wp-json\/wp\/v2\/product"}],"about":[{"href":"https:\/\/berthoudhistoricalsociety.org\/fr\/wp-json\/wp\/v2\/types\/product"}],"wp:featuredmedia":[{"embeddable":true,"href":"https:\/\/berthoudhistoricalsociety.org\/fr\/wp-json\/wp\/v2\/media\/19422"}],"wp:attachment":[{"href":"https:\/\/berthoudhistoricalsociety.org\/fr\/wp-json\/wp\/v2\/media?parent=19432"}],"wp:term":[{"taxonomy":"product_brand","embeddable":true,"href":"https:\/\/berthoudhistoricalsociety.org\/fr\/wp-json\/wp\/v2\/product_brand?post=19432"},{"taxonomy":"product_cat","embeddable":true,"href":"https:\/\/berthoudhistoricalsociety.org\/fr\/wp-json\/wp\/v2\/product_cat?post=19432"},{"taxonomy":"product_tag","embeddable":true,"href":"https:\/\/berthoudhistoricalsociety.org\/fr\/wp-json\/wp\/v2\/product_tag?post=19432"}],"curies":[{"name":"wp","href":"https:\/\/api.w.org\/{rel}","templated":true}]}}