{"id":19525,"date":"2023-12-03T15:00:50","date_gmt":"2023-12-03T22:00:50","guid":{"rendered":"https:\/\/www.berthoudhistoricalsociety.org\/?post_type=product&#038;p=19525"},"modified":"2024-01-22T10:49:03","modified_gmt":"2024-01-22T17:49:03","slug":"trivia-night-table-for-6","status":"publish","type":"product","link":"https:\/\/berthoudhistoricalsociety.org\/fr\/produit\/trivia-night-table-for-6\/","title":{"rendered":"Soir\u00e9e quiz \u2013 Table pour 6 personnes"},"content":{"rendered":"<p>Table de nuit Trivia pour 6 participants. Comprend un d\u00eener pour chaque participant \u00e0 la table. Les boissons sont vendues s\u00e9par\u00e9ment par le Lieu.<\/p>","protected":false},"excerpt":{"rendered":"<p>Table de nuit Trivia pour 6 participants. Comprend un d\u00eener pour chaque participant \u00e0 la table. Les boissons sont vendues s\u00e9par\u00e9ment par le Lieu.<\/p>","protected":false},"featured_media":0,"template":"","meta":{"_price":"150","_stock":"3","_tribe_ticket_header":"","_tribe_default_ticket_provider":"","_tribe_ticket_capacity":"12","_ticket_start_date":"","_ticket_end_date":"","_tribe_ticket_show_description":"","_tribe_ticket_show_not_going":false,"_tribe_ticket_use_global_stock":"","_tribe_ticket_global_stock_level":"","_global_stock_mode":"","_global_stock_cap":"","_tribe_rsvp_for_event":"","_tribe_ticket_going_count":"","_tribe_ticket_not_going_count":"","_tribe_tickets_list":"[]","_tribe_ticket_has_attendee_info_fields":false,"_tec_slr_enabled":"","_tec_slr_layout":""},"product_brand":[],"product_cat":[102],"product_tag":[],"class_list":{"0":"post-19525","1":"product","2":"type-product","3":"status-publish","5":"product_cat-trivia","7":"first","8":"instock","9":"shipping-taxable","10":"purchasable","11":"product-type-simple"},"_links":{"self":[{"href":"https:\/\/berthoudhistoricalsociety.org\/fr\/wp-json\/wp\/v2\/product\/19525","targetHints":{"allow":["GET"]}}],"collection":[{"href":"https:\/\/berthoudhistoricalsociety.org\/fr\/wp-json\/wp\/v2\/product"}],"about":[{"href":"https:\/\/berthoudhistoricalsociety.org\/fr\/wp-json\/wp\/v2\/types\/product"}],"wp:attachment":[{"href":"https:\/\/berthoudhistoricalsociety.org\/fr\/wp-json\/wp\/v2\/media?parent=19525"}],"wp:term":[{"taxonomy":"product_brand","embeddable":true,"href":"https:\/\/berthoudhistoricalsociety.org\/fr\/wp-json\/wp\/v2\/product_brand?post=19525"},{"taxonomy":"product_cat","embeddable":true,"href":"https:\/\/berthoudhistoricalsociety.org\/fr\/wp-json\/wp\/v2\/product_cat?post=19525"},{"taxonomy":"product_tag","embeddable":true,"href":"https:\/\/berthoudhistoricalsociety.org\/fr\/wp-json\/wp\/v2\/product_tag?post=19525"}],"curies":[{"name":"wp","href":"https:\/\/api.w.org\/{rel}","templated":true}]}}