{"id":19595,"date":"2023-12-03T15:30:53","date_gmt":"2023-12-03T22:30:53","guid":{"rendered":"https:\/\/www.berthoudhistoricalsociety.org\/?post_type=product&#038;p=19595"},"modified":"2023-12-03T15:31:58","modified_gmt":"2023-12-03T22:31:58","slug":"trivia-patron-sponsorship","status":"publish","type":"product","link":"https:\/\/berthoudhistoricalsociety.org\/fr\/produit\/trivia-patron-sponsorship\/","title":{"rendered":"Parrainage des m\u00e9c\u00e8nes du jeu-questionnaire"},"content":{"rendered":"<ul>\n<li>Nom\/logo sur la page d&#039;accueil de BHS, la newsletter et la publicit\u00e9 \u00e9v\u00e9nementielle (date limite du 15 janvier 2024 pour le placement du logo).<\/li>\n<li>Tour de quiz bonus mettant en valeur votre entreprise.<\/li>\n<li>Possibilit\u00e9 d&#039;accrocher la banni\u00e8re du sponsor lors de l&#039;\u00e9v\u00e9nement sur sc\u00e8ne derri\u00e8re les animateurs.<\/li>\n<li>Citations\/mentions en 2 \u00e9tapes lors de l&#039;\u00e9v\u00e9nement.<\/li>\n<\/ul>","protected":false},"excerpt":{"rendered":"<ul>\n<li>Nom\/logo sur la page d&#039;accueil de BHS, la newsletter et la publicit\u00e9 \u00e9v\u00e9nementielle (date limite du 15 janvier 2024 pour le placement du logo).<\/li>\n<li>Tour de quiz bonus mettant en valeur votre entreprise.<\/li>\n<li>Possibilit\u00e9 d&#039;accrocher la banni\u00e8re du sponsor lors de l&#039;\u00e9v\u00e9nement sur sc\u00e8ne derri\u00e8re les animateurs.<\/li>\n<li>Citations\/mentions en 2 \u00e9tapes lors de l&#039;\u00e9v\u00e9nement.<\/li>\n<\/ul>","protected":false},"featured_media":0,"template":"","meta":{"_price":"500","_stock":"","_tribe_ticket_header":"","_tribe_default_ticket_provider":"","_tribe_ticket_capacity":"0","_ticket_start_date":"","_ticket_end_date":"","_tribe_ticket_show_description":"","_tribe_ticket_show_not_going":false,"_tribe_ticket_use_global_stock":"","_tribe_ticket_global_stock_level":"","_global_stock_mode":"","_global_stock_cap":"","_tribe_rsvp_for_event":"","_tribe_ticket_going_count":"","_tribe_ticket_not_going_count":"","_tribe_tickets_list":"[]","_tribe_ticket_has_attendee_info_fields":false,"_tec_slr_enabled":"","_tec_slr_layout":""},"product_brand":[],"product_cat":[102],"product_tag":[],"class_list":{"0":"post-19595","1":"product","2":"type-product","3":"status-publish","5":"product_cat-trivia","7":"first","8":"instock","9":"shipping-taxable","10":"purchasable","11":"product-type-simple"},"_links":{"self":[{"href":"https:\/\/berthoudhistoricalsociety.org\/fr\/wp-json\/wp\/v2\/product\/19595","targetHints":{"allow":["GET"]}}],"collection":[{"href":"https:\/\/berthoudhistoricalsociety.org\/fr\/wp-json\/wp\/v2\/product"}],"about":[{"href":"https:\/\/berthoudhistoricalsociety.org\/fr\/wp-json\/wp\/v2\/types\/product"}],"wp:attachment":[{"href":"https:\/\/berthoudhistoricalsociety.org\/fr\/wp-json\/wp\/v2\/media?parent=19595"}],"wp:term":[{"taxonomy":"product_brand","embeddable":true,"href":"https:\/\/berthoudhistoricalsociety.org\/fr\/wp-json\/wp\/v2\/product_brand?post=19595"},{"taxonomy":"product_cat","embeddable":true,"href":"https:\/\/berthoudhistoricalsociety.org\/fr\/wp-json\/wp\/v2\/product_cat?post=19595"},{"taxonomy":"product_tag","embeddable":true,"href":"https:\/\/berthoudhistoricalsociety.org\/fr\/wp-json\/wp\/v2\/product_tag?post=19595"}],"curies":[{"name":"wp","href":"https:\/\/api.w.org\/{rel}","templated":true}]}}